{"id":979,"date":"2020-05-29T17:08:48","date_gmt":"2020-05-29T17:08:48","guid":{"rendered":"https:\/\/josegmartinez.com\/?page_id=979"},"modified":"2020-05-29T17:37:16","modified_gmt":"2020-05-29T17:37:16","slug":"episodio-3-diana-marcela-rodriguez","status":"publish","type":"page","link":"https:\/\/josegmartinez.com\/es\/episodio-3-diana-marcela-rodriguez\/","title":{"rendered":"Di\u00e1logo Sonoro \/ Episodio 3: Diana Marcela Rodriguez"},"content":{"rendered":"<div class=\"wp-block-group has-very-dark-gray-background-color has-very-light-gray-color has-text-color has-background\"><div class=\"wp-block-group__inner-container is-layout-flow wp-block-group-is-layout-flow\">\n<p class=\"has-text-align-center\"><strong>Deambulante &#8211; Desdibujada \u2013 Sosegada<\/strong><\/p>\n<\/div><\/div>\n\n\n\n<div style=\"height:20px\" aria-hidden=\"true\" class=\"wp-block-spacer\"><\/div>\n\n\n\n<p>DM R (Diana Marcela Rodriguez) naci\u00f3 y creci\u00f3 en Bogot\u00e1, Colombia, ha vivido en Miami, Boston, y actualmente reside en la ciudad de Nueva York. Ella es una compositora de m\u00fasica electroac\u00fastica, curadora art\u00edstica de las series de concierto C3 y CanvaSound, y una aficionada del anime de los 90. Diana tiene sus ra\u00edces bien puestas en la cultura pop, el folklore colombiano, y el rock en espa\u00f1ol; su trabajo ha sido presentado por artistas tales como ICE (International Contemporary Ensemble), Yarn Wire, ECCE Ensemble, Ludovico Ensemble, Boston Musica Viva, Berrow Duo, Eric Drescher y Josh Modney. Su m\u00fasica se ha escuchado en sitios como el Centro Banff para las para las artes en Canad\u00e1, el Conservatorio de Boston, la Univesidad de Colorado del Norte, el Museo de Coral Gables, y el New England Conservatory.<br>Actualmente Diana es una estudiante de doctorado en la Universidad de Columbia. Y ella realiz\u00f3 estudios de maestr\u00eda en el Boston Conservatory y pregrado en New World School of the Arts de la Universidad de Florida. Sus proyectos actuales incluyen colaboraciones con los ensambles TAK, Oasi Trio, y Alejandro Guardia.<\/p>\n\n\n\n<figure class=\"wp-block-embed-soundcloud wp-block-embed is-type-rich is-provider-soundcloud wp-embed-aspect-4-3 wp-has-aspect-ratio\"><div class=\"wp-block-embed__wrapper\">\n<iframe title=\"Dialogo Sonoro - Episodio 3. Diana Marcerla Rodriguez by Jos\u00e9 Mart\u00ednez\" width=\"525\" height=\"400\" scrolling=\"no\" frameborder=\"no\" data-src=\"https:\/\/w.soundcloud.com\/player\/?visual=true&#038;url=https%3A%2F%2Fapi.soundcloud.com%2Ftracks%2F830576281&#038;show_artwork=true&#038;maxheight=788&#038;maxwidth=525\" src=\"data:image\/gif;base64,R0lGODlhAQABAAAAACH5BAEKAAEALAAAAAABAAEAAAICTAEAOw==\" class=\"lazyload\" data-load-mode=\"1\"><\/iframe>\n<\/div><\/figure>\n\n\n\n<p style=\"font-size:14px\"><em>&nbsp;\u00bfQu\u00e9 hago en m\u00fasica? A veces la verdad no se\u2026. Pero creo y me imagino que estoy buscando un espacio donde mis preocupaciones con el rock en espa\u00f1ol, el reggaeton, la cumbia colombiana, la salsa, la m\u00fasica contempor\u00e1nea, y el joropo sean uno y no sean nada. No s\u00e9, yo me imagino, por ejemplo, que por una mil\u00e9sima de segundo mi m\u00fasica suene como Cerati pero el contexto \u201cpost-quasi-espectral\u201d desubique esta idea del sonido Soda Stereo y sea otra cosa totalmente distinta. En mi cabeza, toda la m\u00fasica que disfruto no puede y no debe tener jerarqu\u00edas. Rihanna, Boulez, Tot\u00f3 la Momposina y Todos Tus Muertos son iguales y punto. Si me trago las jerarqu\u00edas que las instituciones me imponen, mi m\u00fasica se jode.&nbsp;<\/em>\u2013 DM R<\/p>\n\n\n\n<div class=\"wp-block-image\"><figure class=\"aligncenter size-large\"><a href=\"https:\/\/open.spotify.com\/episode\/0K103vRG6FMdk9HxEKLJDT?si=lBaJDBlCRg2cANK8GpcojA\"><img decoding=\"async\" width=\"330\" height=\"80\" data-src=\"https:\/\/josegmartinez.com\/wp-content\/uploads\/2020\/05\/spotify-podcast-badge-blk-grn-330x80-4.png\" alt=\"\" class=\"wp-image-990 lazyload\" data-srcset=\"https:\/\/josegmartinez.com\/wp-content\/uploads\/2020\/05\/spotify-podcast-badge-blk-grn-330x80-4.png 330w, https:\/\/josegmartinez.com\/wp-content\/uploads\/2020\/05\/spotify-podcast-badge-blk-grn-330x80-4-300x73.png 300w\" data-sizes=\"(max-width: 330px) 100vw, 330px\" src=\"data:image\/gif;base64,R0lGODlhAQABAAAAACH5BAEKAAEALAAAAAABAAEAAAICTAEAOw==\" style=\"--smush-placeholder-width: 330px; --smush-placeholder-aspect-ratio: 330\/80;\" \/><\/a><\/figure><\/div>\n\n\n\n<p><a href=\"https:\/\/soundcloud.com\/dm_r\">Canal de SoundCloud de Diana<\/a><\/p>","protected":false},"excerpt":{"rendered":"<p>Deambulante &#8211; Desdibujada \u2013 Sosegada DM R (Diana Marcela Rodriguez) naci\u00f3 y creci\u00f3 en Bogot\u00e1, Colombia, ha vivido en Miami, Boston, y actualmente reside en la ciudad de Nueva York. Ella es una compositora de m\u00fasica electroac\u00fastica, curadora art\u00edstica de las series de concierto C3 y CanvaSound, y una aficionada del anime de los 90. &hellip; <\/p>\n<p class=\"link-more\"><a href=\"https:\/\/josegmartinez.com\/es\/episodio-3-diana-marcela-rodriguez\/\" class=\"more-link\">Continuar leyendo<span class=\"screen-reader-text\"> &#8220;Di\u00e1logo Sonoro \/ Episodio 3: Diana Marcela Rodriguez&#8221;<\/span><\/a><\/p>","protected":false},"author":1,"featured_media":0,"parent":0,"menu_order":0,"comment_status":"closed","ping_status":"closed","template":"","meta":{"jetpack_post_was_ever_published":false,"footnotes":""},"class_list":["post-979","page","type-page","status-publish","hentry"],"jetpack_sharing_enabled":true,"jetpack_shortlink":"https:\/\/wp.me\/Pc1NYo-fN","_links":{"self":[{"href":"https:\/\/josegmartinez.com\/es\/wp-json\/wp\/v2\/pages\/979","targetHints":{"allow":["GET"]}}],"collection":[{"href":"https:\/\/josegmartinez.com\/es\/wp-json\/wp\/v2\/pages"}],"about":[{"href":"https:\/\/josegmartinez.com\/es\/wp-json\/wp\/v2\/types\/page"}],"author":[{"embeddable":true,"href":"https:\/\/josegmartinez.com\/es\/wp-json\/wp\/v2\/users\/1"}],"replies":[{"embeddable":true,"href":"https:\/\/josegmartinez.com\/es\/wp-json\/wp\/v2\/comments?post=979"}],"version-history":[{"count":12,"href":"https:\/\/josegmartinez.com\/es\/wp-json\/wp\/v2\/pages\/979\/revisions"}],"predecessor-version":[{"id":1010,"href":"https:\/\/josegmartinez.com\/es\/wp-json\/wp\/v2\/pages\/979\/revisions\/1010"}],"wp:attachment":[{"href":"https:\/\/josegmartinez.com\/es\/wp-json\/wp\/v2\/media?parent=979"}],"curies":[{"name":"wp","href":"https:\/\/api.w.org\/{rel}","templated":true}]}}