{"id":810,"date":"2020-05-19T15:58:36","date_gmt":"2020-05-19T15:58:36","guid":{"rendered":"https:\/\/josegmartinez.com\/?page_id=810"},"modified":"2020-05-29T17:32:32","modified_gmt":"2020-05-29T17:32:32","slug":"dialogo-sonoro-episodio-2-sergio-cote","status":"publish","type":"page","link":"https:\/\/josegmartinez.com\/es\/dialogo-sonoro\/dialogo-sonoro-episodio-2-sergio-cote\/","title":{"rendered":"Di\u00e1logo Sonoro \/ Episodio 2 &#8211; Sergio Cote"},"content":{"rendered":"<div class=\"wp-block-group has-very-dark-gray-background-color has-very-light-gray-color has-text-color has-background\"><div class=\"wp-block-group__inner-container is-layout-flow wp-block-group-is-layout-flow\">\n<p class=\"has-text-align-center\"><strong>M\u00fasica \u2013 Pr\u00e1ctica \u2013 Pol\u00edtica<\/strong><\/p>\n<\/div><\/div>\n\n\n\n<div style=\"height:20px\" aria-hidden=\"true\" class=\"wp-block-spacer\"><\/div>\n\n\n\n<p>El trabajo de Sergio trata sobre fen\u00f3menos ac\u00fasticos y exploraciones del cuerpo humano en la m\u00fasica. La mayor\u00eda de sus piezas tambi\u00e9n abarcan una relaci\u00f3n entre el cuerpo humano, su movimiento, sus sonidos, su ubicaci\u00f3n en el escenario y la pol\u00edtica. Sus obras han sido interpretadas y encargadas por conjuntos como el International Ensemble Modern Academy (Frankfurt), Neopercusi\u00f3n (Madrid), The [Switch ~ Ensemble], Ensemble Motocontrario (Trento, Italia), Mise-en Ensemble (NYC), Ensamble Taller Sonoro (Sevilla), y la Orquesta Sinf\u00f3nica Nacional de Colombia; y presentado en festivales como Wittener Tage f\u00fcr Neue Kammermusik (Witten, Alemania), Darmst\u00e4dter Ferienkurse (Darmstadt, Alemania), Jornadas de M\u00fasica Contempor\u00e1nea (Bogot\u00e1, Colombia), El Festival de M\u00fasica Sacra de Madrid (Madrid, Espa\u00f1a), Mise-en Festival (NY, Estados Unidos), Casa tomada (La Habana, Cuba).<\/p>\n\n\n\n<figure class=\"wp-block-embed-soundcloud wp-block-embed is-type-rich is-provider-soundcloud wp-embed-aspect-4-3 wp-has-aspect-ratio\"><div class=\"wp-block-embed__wrapper\">\n<iframe title=\"Episodio 2. Sergio Cote by Jos\u00e9 Mart\u00ednez\" width=\"525\" height=\"400\" scrolling=\"no\" frameborder=\"no\" data-src=\"https:\/\/w.soundcloud.com\/player\/?visual=true&#038;url=https%3A%2F%2Fapi.soundcloud.com%2Ftracks%2F677231835&#038;show_artwork=true&#038;maxheight=788&#038;maxwidth=525\" src=\"data:image\/gif;base64,R0lGODlhAQABAAAAACH5BAEKAAEALAAAAAABAAEAAAICTAEAOw==\" class=\"lazyload\" data-load-mode=\"1\"><\/iframe>\n<\/div><\/figure>\n\n\n\n<div class=\"wp-block-image\"><figure class=\"aligncenter size-large\"><a href=\"https:\/\/open.spotify.com\/episode\/7xajxwwH8lwVV1mMYnPll4?si=qlVVPCHMTXWddUsRdFIdaA\"><img decoding=\"async\" width=\"330\" height=\"80\" data-src=\"https:\/\/josegmartinez.com\/wp-content\/uploads\/2020\/05\/spotify-podcast-badge-blk-grn-330x80-6.png\" alt=\"\" class=\"wp-image-1005 lazyload\" data-srcset=\"https:\/\/josegmartinez.com\/wp-content\/uploads\/2020\/05\/spotify-podcast-badge-blk-grn-330x80-6.png 330w, https:\/\/josegmartinez.com\/wp-content\/uploads\/2020\/05\/spotify-podcast-badge-blk-grn-330x80-6-300x73.png 300w\" data-sizes=\"(max-width: 330px) 100vw, 330px\" src=\"data:image\/gif;base64,R0lGODlhAQABAAAAACH5BAEKAAEALAAAAAABAAEAAAICTAEAOw==\" style=\"--smush-placeholder-width: 330px; --smush-placeholder-aspect-ratio: 330\/80;\" \/><\/a><\/figure><\/div>","protected":false},"excerpt":{"rendered":"<p>M\u00fasica \u2013 Pr\u00e1ctica \u2013 Pol\u00edtica El trabajo de Sergio trata sobre fen\u00f3menos ac\u00fasticos y exploraciones del cuerpo humano en la m\u00fasica. La mayor\u00eda de sus piezas tambi\u00e9n abarcan una relaci\u00f3n entre el cuerpo humano, su movimiento, sus sonidos, su ubicaci\u00f3n en el escenario y la pol\u00edtica. Sus obras han sido interpretadas y encargadas por conjuntos &hellip; <\/p>\n<p class=\"link-more\"><a href=\"https:\/\/josegmartinez.com\/es\/dialogo-sonoro\/dialogo-sonoro-episodio-2-sergio-cote\/\" class=\"more-link\">Continuar leyendo<span class=\"screen-reader-text\"> &#8220;Di\u00e1logo Sonoro \/ Episodio 2 &#8211; Sergio Cote&#8221;<\/span><\/a><\/p>","protected":false},"author":1,"featured_media":0,"parent":587,"menu_order":0,"comment_status":"closed","ping_status":"closed","template":"","meta":{"jetpack_post_was_ever_published":false,"footnotes":""},"class_list":["post-810","page","type-page","status-publish","hentry"],"jetpack_sharing_enabled":true,"jetpack_shortlink":"https:\/\/wp.me\/Pc1NYo-d4","_links":{"self":[{"href":"https:\/\/josegmartinez.com\/es\/wp-json\/wp\/v2\/pages\/810","targetHints":{"allow":["GET"]}}],"collection":[{"href":"https:\/\/josegmartinez.com\/es\/wp-json\/wp\/v2\/pages"}],"about":[{"href":"https:\/\/josegmartinez.com\/es\/wp-json\/wp\/v2\/types\/page"}],"author":[{"embeddable":true,"href":"https:\/\/josegmartinez.com\/es\/wp-json\/wp\/v2\/users\/1"}],"replies":[{"embeddable":true,"href":"https:\/\/josegmartinez.com\/es\/wp-json\/wp\/v2\/comments?post=810"}],"version-history":[{"count":3,"href":"https:\/\/josegmartinez.com\/es\/wp-json\/wp\/v2\/pages\/810\/revisions"}],"predecessor-version":[{"id":1006,"href":"https:\/\/josegmartinez.com\/es\/wp-json\/wp\/v2\/pages\/810\/revisions\/1006"}],"up":[{"embeddable":true,"href":"https:\/\/josegmartinez.com\/es\/wp-json\/wp\/v2\/pages\/587"}],"wp:attachment":[{"href":"https:\/\/josegmartinez.com\/es\/wp-json\/wp\/v2\/media?parent=810"}],"curies":[{"name":"wp","href":"https:\/\/api.w.org\/{rel}","templated":true}]}}