{"id":805,"date":"2020-05-19T15:53:32","date_gmt":"2020-05-19T15:53:32","guid":{"rendered":"https:\/\/josegmartinez.com\/?page_id=805"},"modified":"2020-05-29T17:33:57","modified_gmt":"2020-05-29T17:33:57","slug":"dialogo-sonoro-episodio-1-felipe-tovar-henao","status":"publish","type":"page","link":"https:\/\/josegmartinez.com\/es\/dialogo-sonoro\/dialogo-sonoro-episodio-1-felipe-tovar-henao\/","title":{"rendered":"Di\u00e1logo Sonoro \/ Episodio 1 &#8211; Felipe Tovar-Henao"},"content":{"rendered":"<div class=\"wp-block-group has-very-dark-gray-background-color has-very-light-gray-color has-text-color has-background\"><div class=\"wp-block-group__inner-container is-layout-flow wp-block-group-is-layout-flow\">\n<p class=\"has-text-align-center\"><strong>Tecnolog\u00eda \u2013 Filosof\u00eda \u2013 Percepci\u00f3n<\/strong><\/p>\n<\/div><\/div>\n\n\n\n<div style=\"height:20px\" aria-hidden=\"true\" class=\"wp-block-spacer\"><\/div>\n\n\n\n<p>Interesado en la tecnolog\u00eda, la filosof\u00eda, y la percepci\u00f3n. y&nbsp;caracterizado por un gran inter\u00e9s en establecer contacto con el oyente por medio de m\u00faltiples niveles perceptivos, la m\u00fasica de Felipe ha sido frecuentemente galardonada e interpretada a lo largo de su emergente carrera profesional.&nbsp;<\/p>\n\n\n\n<p>Su obra, motivada por una gran variedad de est\u00e9ticas y tendencias, involucra formatos tales como medios electroac\u00fasticos, m\u00fasica de c\u00e1mara, vocal, y orquestal. Recientemente result\u00f3 finalista del Premio Estudiantil de la Sociedad Estadounidense para la M\u00fasica Electroaco\u00fastica (SEAMUS) en 2019, y fue ganador de los premios en composici\u00f3n otorgados por SCI\/ASCAP y por la Fundaci\u00f3n Morton Gould en 2018.&nbsp;<\/p>\n\n\n\n<p>Actualmente adelanta estudios de doctorado en la Universidad de Indiana, donde se desempe\u00f1a como Instructor Asociado y coordinador dentro del Departamento de Composici\u00f3n.<\/p>\n\n\n\n<figure class=\"wp-block-embed-soundcloud wp-block-embed is-type-rich is-provider-soundcloud wp-embed-aspect-4-3 wp-has-aspect-ratio\"><div class=\"wp-block-embed__wrapper\">\n<iframe title=\"Episodio 1. Felipe Tovar-Henao by Jos\u00e9 Mart\u00ednez\" width=\"525\" height=\"400\" scrolling=\"no\" frameborder=\"no\" data-src=\"https:\/\/w.soundcloud.com\/player\/?visual=true&#038;url=https%3A%2F%2Fapi.soundcloud.com%2Ftracks%2F677198124&#038;show_artwork=true&#038;maxheight=788&#038;maxwidth=525\" src=\"data:image\/gif;base64,R0lGODlhAQABAAAAACH5BAEKAAEALAAAAAABAAEAAAICTAEAOw==\" class=\"lazyload\" data-load-mode=\"1\"><\/iframe>\n<\/div><\/figure>\n\n\n\n<div class=\"wp-block-image\"><figure class=\"aligncenter size-large\"><a href=\"https:\/\/open.spotify.com\/episode\/7DDOVP3AAw1DfqJksFREPk?si=tvxbrwwZRW2GgA1qOFfovA\"><img decoding=\"async\" width=\"330\" height=\"80\" data-src=\"https:\/\/josegmartinez.com\/wp-content\/uploads\/2020\/05\/spotify-podcast-badge-blk-grn-330x80-1.png\" alt=\"\" class=\"wp-image-973 lazyload\" data-srcset=\"https:\/\/josegmartinez.com\/wp-content\/uploads\/2020\/05\/spotify-podcast-badge-blk-grn-330x80-1.png 330w, https:\/\/josegmartinez.com\/wp-content\/uploads\/2020\/05\/spotify-podcast-badge-blk-grn-330x80-1-300x73.png 300w\" data-sizes=\"(max-width: 330px) 100vw, 330px\" src=\"data:image\/gif;base64,R0lGODlhAQABAAAAACH5BAEKAAEALAAAAAABAAEAAAICTAEAOw==\" style=\"--smush-placeholder-width: 330px; --smush-placeholder-aspect-ratio: 330\/80;\" \/><\/a><\/figure><\/div>\n\n\n\n<p><strong>Enlaces<\/strong><\/p>\n\n\n\n<p><a href=\"https:\/\/www.felipe-tovar-henao.com\/\">P\u00e1gina web de Felipe Tovar Hen\u00e1o<\/a><\/p>\n\n\n\n<p><a href=\"https:\/\/www.youtube.com\/channel\/UC3aVagLgs4lENH6VSgd_O9g\">Canal YouTube de Felipe<\/a><\/p>\n\n\n\n<p><a href=\"https:\/\/mcgill.ca\/mpcl\/files\/mpcl\/mcadams_1979_compmusj.pdf\">Art\u00edculo mencionado en el podcast \u2013&nbsp;Hearing Musical Streams de Stephen McAdams y Albert Bregman (1979)<\/a><\/p>","protected":false},"excerpt":{"rendered":"<p>Tecnolog\u00eda \u2013 Filosof\u00eda \u2013 Percepci\u00f3n Interesado en la tecnolog\u00eda, la filosof\u00eda, y la percepci\u00f3n. y&nbsp;caracterizado por un gran inter\u00e9s en establecer contacto con el oyente por medio de m\u00faltiples niveles perceptivos, la m\u00fasica de Felipe ha sido frecuentemente galardonada e interpretada a lo largo de su emergente carrera profesional.&nbsp; Su obra, motivada por una gran &hellip; <\/p>\n<p class=\"link-more\"><a href=\"https:\/\/josegmartinez.com\/es\/dialogo-sonoro\/dialogo-sonoro-episodio-1-felipe-tovar-henao\/\" class=\"more-link\">Continuar leyendo<span class=\"screen-reader-text\"> &#8220;Di\u00e1logo Sonoro \/ Episodio 1 &#8211; Felipe Tovar-Henao&#8221;<\/span><\/a><\/p>","protected":false},"author":1,"featured_media":0,"parent":587,"menu_order":0,"comment_status":"closed","ping_status":"closed","template":"","meta":{"jetpack_post_was_ever_published":false,"footnotes":""},"class_list":["post-805","page","type-page","status-publish","hentry"],"jetpack_sharing_enabled":true,"jetpack_shortlink":"https:\/\/wp.me\/Pc1NYo-cZ","_links":{"self":[{"href":"https:\/\/josegmartinez.com\/es\/wp-json\/wp\/v2\/pages\/805","targetHints":{"allow":["GET"]}}],"collection":[{"href":"https:\/\/josegmartinez.com\/es\/wp-json\/wp\/v2\/pages"}],"about":[{"href":"https:\/\/josegmartinez.com\/es\/wp-json\/wp\/v2\/types\/page"}],"author":[{"embeddable":true,"href":"https:\/\/josegmartinez.com\/es\/wp-json\/wp\/v2\/users\/1"}],"replies":[{"embeddable":true,"href":"https:\/\/josegmartinez.com\/es\/wp-json\/wp\/v2\/comments?post=805"}],"version-history":[{"count":7,"href":"https:\/\/josegmartinez.com\/es\/wp-json\/wp\/v2\/pages\/805\/revisions"}],"predecessor-version":[{"id":1007,"href":"https:\/\/josegmartinez.com\/es\/wp-json\/wp\/v2\/pages\/805\/revisions\/1007"}],"up":[{"embeddable":true,"href":"https:\/\/josegmartinez.com\/es\/wp-json\/wp\/v2\/pages\/587"}],"wp:attachment":[{"href":"https:\/\/josegmartinez.com\/es\/wp-json\/wp\/v2\/media?parent=805"}],"curies":[{"name":"wp","href":"https:\/\/api.w.org\/{rel}","templated":true}]}}