{"id":709,"date":"2020-05-15T22:33:36","date_gmt":"2020-05-15T22:33:36","guid":{"rendered":"https:\/\/josegmartinez.com\/?page_id=709"},"modified":"2024-02-02T07:08:54","modified_gmt":"2024-02-02T12:08:54","slug":"refused","status":"publish","type":"page","link":"https:\/\/josegmartinez.com\/es\/refused\/","title":{"rendered":"Rechazados"},"content":{"rendered":"<p class=\"has-text-align-right\">Cello, soprano, and percussion<\/p>\n\n\n\n<p class=\"has-text-align-right\">Texto escrito por el Gobierno Canadiense. <\/p>\n\n\n\n<p>En el 2019 planeamos un viaje a Canad\u00e1 con mi esposa, nuestra idea era ir a visitar nuestra familia en Toronto y tambi\u00e9n que you participara en Labo Montr\u00e9al y en el programa Ensemble Evolution en el Centro Banff. Nuestras visas fueron negadas y cada uno recibi\u00f3 una flagrante carta \"explicando\" el porqu\u00e9. Esto realmente nos lastim\u00f3 y nos hizo sentir una vez m\u00e1s como ciudadanos de segunda clase. Dudamos. \u00bfFue nuestro error? \u00bfCometimos alg\u00fan error en la aplicaci\u00f3n? No fue nuestra culpa, fueron las leyes de inmigraci\u00f3n las que nos detuvieron. <\/p>\n\n\n\n<p>Estuve cerca de cancelar mis planes de ir a Canad\u00e1 pero mis mentores del programa Ensemble Evolution me dieron cartas adicionales de soporte para una segunda aplicaci\u00f3n. Esta vez apliqu\u00e9 solo. Ella no quer\u00eda pasar de nueva por la decepci\u00f3n y la humillaci\u00f3n. Me dieron la visa, esta vez por cinco a\u00f1os. Primero, me niegan la entrada a un pa\u00eds, despu\u00e9s, me dan la bienvenida por cinco a\u00f1os. \u00a1Eso es una mierda!<\/p>\n\n\n\n<p>Para esta pieza utilic\u00e9 el texto de la carta que recibimos del Gobierno Canadiense. Tom\u00e9 su rechazo y lo volv\u00ed arte. Tom\u00e9 sus odio y lo convert\u00ed en lo que yo s\u00e9 hacer, m\u00fasica.<\/p>\n\n\n\n<figure class=\"wp-block-embed is-type-rich is-provider-soundcloud wp-block-embed-soundcloud wp-embed-aspect-4-3 wp-has-aspect-ratio\"><div class=\"wp-block-embed__wrapper\">\n<iframe title=\"Refused - Jos\u00e9 Mart\u00ednez by Jos\u00e9 Mart\u00ednez\" width=\"525\" height=\"400\" scrolling=\"no\" frameborder=\"no\" data-src=\"https:\/\/w.soundcloud.com\/player\/?visual=true&#038;url=https%3A%2F%2Fapi.soundcloud.com%2Ftracks%2F664342148&#038;show_artwork=true&#038;maxheight=788&#038;maxwidth=525\" src=\"data:image\/gif;base64,R0lGODlhAQABAAAAACH5BAEKAAEALAAAAAABAAEAAAICTAEAOw==\" class=\"lazyload\" data-load-mode=\"1\"><\/iframe>\n<\/div><\/figure>\n\n\n\n<div class=\"wp-block-image\"><figure class=\"aligncenter size-large is-resized\"><img decoding=\"async\" data-src=\"http:\/\/josegmartinez.com\/wp-content\/uploads\/2020\/05\/Mazumal-726x1024.jpg\" alt=\"\" class=\"wp-image-711 lazyload\" width=\"352\" height=\"496\" data-srcset=\"https:\/\/josegmartinez.com\/wp-content\/uploads\/2020\/05\/Mazumal-726x1024.jpg 726w, https:\/\/josegmartinez.com\/wp-content\/uploads\/2020\/05\/Mazumal-213x300.jpg 213w, https:\/\/josegmartinez.com\/wp-content\/uploads\/2020\/05\/Mazumal.jpg 750w\" data-sizes=\"(max-width: 352px) 100vw, 352px\" src=\"data:image\/gif;base64,R0lGODlhAQABAAAAACH5BAEKAAEALAAAAAABAAEAAAICTAEAOw==\" style=\"--smush-placeholder-width: 352px; --smush-placeholder-aspect-ratio: 352\/496;\" \/><figcaption>Aqu\u00ed estamos con Olivia y Felicia del duo Mazumal durante un ensayo en Boston.<\/figcaption><\/figure><\/div>\n\n\n\n<p>En Banff conoc\u00ed a las chicas del fant\u00e1stico duo <a href=\"https:\/\/www.mazumal.com\">Mazumal<\/a>. They have a great project called &#8220;Music with Radical Intention&#8221; with pieces written exclusively by people of color.  I have been working with Olivia and Felicia on revisions of the piece that includes electronics, and we figuring out the premiere date. More to come!<\/p>","protected":false},"excerpt":{"rendered":"<p>Cello, soprano, and percussion Lyrics by the Canadian Government. In 2019 we planned a trip to Canada with my wife, our idea was to visit our family in Toronto and around that I would attend Labo Montreal and the Ensemble Evolution Institute at the Banff Center. Our visas were refused and we each received a &hellip; <\/p>\n<p class=\"link-more\"><a href=\"https:\/\/josegmartinez.com\/es\/refused\/\" class=\"more-link\">Continuar leyendo<span class=\"screen-reader-text\"> &#8220;Refused&#8221;<\/span><\/a><\/p>","protected":false},"author":1,"featured_media":0,"parent":0,"menu_order":0,"comment_status":"closed","ping_status":"closed","template":"","meta":{"jetpack_post_was_ever_published":false,"footnotes":""},"class_list":["post-709","page","type-page","status-publish","hentry"],"jetpack_sharing_enabled":true,"jetpack_shortlink":"https:\/\/wp.me\/Pc1NYo-br","_links":{"self":[{"href":"https:\/\/josegmartinez.com\/es\/wp-json\/wp\/v2\/pages\/709","targetHints":{"allow":["GET"]}}],"collection":[{"href":"https:\/\/josegmartinez.com\/es\/wp-json\/wp\/v2\/pages"}],"about":[{"href":"https:\/\/josegmartinez.com\/es\/wp-json\/wp\/v2\/types\/page"}],"author":[{"embeddable":true,"href":"https:\/\/josegmartinez.com\/es\/wp-json\/wp\/v2\/users\/1"}],"replies":[{"embeddable":true,"href":"https:\/\/josegmartinez.com\/es\/wp-json\/wp\/v2\/comments?post=709"}],"version-history":[{"count":6,"href":"https:\/\/josegmartinez.com\/es\/wp-json\/wp\/v2\/pages\/709\/revisions"}],"predecessor-version":[{"id":1288,"href":"https:\/\/josegmartinez.com\/es\/wp-json\/wp\/v2\/pages\/709\/revisions\/1288"}],"wp:attachment":[{"href":"https:\/\/josegmartinez.com\/es\/wp-json\/wp\/v2\/media?parent=709"}],"curies":[{"name":"wp","href":"https:\/\/api.w.org\/{rel}","templated":true}]}}