{"id":598,"date":"2020-05-12T17:14:50","date_gmt":"2020-05-12T17:14:50","guid":{"rendered":"https:\/\/josegmartinez.com\/?page_id=598"},"modified":"2020-05-19T14:27:26","modified_gmt":"2020-05-19T14:27:26","slug":"the-other-salsa","status":"publish","type":"page","link":"https:\/\/josegmartinez.com\/es\/the-other-salsa\/","title":{"rendered":"La Otra Salsa"},"content":{"rendered":"<p>Este es un proyecto que lentamente fue naciendo de mis intereses en incluir algunos materiales de la cultura afrocaribe\u00f1a en mi m\u00fasica. Por ahora he escrito cinco piezas que han explorado independientemente esta avenida. A medida que crecen me voy dando cuenta que es momento de ponerlas todas juntas como un proyecto consolidado; esto es a lo que yo llamo \"La Otra Salsa.\" El rango de estas piezas es amplio y va desde ensamble grande a la improvisaci\u00f3n con electr\u00f3nica, pasando por ensambles de c\u00e1mara de diferentes tama\u00f1os. <\/p>\n\n\n\n<p>El plan para el futuro es arreglar todas las piezas para un solo ensamble, hacer un concierto, y grabarlas todas como un \u00e1lbum. \u00a1Esto est\u00e1 a\u00fan en desarrollo pero puede que pase pronto!<\/p>\n\n\n\n<p>Esta es la lista de las piezas que por ahora har\u00e1n parte de \"La Otra Salsa\":<\/p>\n\n\n\n<ul class=\"wp-block-list\"><li><a href=\"https:\/\/josegmartinez.com\/es\/music\/large-ensemble\/danzas-torridas\/\">Danzas T\u00f3rridas<\/a><\/li><li><a href=\"https:\/\/josegmartinez.com\/es\/music\/chamber-music\/illegal-cycles\/\">Ciclos Ilegales<\/a><\/li><li><a href=\"https:\/\/josegmartinez.com\/es\/music\/chamber-music\/looking-for-the-clave\/\">Buscando la Clave<\/a><\/li><li><a href=\"https:\/\/josegmartinez.com\/es\/music\/instrumentsandelectronics\/guajeos\/\">Guajeos<\/a><\/li><li><a href=\"https:\/\/josegmartinez.com\/es\/music\/instrumentsandelectronics\/elastic-skin\/\">Piel El\u00e1stica<\/a><\/li><\/ul>\n\n\n\n<hr class=\"wp-block-separator is-style-wide\"\/>\n\n\n\n<p>Estos proyectos han sido influenciados ampliamente por mi grupo de salsa <em>Hecho A Mano<\/em> , la cual empezamos en Austin con un par de amigos. De alguna manera, este grupo empez\u00f3 despu\u00e9s de mi reconciliaci\u00f3n con este g\u00e9nero, y escrib\u00ed las piezas porque me sent\u00ed enraizado y enriquecido con los varios conciertos que dimos con los muchachos. <\/p>\n\n\n\n<figure class=\"wp-block-gallery columns-2 is-cropped wp-block-gallery-1 is-layout-flex wp-block-gallery-is-layout-flex\"><ul class=\"blocks-gallery-grid\"><li class=\"blocks-gallery-item\"><figure><img decoding=\"async\" width=\"850\" height=\"567\" data-src=\"http:\/\/josegmartinez.com\/wp-content\/uploads\/2020\/05\/Ham-1-1.jpg\" alt=\"\" data-id=\"606\" data-full-url=\"http:\/\/josegmartinez.com\/wp-content\/uploads\/2020\/05\/Ham-1-1.jpg\" data-link=\"https:\/\/josegmartinez.com\/the-other-salsa\/ham-1-1\/\" class=\"wp-image-606 lazyload\" data-srcset=\"https:\/\/josegmartinez.com\/wp-content\/uploads\/2020\/05\/Ham-1-1.jpg 850w, https:\/\/josegmartinez.com\/wp-content\/uploads\/2020\/05\/Ham-1-1-300x200.jpg 300w, https:\/\/josegmartinez.com\/wp-content\/uploads\/2020\/05\/Ham-1-1-768x512.jpg 768w\" data-sizes=\"(max-width: 767px) 89vw, (max-width: 1000px) 54vw, (max-width: 1071px) 543px, 580px\" src=\"data:image\/gif;base64,R0lGODlhAQABAAAAACH5BAEKAAEALAAAAAABAAEAAAICTAEAOw==\" style=\"--smush-placeholder-width: 850px; --smush-placeholder-aspect-ratio: 850\/567;\" \/><\/figure><\/li><li class=\"blocks-gallery-item\"><figure><img decoding=\"async\" width=\"850\" height=\"565\" data-src=\"http:\/\/josegmartinez.com\/wp-content\/uploads\/2020\/05\/Ham-2-1.jpg\" alt=\"\" data-id=\"607\" data-full-url=\"http:\/\/josegmartinez.com\/wp-content\/uploads\/2020\/05\/Ham-2-1.jpg\" data-link=\"https:\/\/josegmartinez.com\/the-other-salsa\/ham-2-1\/\" class=\"wp-image-607 lazyload\" data-srcset=\"https:\/\/josegmartinez.com\/wp-content\/uploads\/2020\/05\/Ham-2-1.jpg 850w, https:\/\/josegmartinez.com\/wp-content\/uploads\/2020\/05\/Ham-2-1-300x199.jpg 300w, https:\/\/josegmartinez.com\/wp-content\/uploads\/2020\/05\/Ham-2-1-768x510.jpg 768w\" data-sizes=\"(max-width: 767px) 89vw, (max-width: 1000px) 54vw, (max-width: 1071px) 543px, 580px\" src=\"data:image\/gif;base64,R0lGODlhAQABAAAAACH5BAEKAAEALAAAAAABAAEAAAICTAEAOw==\" style=\"--smush-placeholder-width: 850px; --smush-placeholder-aspect-ratio: 850\/565;\" \/><\/figure><\/li><\/ul><figcaption class=\"blocks-gallery-caption\">En el escenario con mi grupo de salsa Hecho A Mano en Austin, Texas.<\/figcaption><\/figure>\n\n\n\n<figure class=\"wp-block-embed-youtube wp-block-embed is-type-video is-provider-youtube wp-embed-aspect-16-9 wp-has-aspect-ratio\"><div class=\"wp-block-embed__wrapper\">\n<span class=\"embed-youtube\" style=\"text-align:center; display: block;\"><iframe class=\"youtube-player lazyload\" width=\"525\" height=\"296\" data-src=\"https:\/\/www.youtube.com\/embed\/EfamUD2ebrQ?version=3&#038;rel=1&#038;showsearch=0&#038;showinfo=1&#038;iv_load_policy=1&#038;fs=1&#038;hl=es-CO&#038;autohide=2&#038;wmode=transparent\" allowfullscreen=\"true\" style=\"border:0;\" sandbox=\"allow-scripts allow-same-origin allow-popups allow-presentation allow-popups-to-escape-sandbox\" src=\"data:image\/gif;base64,R0lGODlhAQABAAAAACH5BAEKAAEALAAAAAABAAEAAAICTAEAOw==\" data-load-mode=\"1\"><\/iframe><\/span>\n<\/div><\/figure>","protected":false},"excerpt":{"rendered":"<p>This is a project that slowly grew out of my interest of utilizing some materials from the Afro Caribbean music into my works. So far I have written five pieces that independently explore this possibility. As they become more, I have come to the realization that it is time to put them all together as &hellip; <\/p>\n<p class=\"link-more\"><a href=\"https:\/\/josegmartinez.com\/es\/the-other-salsa\/\" class=\"more-link\">Continuar leyendo<span class=\"screen-reader-text\"> &#8220;The Other Salsa&#8221;<\/span><\/a><\/p>","protected":false},"author":1,"featured_media":0,"parent":0,"menu_order":0,"comment_status":"closed","ping_status":"closed","template":"","meta":{"jetpack_post_was_ever_published":false,"footnotes":""},"class_list":["post-598","page","type-page","status-publish","hentry"],"jetpack_sharing_enabled":true,"jetpack_shortlink":"https:\/\/wp.me\/Pc1NYo-9E","_links":{"self":[{"href":"https:\/\/josegmartinez.com\/es\/wp-json\/wp\/v2\/pages\/598","targetHints":{"allow":["GET"]}}],"collection":[{"href":"https:\/\/josegmartinez.com\/es\/wp-json\/wp\/v2\/pages"}],"about":[{"href":"https:\/\/josegmartinez.com\/es\/wp-json\/wp\/v2\/types\/page"}],"author":[{"embeddable":true,"href":"https:\/\/josegmartinez.com\/es\/wp-json\/wp\/v2\/users\/1"}],"replies":[{"embeddable":true,"href":"https:\/\/josegmartinez.com\/es\/wp-json\/wp\/v2\/comments?post=598"}],"version-history":[{"count":4,"href":"https:\/\/josegmartinez.com\/es\/wp-json\/wp\/v2\/pages\/598\/revisions"}],"predecessor-version":[{"id":798,"href":"https:\/\/josegmartinez.com\/es\/wp-json\/wp\/v2\/pages\/598\/revisions\/798"}],"wp:attachment":[{"href":"https:\/\/josegmartinez.com\/es\/wp-json\/wp\/v2\/media?parent=598"}],"curies":[{"name":"wp","href":"https:\/\/api.w.org\/{rel}","templated":true}]}}