{"id":593,"date":"2020-05-12T16:40:57","date_gmt":"2020-05-12T16:40:57","guid":{"rendered":"https:\/\/josegmartinez.com\/?page_id=593"},"modified":"2020-12-07T13:40:41","modified_gmt":"2020-12-07T13:40:41","slug":"software-tools","status":"publish","type":"page","link":"https:\/\/josegmartinez.com\/es\/software-tools\/","title":{"rendered":"Herramientas de Software"},"content":{"rendered":"<p>El uso de tecnolog\u00eda ha sido arte fundamental de mi proceso creative y a trav\u00e9s de varios de mis proyectos he desarrollado diferentes herramientas. Aqu\u00ed pueden encontrar algunas de ellas.<\/p>\n\n\n\n<hr class=\"wp-block-separator is-style-wide\"\/>\n\n\n\n<p><a href=\"https:\/\/josegmartinez.com\/es\/software-tools\/ppiel\/\" data-type=\"page\" data-id=\"1051\"><strong>PPIEL (P<\/strong>ercussion<strong> P<\/strong>erformance with <strong>I<\/strong>nteractive with<strong> EL<\/strong>ectronics<strong>)<\/strong><\/a><\/p>\n\n\n\n<p>Un sistema de interpretaci\u00f3n flexible para hacer procesamiento en vivo, sampleo, improvisaci\u00f3n y mucho ruido. Lo he utilizado para colaboraciones multimedia con video y danza as\u00ed como para shows en solo. <\/p>\n\n\n\n<hr class=\"wp-block-separator is-style-wide\"\/>\n\n\n\n<p><strong><a href=\"https:\/\/josegmartinez.com\/es\/software-tools\/garabato\/\" data-type=\"page\" data-id=\"1139\">Garabato (Musical Gesture Generator)<\/a><\/strong><\/p>\n\n\n\n<p>Esta herramienta permite al usuario la creaci\u00f3n de gestos musicales a trav\u00e9s de la inserci\u00f3n de par\u00e1metros como el perfil mel\u00f3dico, la curva din\u00e1mica, la longitud, y la evoluci\u00f3n t\u00edmbrica. Fue creado utilizando los paquetes de CAC (Composici\u00f3n Asistida por Computador) llamados <a href=\"https:\/\/www.bachproject.net\">bach, dada y cage<\/a> , creados para Max. Actualmente, lo estoy utilizado para una pieza escrita para <a href=\"https:\/\/splicemusic.org\/ensemble\/about\">SPLICE ensemble<\/a>. Tambi\u00e9n utiliza dos herramientas de Machine Learning para crear la evoluci\u00f3n t\u00edmbrica que son<a href=\"http:\/\/www.wekinator.org\"> Wekinator<\/a> y el <a href=\"http:\/\/ben.musicsmiths.us\/ml.phtml\">paquete ml.*<\/a> creada para Max.<\/p>\n\n\n\n<hr class=\"wp-block-separator is-style-wide\"\/>\n\n\n\n<p><strong>Patch Maestro<\/strong><\/p>\n\n\n\n<p>Este es un patch de Max que utilizado en muchas de mis piezas y fue creado teniendo el cuenta el paradigma MVC (Modelo-Vista-Controlador) que permite la separaci\u00f3n modular de las funciones de un sistema. Algunas de sus particularidades son: la implementaci\u00f3n de un presets en la totalidad del patch, sistema de ruteo interactivo, adici\u00f3n flexible de modelos de procesamiento de audio, detecci\u00f3n autom\u00e1tica de la se\u00f1al para controlar cada unidad, etc. Mi amigo <a href=\"https:\/\/www.thomasechols.com\">Thomas Echols<\/a> lo ha estado utilizando en sus conciertos tambi\u00e9n y ha sido muy interesante ver c\u00f3mo utiliza mi herramienta. <\/p>\n\n\n\n<p><a href=\"https:\/\/drive.google.com\/drive\/u\/1\/folders\/1DdwsfTltkywdqQt6J41TkyhEOIvE1fOU\">Descarga el patch aqu\u00ed.<\/a><\/p>\n\n\n\n<hr class=\"wp-block-separator is-style-wide\"\/>\n\n\n\n<p><strong>ScrubberJM<\/strong><\/p>\n\n\n\n<p>Esta es una herramienta para Max for Live que puede ser controlada usando una tableta que este corriendo <a href=\"https:\/\/cycling74.com\/products\/mira\">Mira<\/a>, <a href=\"https:\/\/hexler.net\/products\/touchosc\">TouchOSC<\/a>, o <a href=\"https:\/\/liine.net\/en\/products\/lemur\/\">Lemur<\/a>. The purpose of this tool is to allow the user to load their own samples and to perform with them by changing the speed and the pitch through a graphic user interface. This tool is part of <a href=\"https:\/\/josegmartinez.com\/es\/software-tools\/ppiel\/\" data-type=\"page\" data-id=\"1051\">PPIEL<\/a>.<\/p>\n\n\n\n<p>Pronto estar\u00e1 disponible para descarga<\/p>\n\n\n\n<hr class=\"wp-block-separator is-style-wide\"\/>","protected":false},"excerpt":{"rendered":"<p>Technology is a great part of my creative process and throughout my work I have developed some tools. Below you&#8217;ll find a brief summary of some of them. PPIEL (Percussion Performance with Interactive with ELectronics) A flexible performance system for live processing, sampling, improvisation and lots of noise-making. It has been used to develop multimedia &hellip; <\/p>\n<p class=\"link-more\"><a href=\"https:\/\/josegmartinez.com\/es\/software-tools\/\" class=\"more-link\">Continuar leyendo<span class=\"screen-reader-text\"> &#8220;Software Tools&#8221;<\/span><\/a><\/p>","protected":false},"author":1,"featured_media":0,"parent":0,"menu_order":0,"comment_status":"closed","ping_status":"closed","template":"","meta":{"jetpack_post_was_ever_published":false,"footnotes":""},"class_list":["post-593","page","type-page","status-publish","hentry"],"jetpack_sharing_enabled":true,"jetpack_shortlink":"https:\/\/wp.me\/Pc1NYo-9z","_links":{"self":[{"href":"https:\/\/josegmartinez.com\/es\/wp-json\/wp\/v2\/pages\/593","targetHints":{"allow":["GET"]}}],"collection":[{"href":"https:\/\/josegmartinez.com\/es\/wp-json\/wp\/v2\/pages"}],"about":[{"href":"https:\/\/josegmartinez.com\/es\/wp-json\/wp\/v2\/types\/page"}],"author":[{"embeddable":true,"href":"https:\/\/josegmartinez.com\/es\/wp-json\/wp\/v2\/users\/1"}],"replies":[{"embeddable":true,"href":"https:\/\/josegmartinez.com\/es\/wp-json\/wp\/v2\/comments?post=593"}],"version-history":[{"count":10,"href":"https:\/\/josegmartinez.com\/es\/wp-json\/wp\/v2\/pages\/593\/revisions"}],"predecessor-version":[{"id":1146,"href":"https:\/\/josegmartinez.com\/es\/wp-json\/wp\/v2\/pages\/593\/revisions\/1146"}],"wp:attachment":[{"href":"https:\/\/josegmartinez.com\/es\/wp-json\/wp\/v2\/media?parent=593"}],"curies":[{"name":"wp","href":"https:\/\/api.w.org\/{rel}","templated":true}]}}