{"id":531,"date":"2020-05-12T14:29:54","date_gmt":"2020-05-12T14:29:54","guid":{"rendered":"https:\/\/josegmartinez.com\/?page_id=531"},"modified":"2020-05-12T14:37:19","modified_gmt":"2020-05-12T14:37:19","slug":"about-oneself","status":"publish","type":"page","link":"https:\/\/josegmartinez.com\/es\/music\/chamber-music\/about-oneself\/","title":{"rendered":"Sobre Uno Mismo"},"content":{"rendered":"<p class=\"has-text-align-right\">Flauta solista y grupo de c\u00e1mara (Pn, Vc, Cl, Perc).<\/p>\n\n\n\n<p class=\"has-text-align-right\">Adaptaci\u00f3n para ensamble del primer movimiento del \"Mon\u00f3logo III\"<\/p>\n\n\n\n<pre class=\"wp-block-preformatted\"><em>\u201c\u2026soy otro cuando soy, los actos m\u00edos\u00a0\nson m\u00e1s m\u00edos si son tambi\u00e9n de todos,\u00a0\npara que pueda ser he de ser otro,\u00a0\nsalir de m\u00ed, buscarme entre los otros,\u00a0\nlos otros que no son si yo no existo,\u00a0\nlos otros que me dan plena existencia,\u00a0\nno soy, no hay yo, siempre somos nosotros\u2026\u201d\n\nOctavio Paz<\/em><\/pre>\n\n\n\n<p>Con estas palabras de su poema \"Piedra de Sol\" el escritor mexicano Octavio Paz, ganador del premio Novel de Literatura, indaga sobre el t\u00f3pica de la identidad y me inspir\u00f3 para empezar una nueva obra. Esta pieza funciona en conjunto con mi pieza titulada\u00a0<a href=\"https:\/\/josegmartinez.com\/es\/about-the-others\/\">\"Sobre los Otros\"<\/a>\u00a0. Durante el tiempo en que estaba escribiendo estas obras, me encontraba pensando sobre el concepto de originalidad. Decid\u00ed hacer una pieza basada en \"ideas originales\" y otra basada en las ideas de \"otras personas\". Bien, pero como produce una ideas realmente\"originales\"? Decid\u00ed improvisar y tomar el resultado tan pudo como fuese posible y as\u00ed obtener mis ideas originales. Es completamente discutible, porque siempre tiene uno influencias externas en el proceso creativo, y es casi imposible lo que ut\u00f3picamente llamamos \"arte 100% original\", pese a esto lo intent\u00e9. El resultado fue de hecho una m\u00fasica muy mel\u00f3dica y no me lo esperaba, pero fue lo que mi creatividad produjo en ese moment.<\/p>\n\n\n\n<iframe width=\"100%\" height=\"166\" scrolling=\"no\" frameborder=\"no\" allow=\"autoplay\" data-src=\"https:\/\/w.soundcloud.com\/player\/?url=https%3A\/\/api.soundcloud.com\/tracks\/110487354&#038;color=%23ff5500&#038;auto_play=false&#038;hide_related=false&#038;show_comments=true&#038;show_user=true&#038;show_reposts=false&#038;show_teaser=true\" src=\"data:image\/gif;base64,R0lGODlhAQABAAAAACH5BAEKAAEALAAAAAABAAEAAAICTAEAOw==\" class=\"lazyload\" data-load-mode=\"1\"><\/iframe>\n\n\n\n<p class=\"has-text-align-center has-small-font-size\">Estrenada por el ensamble Taller Sonoro en Bogot\u00e1, Colombia. Visita su website&nbsp;<a href=\"http:\/\/www.tallersonoro.com\/\">este enlace.<\/a>.<\/p>","protected":false},"excerpt":{"rendered":"<p>Flute solo and Chamber group (Pn, Vc, Cl, Perc.) Adaption for chamber ensemble&nbsp;of the first movement of \u201cMonologue III.\u201d \u201c\u2026soy otro cuando soy, los actos m\u00edos\u00a0 son m\u00e1s m\u00edos si son tambi\u00e9n de todos,\u00a0 para que pueda ser he de ser otro,\u00a0 salir de m\u00ed, buscarme entre los otros,\u00a0 los otros que no son si &hellip; <\/p>\n<p class=\"link-more\"><a href=\"https:\/\/josegmartinez.com\/es\/music\/chamber-music\/about-oneself\/\" class=\"more-link\">Continuar leyendo<span class=\"screen-reader-text\"> &#8220;About Oneself&#8221;<\/span><\/a><\/p>","protected":false},"author":1,"featured_media":0,"parent":230,"menu_order":0,"comment_status":"closed","ping_status":"closed","template":"","meta":{"jetpack_post_was_ever_published":false,"footnotes":""},"class_list":["post-531","page","type-page","status-publish","hentry"],"jetpack_sharing_enabled":true,"jetpack_shortlink":"https:\/\/wp.me\/Pc1NYo-8z","_links":{"self":[{"href":"https:\/\/josegmartinez.com\/es\/wp-json\/wp\/v2\/pages\/531","targetHints":{"allow":["GET"]}}],"collection":[{"href":"https:\/\/josegmartinez.com\/es\/wp-json\/wp\/v2\/pages"}],"about":[{"href":"https:\/\/josegmartinez.com\/es\/wp-json\/wp\/v2\/types\/page"}],"author":[{"embeddable":true,"href":"https:\/\/josegmartinez.com\/es\/wp-json\/wp\/v2\/users\/1"}],"replies":[{"embeddable":true,"href":"https:\/\/josegmartinez.com\/es\/wp-json\/wp\/v2\/comments?post=531"}],"version-history":[{"count":3,"href":"https:\/\/josegmartinez.com\/es\/wp-json\/wp\/v2\/pages\/531\/revisions"}],"predecessor-version":[{"id":534,"href":"https:\/\/josegmartinez.com\/es\/wp-json\/wp\/v2\/pages\/531\/revisions\/534"}],"up":[{"embeddable":true,"href":"https:\/\/josegmartinez.com\/es\/wp-json\/wp\/v2\/pages\/230"}],"wp:attachment":[{"href":"https:\/\/josegmartinez.com\/es\/wp-json\/wp\/v2\/media?parent=531"}],"curies":[{"name":"wp","href":"https:\/\/api.w.org\/{rel}","templated":true}]}}