{"id":524,"date":"2020-05-12T00:18:23","date_gmt":"2020-05-12T00:18:23","guid":{"rendered":"https:\/\/josegmartinez.com\/?page_id=524"},"modified":"2020-05-12T13:56:13","modified_gmt":"2020-05-12T13:56:13","slug":"three-aphorisms","status":"publish","type":"page","link":"https:\/\/josegmartinez.com\/es\/music\/chamber-music\/three-aphorisms\/","title":{"rendered":"Tres Aforismos"},"content":{"rendered":"<p class=\"has-text-align-right\">Clarinete, Cello, y Perc. Escrita para una grabaci\u00f3n patrocinada por la Universidad Nacional de Colombia (2014)<\/p>\n\n\n\n<p class=\"has-text-align-right\">Versi\u00f3n alterna \u2013 Flauta, Viol\u00edn, Cello, y Per.<\/p>\n\n\n\n<p> La primera vez que escuch\u00e9 la palabra <em>Aforismo<\/em> fue varios a\u00f1os atr\u00e1s cuando le\u00ed la biograf\u00eda de Dmitri Shostakovich. Viene de un grupo de peque\u00f1as piezas para piano que escribi\u00f3 en 1927. Su idea de escribir piezas breves que r\u00e1pidamente se desenvuelven alrededor de un solo tema me fascin\u00f3, y decid\u00ed pues hacerlo yo tambi\u00e9n. Esta pieza es de hecho una pieza sencilla que se puede montar r\u00e1pidamente. <\/p>\n\n\n\n<p>Esta grabaci\u00f3n fue posible a trav\u00e9s del apoyo de la Universidad Nacional de Colombia que ayud\u00f3 para la realizaci\u00f3n de un CD que presenta estudiantes y egresados de dicha entidad. El \u00e1lbum fue lanzado en el 2016.<\/p>\n\n\n\n<iframe width=\"100%\" height=\"350\" scrolling=\"no\" frameborder=\"no\" allow=\"autoplay\" data-src=\"https:\/\/w.soundcloud.com\/player\/?url=https%3A\/\/api.soundcloud.com\/playlists\/217489710&#038;color=%23ff5500&#038;auto_play=false&#038;hide_related=false&#038;show_comments=true&#038;show_user=true&#038;show_reposts=false&#038;show_teaser=true\" src=\"data:image\/gif;base64,R0lGODlhAQABAAAAACH5BAEKAAEALAAAAAABAAEAAAICTAEAOw==\" class=\"lazyload\" data-load-mode=\"1\"><\/iframe>\n\n\n\n<p>Percusi\u00f3n-Daniel Arango \/ Cello-Daniel Sebasti\u00e1n Castrill\u00f3n\/ \u00a0Clarinete-Tania Betancourt<\/p>","protected":false},"excerpt":{"rendered":"<p>Clarinet, Cello, and Perc. (2014). Written for a recording project sponsored by the National University of Colombia. Alternate Version \u2013 Flute, Violin, Cello, and Perc. First time I heard the word Aphorism was more than ten years ago when I was reading a biography of Dmitri Shostakovich. It comes from the title of \u00a0a group &hellip; <\/p>\n<p class=\"link-more\"><a href=\"https:\/\/josegmartinez.com\/es\/music\/chamber-music\/three-aphorisms\/\" class=\"more-link\">Continuar leyendo<span class=\"screen-reader-text\"> &#8220;Three Aphorisms&#8221;<\/span><\/a><\/p>","protected":false},"author":1,"featured_media":0,"parent":230,"menu_order":0,"comment_status":"closed","ping_status":"closed","template":"","meta":{"jetpack_post_was_ever_published":false,"footnotes":""},"class_list":["post-524","page","type-page","status-publish","hentry"],"jetpack_sharing_enabled":true,"jetpack_shortlink":"https:\/\/wp.me\/Pc1NYo-8s","_links":{"self":[{"href":"https:\/\/josegmartinez.com\/es\/wp-json\/wp\/v2\/pages\/524","targetHints":{"allow":["GET"]}}],"collection":[{"href":"https:\/\/josegmartinez.com\/es\/wp-json\/wp\/v2\/pages"}],"about":[{"href":"https:\/\/josegmartinez.com\/es\/wp-json\/wp\/v2\/types\/page"}],"author":[{"embeddable":true,"href":"https:\/\/josegmartinez.com\/es\/wp-json\/wp\/v2\/users\/1"}],"replies":[{"embeddable":true,"href":"https:\/\/josegmartinez.com\/es\/wp-json\/wp\/v2\/comments?post=524"}],"version-history":[{"count":3,"href":"https:\/\/josegmartinez.com\/es\/wp-json\/wp\/v2\/pages\/524\/revisions"}],"predecessor-version":[{"id":527,"href":"https:\/\/josegmartinez.com\/es\/wp-json\/wp\/v2\/pages\/524\/revisions\/527"}],"up":[{"embeddable":true,"href":"https:\/\/josegmartinez.com\/es\/wp-json\/wp\/v2\/pages\/230"}],"wp:attachment":[{"href":"https:\/\/josegmartinez.com\/es\/wp-json\/wp\/v2\/media?parent=524"}],"curies":[{"name":"wp","href":"https:\/\/api.w.org\/{rel}","templated":true}]}}