{"id":520,"date":"2020-05-12T00:09:37","date_gmt":"2020-05-12T00:09:37","guid":{"rendered":"https:\/\/josegmartinez.com\/?page_id=520"},"modified":"2020-05-12T13:55:38","modified_gmt":"2020-05-12T13:55:38","slug":"looking-for-the-clave","status":"publish","type":"page","link":"https:\/\/josegmartinez.com\/es\/music\/chamber-music\/looking-for-the-clave\/","title":{"rendered":"Buscando la Clave"},"content":{"rendered":"<p class=\"has-text-align-right\">Quinteto de Cuerdas (2015)<\/p>\n\n\n\n<p class=\"has-text-align-right\">Estenada en la Salsa de Conciertos Sheldon en St. Louis, Missouri.<\/p>\n\n\n\n<p>Para ser honesto, las sinfon\u00edas de Haydn que m\u00e1s me aguanto son esas en las que us\u00f3 algo de humor. De alguna manera se deshizo de la obligaci\u00f3n de escribir \"m\u00fasica seria\" y trat\u00f3 de divertirse a trav\u00e9s de las bromas. Tambi\u00e9n disfruto mucho cuando Shostakovich pone la seriedad a un lado y entonces incorpora una danza rusa muy r\u00e1pida en el medio, y puede uno casi que ver un grupo de cosacos bailando. Su uso de estas danzas es a ratos una broma jugada sobre su propia cultura. En mi caso, me gusta usar ritmos latinos que aprend\u00ed a bailar y a tocar durante mi crianza en Colombia. Debo admitir, sin embargo, que no siempre fueron de mi agrado, y s\u00f3lo con el tiempo llegu\u00e9 a quererlos y a apreciar su valor cultural y musical.<\/p>\n\n\n\n<p>Esta pieza fue escrita para un concierto en particular llevado a caba en la Salsa de Conciertos Sheldon en St. Louis y cuyo t\u00f3pico era la m\u00fasica latinoamericana. Mi pieza estaba en medio de Piazzolla y Villalobos \u2013 competencia \"f\u00e1cil\". Afortunadamente, Leo Brouwer no estaba en el programa porque su m\u00fasica fue b\u00e1sicamente mi inspiraci\u00f3n. Los int\u00e9rpretes fueron miembros de la Orquesta de St. Louis y les cost\u00f3 un poco lidiar con la repetitiva s\u00edncopa de la pieza. R\u00e1pido se acostumbraron a ella e hicieron un muy buen trabajo.<\/p>\n\n\n\n<iframe width=\"100%\" height=\"166\" scrolling=\"no\" frameborder=\"no\" allow=\"autoplay\" data-src=\"https:\/\/w.soundcloud.com\/player\/?url=https%3A\/\/api.soundcloud.com\/tracks\/214281572&#038;color=%23ff5500&#038;auto_play=false&#038;hide_related=false&#038;show_comments=true&#038;show_user=true&#038;show_reposts=false&#038;show_teaser=true\" src=\"data:image\/gif;base64,R0lGODlhAQABAAAAACH5BAEKAAEALAAAAAABAAEAAAICTAEAOw==\" class=\"lazyload\" data-load-mode=\"1\"><\/iframe>","protected":false},"excerpt":{"rendered":"<p>String quintet. (2015) Premiered at Sheldon Concert Hall, St. Louis, Missouri To be honest, the coolest Haydn\u2019s symphonies for me are the ones who have some kind of humor. He just got rid of that obligation of writing \u201cserious\u201d music and then tried to have fun and his outlet was humor. I also love when &hellip; <\/p>\n<p class=\"link-more\"><a href=\"https:\/\/josegmartinez.com\/es\/music\/chamber-music\/looking-for-the-clave\/\" class=\"more-link\">Continuar leyendo<span class=\"screen-reader-text\"> &#8220;Looking for the Clave&#8221;<\/span><\/a><\/p>","protected":false},"author":1,"featured_media":0,"parent":230,"menu_order":0,"comment_status":"closed","ping_status":"closed","template":"","meta":{"jetpack_post_was_ever_published":false,"footnotes":""},"class_list":["post-520","page","type-page","status-publish","hentry"],"jetpack_sharing_enabled":true,"jetpack_shortlink":"https:\/\/wp.me\/Pc1NYo-8o","_links":{"self":[{"href":"https:\/\/josegmartinez.com\/es\/wp-json\/wp\/v2\/pages\/520","targetHints":{"allow":["GET"]}}],"collection":[{"href":"https:\/\/josegmartinez.com\/es\/wp-json\/wp\/v2\/pages"}],"about":[{"href":"https:\/\/josegmartinez.com\/es\/wp-json\/wp\/v2\/types\/page"}],"author":[{"embeddable":true,"href":"https:\/\/josegmartinez.com\/es\/wp-json\/wp\/v2\/users\/1"}],"replies":[{"embeddable":true,"href":"https:\/\/josegmartinez.com\/es\/wp-json\/wp\/v2\/comments?post=520"}],"version-history":[{"count":2,"href":"https:\/\/josegmartinez.com\/es\/wp-json\/wp\/v2\/pages\/520\/revisions"}],"predecessor-version":[{"id":522,"href":"https:\/\/josegmartinez.com\/es\/wp-json\/wp\/v2\/pages\/520\/revisions\/522"}],"up":[{"embeddable":true,"href":"https:\/\/josegmartinez.com\/es\/wp-json\/wp\/v2\/pages\/230"}],"wp:attachment":[{"href":"https:\/\/josegmartinez.com\/es\/wp-json\/wp\/v2\/media?parent=520"}],"curies":[{"name":"wp","href":"https:\/\/api.w.org\/{rel}","templated":true}]}}