{"id":513,"date":"2020-05-11T23:24:37","date_gmt":"2020-05-11T23:24:37","guid":{"rendered":"https:\/\/josegmartinez.com\/?page_id=513"},"modified":"2020-05-16T20:28:27","modified_gmt":"2020-05-16T20:28:27","slug":"illegal-cycles","status":"publish","type":"page","link":"https:\/\/josegmartinez.com\/es\/music\/chamber-music\/illegal-cycles\/","title":{"rendered":"Ciclos Ilegales (versi\u00f3n de c\u00e1mara)"},"content":{"rendered":"<p class=\"has-text-align-right\">Ensamble Pierrot (fl, fl, vln, vcl, Pno, Perc). (2015)<\/p>\n\n\n\n<p class=\"has-text-align-right\">Originalmente escrita para wildUp. Arreglada para el Ensamble de Nueva M\u00fasica de Missouri.<\/p>\n\n\n\n<div class=\"wp-block-columns is-layout-flex wp-container-core-columns-is-layout-9d6595d7 wp-block-columns-is-layout-flex\">\n<div class=\"wp-block-column is-layout-flow wp-block-column-is-layout-flow\">\n<div style=\"height:37px\" aria-hidden=\"true\" class=\"wp-block-spacer\"><\/div>\n\n\n\n<p>Existe siempre esa oportunidad \u00fanica de escribir para tus amigos cercanos. Hice este arreglo para sex grandiosos m\u00fasicos que tocaron conmigo en el <a href=\"https:\/\/newmusic.missouri.edu\/people\/ensembles\">Ensamble de Nueva M\u00fasica en Mizzou<\/a>. Mi profesor\/mentor, Stefan Freund puso su intensa energ\u00eda en la pieza para hacerla sonar justo como deb\u00eda ser.<\/p>\n<\/div>\n\n\n\n<div class=\"wp-block-column is-layout-flow wp-block-column-is-layout-flow\">\n<figure class=\"wp-block-image size-large\"><img decoding=\"async\" width=\"640\" height=\"429\" data-src=\"http:\/\/josegmartinez.com\/wp-content\/uploads\/2020\/05\/mnme2015-16-columns20-crop-small.jpg\" alt=\"\" class=\"wp-image-516 lazyload\" data-srcset=\"https:\/\/josegmartinez.com\/wp-content\/uploads\/2020\/05\/mnme2015-16-columns20-crop-small.jpg 640w, https:\/\/josegmartinez.com\/wp-content\/uploads\/2020\/05\/mnme2015-16-columns20-crop-small-300x201.jpg 300w\" data-sizes=\"(max-width: 640px) 100vw, 640px\" src=\"data:image\/gif;base64,R0lGODlhAQABAAAAACH5BAEKAAEALAAAAAABAAEAAAICTAEAOw==\" style=\"--smush-placeholder-width: 640px; --smush-placeholder-aspect-ratio: 640\/429;\" \/><figcaption>El Ensamble de Nueva M\u00fasica de Mizzou en el 2015.<\/figcaption><\/figure>\n<\/div>\n<\/div>\n\n\n\n<p>Algunas ideas sobre la pieza:<\/p>\n\n\n\n<p><em>\"Hay quiz\u00e1 una manera simple de describir esta pieza. Ponte tus aud\u00edfonos. En un lado escucha , digamos, Lutoslawski o Cage. En el otro lado escucha la Fania All-Stars o tu orquesta de salsa o grupo de jazz latino favorito. Inicialmente tu cabeza puede no estar muy a gusto con la combinaci\u00f3n, pero sigue escuchando. A ratos escuchar\u00e1s un sonido aleatorio y ruidoso, a ratos tu cuerpo responder\u00e1 llevando el ritmo con el pie. Puede que escuches partes que se van entendiendo y que llegan a sonar como una unidad. 'Ciclos Ilegales' es un intento de contaminar la salsa con algo de ruido, y a mismo tiempo, the buscar el sabor en el sonido experimental de la m\u00fasica improvisada. Para m\u00ed, esta pieza es un subproducto de nuestro mundo post-postmodern, en el cual las barreras art\u00edsticas entre g\u00e9neros musicales est\u00e1n cada vez menos definidas. <\/em><\/p>\n\n\n\n<iframe width=\"100%\" height=\"166\" scrolling=\"no\" frameborder=\"no\" allow=\"autoplay\" data-src=\"https:\/\/w.soundcloud.com\/player\/?url=https%3A\/\/api.soundcloud.com\/tracks\/231005626&amp;color=%23ff5500&amp;auto_play=false&amp;hide_related=false&amp;show_comments=true&amp;show_user=true&amp;show_reposts=false&amp;show_teaser=true\" src=\"data:image\/gif;base64,R0lGODlhAQABAAAAACH5BAEKAAEALAAAAAABAAEAAAICTAEAOw==\" class=\"lazyload\" data-load-mode=\"1\"><\/iframe>","protected":false},"excerpt":{"rendered":"<p>Pierrot ensemble (Fl, Cl, Vln, Vcl, Pno, Perc). (2015) Originally written for Wild Up. Arranged for Mizzou NME There is always that unique chance you have to write for your close friends. I did this arrangement&nbsp;for the six great musicians who played with me in the New Music Ensemble at Mizzou. My teacher\/mentor Stefan Freund &hellip; <\/p>\n<p class=\"link-more\"><a href=\"https:\/\/josegmartinez.com\/es\/music\/chamber-music\/illegal-cycles\/\" class=\"more-link\">Continuar leyendo<span class=\"screen-reader-text\"> &#8220;Illegal Cycles (chamber version)&#8221;<\/span><\/a><\/p>","protected":false},"author":1,"featured_media":0,"parent":230,"menu_order":0,"comment_status":"closed","ping_status":"closed","template":"","meta":{"jetpack_post_was_ever_published":false,"footnotes":""},"class_list":["post-513","page","type-page","status-publish","hentry"],"jetpack_sharing_enabled":true,"jetpack_shortlink":"https:\/\/wp.me\/Pc1NYo-8h","_links":{"self":[{"href":"https:\/\/josegmartinez.com\/es\/wp-json\/wp\/v2\/pages\/513","targetHints":{"allow":["GET"]}}],"collection":[{"href":"https:\/\/josegmartinez.com\/es\/wp-json\/wp\/v2\/pages"}],"about":[{"href":"https:\/\/josegmartinez.com\/es\/wp-json\/wp\/v2\/types\/page"}],"author":[{"embeddable":true,"href":"https:\/\/josegmartinez.com\/es\/wp-json\/wp\/v2\/users\/1"}],"replies":[{"embeddable":true,"href":"https:\/\/josegmartinez.com\/es\/wp-json\/wp\/v2\/comments?post=513"}],"version-history":[{"count":7,"href":"https:\/\/josegmartinez.com\/es\/wp-json\/wp\/v2\/pages\/513\/revisions"}],"predecessor-version":[{"id":729,"href":"https:\/\/josegmartinez.com\/es\/wp-json\/wp\/v2\/pages\/513\/revisions\/729"}],"up":[{"embeddable":true,"href":"https:\/\/josegmartinez.com\/es\/wp-json\/wp\/v2\/pages\/230"}],"wp:attachment":[{"href":"https:\/\/josegmartinez.com\/es\/wp-json\/wp\/v2\/media?parent=513"}],"curies":[{"name":"wp","href":"https:\/\/api.w.org\/{rel}","templated":true}]}}