{"id":508,"date":"2020-05-11T23:13:26","date_gmt":"2020-05-11T23:13:26","guid":{"rendered":"https:\/\/josegmartinez.com\/?page_id=508"},"modified":"2020-05-12T13:56:13","modified_gmt":"2020-05-12T13:56:13","slug":"uneven-portraits","status":"publish","type":"page","link":"https:\/\/josegmartinez.com\/es\/music\/chamber-music\/uneven-portraits\/","title":{"rendered":"Retratos Desiguales"},"content":{"rendered":"<p class=\"has-text-align-right\">Cuarteto de saxofones. Escrita para Joe Rulli y el cuarteto del saxofones Ellision. (2015)<\/p>\n\n\n\n<p> Esta pieza tiene cinco movimientos, tres de ellos est\u00e1n titulados \"Ciclos\". Estos son patrones sincopados que se repiten m\u00faltiples veces en referencia abierta a la m\u00fasica popular y a la danza. Para los otros movimientos contratantes utilic\u00e9 la cifra 5.405.629 para crear las l\u00edneas mel\u00f3dicas y las armon\u00edas, este cifra hace referencia a la cantidad de v\u00edctimas del conflicto armado Colombiano oficialmente reportadas por el gobierno. Estos dos movimientos son un homenaje a estas personas. El reporte se puede visitar en\u00a0<a href=\"http:\/\/www.semana.com\/especiales\/proyectovictimas\/\">este enlace.<\/a>\u00a0(only Spanish).<\/p>\n\n\n\n<div class=\"wp-block-image\"><figure class=\"aligncenter\"><img decoding=\"async\" data-src=\"https:\/\/josemartinezcomposer.files.wordpress.com\/2015\/09\/20150425_173115.jpg?w=329&amp;h=185\" alt=\"20150425_173115\" class=\"wp-image-1021 lazyload\" src=\"data:image\/gif;base64,R0lGODlhAQABAAAAACH5BAEKAAEALAAAAAABAAEAAAICTAEAOw==\" \/><figcaption>El cuarteto de saxofones Ellision durante la grabaci\u00f3n de la pieza.<\/figcaption><\/figure><\/div>\n\n\n\n<iframe width=\"100%\" height=\"400\" scrolling=\"no\" frameborder=\"no\" allow=\"autoplay\" data-src=\"https:\/\/w.soundcloud.com\/player\/?url=https%3A\/\/api.soundcloud.com\/playlists\/95789803&#038;color=%23ff5500&#038;auto_play=false&#038;hide_related=false&#038;show_comments=true&#038;show_user=true&#038;show_reposts=false&#038;show_teaser=true\" src=\"data:image\/gif;base64,R0lGODlhAQABAAAAACH5BAEKAAEALAAAAAABAAEAAAICTAEAOw==\" class=\"lazyload\" data-load-mode=\"1\"><\/iframe>","protected":false},"excerpt":{"rendered":"<p>Sax quartet. Written for Joe Rulli and Ellision sax quartet. (2015) This piece has five movements, three of them are titled &#8220;Cycles.&#8221; These syncopated patterns, repeat multiple times in an open reference to popular music also creating a reference to dance. For the the other two contrasting movements, \u201cVictims\u201d and \u201cEmptiness,\u201d I used the number &hellip; <\/p>\n<p class=\"link-more\"><a href=\"https:\/\/josegmartinez.com\/es\/music\/chamber-music\/uneven-portraits\/\" class=\"more-link\">Continuar leyendo<span class=\"screen-reader-text\"> &#8220;Uneven Portraits&#8221;<\/span><\/a><\/p>","protected":false},"author":1,"featured_media":0,"parent":230,"menu_order":0,"comment_status":"closed","ping_status":"closed","template":"","meta":{"jetpack_post_was_ever_published":false,"footnotes":""},"class_list":["post-508","page","type-page","status-publish","hentry"],"jetpack_sharing_enabled":true,"jetpack_shortlink":"https:\/\/wp.me\/Pc1NYo-8c","_links":{"self":[{"href":"https:\/\/josegmartinez.com\/es\/wp-json\/wp\/v2\/pages\/508","targetHints":{"allow":["GET"]}}],"collection":[{"href":"https:\/\/josegmartinez.com\/es\/wp-json\/wp\/v2\/pages"}],"about":[{"href":"https:\/\/josegmartinez.com\/es\/wp-json\/wp\/v2\/types\/page"}],"author":[{"embeddable":true,"href":"https:\/\/josegmartinez.com\/es\/wp-json\/wp\/v2\/users\/1"}],"replies":[{"embeddable":true,"href":"https:\/\/josegmartinez.com\/es\/wp-json\/wp\/v2\/comments?post=508"}],"version-history":[{"count":4,"href":"https:\/\/josegmartinez.com\/es\/wp-json\/wp\/v2\/pages\/508\/revisions"}],"predecessor-version":[{"id":512,"href":"https:\/\/josegmartinez.com\/es\/wp-json\/wp\/v2\/pages\/508\/revisions\/512"}],"up":[{"embeddable":true,"href":"https:\/\/josegmartinez.com\/es\/wp-json\/wp\/v2\/pages\/230"}],"wp:attachment":[{"href":"https:\/\/josegmartinez.com\/es\/wp-json\/wp\/v2\/media?parent=508"}],"curies":[{"name":"wp","href":"https:\/\/api.w.org\/{rel}","templated":true}]}}