{"id":499,"date":"2020-05-11T22:36:20","date_gmt":"2020-05-11T22:36:20","guid":{"rendered":"https:\/\/josegmartinez.com\/?page_id=499"},"modified":"2020-05-12T13:55:38","modified_gmt":"2020-05-12T13:55:38","slug":"instruction-manual","status":"publish","type":"page","link":"https:\/\/josegmartinez.com\/es\/music\/chamber-music\/instruction-manual\/","title":{"rendered":"Manual de Instrucciones"},"content":{"rendered":"<p class=\"has-text-align-right\">Quinteto de Cuerdas. Comisionada por la sala de conciertos Sheldon en St. Louis, Missouri. (2016)<\/p>\n\n\n\n<p>Y una vez m\u00e1s, mi h\u00e9roe Julio Cort\u00e1zar (El Cronopio Mayor) me ayud\u00f3 a escribir m\u00fasica. Este grupo de cuatro piezas fueron inspiradas en el primero cap\u00edtulo de su libro \"Historias de Cronopios y Famas\". En estos cuentos, Cort\u00e1zar escribi\u00f3 varias tareas a veces absurdas y a veces diarias, entre otras est\u00e1n <em>Instrucciones para entender tres pinturas famosas<\/em>, <em>Instrucciones para subir una escalera<\/em>, y <em>Instrucciones para matar hormigas en Roma<\/em>. Para esta pieza, decid\u00ed usar dos de ellas que me parecieron ten\u00edan un buen potencial expresivo a trav\u00e9s de la m\u00fasica, fueron <em>Instrucciones para llorar<\/em> y <em>Instrucciones para cantar<\/em>. Particularly, I was surprised by the detailed description of many aspects that we take for granted when we execute these regular tasks. I found myself closely following Cortazar&#8217;s writing and performing the tasks along. The two other movements and tasks are my own invention, and can be thought as abstract music accompaniment for their execution. <\/p>\n\n\n\n<p>Igual a otros casos en que artistas usan referencias externas, estos usos no son nada m\u00e1s que una reinterpretaci\u00f3n de conceptos, un nuevo contexto para ideas ya existentes, quiz\u00e1, una simple excusa para la creatividad. Pese a esto y a pesar de que la m\u00fasica favorita de Cort\u00e1zar era le jazz, Julio siempre se refiere mucho a la m\u00fasica del siglo XX en sus obras; a lo mejor a \u00e9l le podr\u00eda gustar mi pieza, pero nunca lo sabremos. <\/p>\n\n\n\n<iframe width=\"100%\" height=\"350\" scrolling=\"no\" frameborder=\"no\" allow=\"autoplay\" data-src=\"https:\/\/w.soundcloud.com\/player\/?url=https%3A\/\/api.soundcloud.com\/playlists\/217482709&#038;color=%23ff5500&#038;auto_play=false&#038;hide_related=false&#038;show_comments=true&#038;show_user=true&#038;show_reposts=false&#038;show_teaser=true\" src=\"data:image\/gif;base64,R0lGODlhAQABAAAAACH5BAEKAAEALAAAAAABAAEAAAICTAEAOw==\" class=\"lazyload\" data-load-mode=\"1\"><\/iframe>\n\n\n\n<p class=\"has-text-align-center has-small-font-size\">Cort\u00e1zar image by <a href=\"https:\/\/www.sarafratini.com\">Sara Fratini<\/a><\/p>\n\n\n\n<p>El estreno estuvo a cargo del violinista David Halen (concertino de la Orquesta de St. Louis) y la talentosa pianista Adria Ye.<\/p>","protected":false},"excerpt":{"rendered":"<p>Piano and Violin. Commissioned by Sheldon Concert Hall, \u00a0St. Louis, MO. (2016) And once again, my hero Julio Cort\u00e1zar (El Cronopio Mayor [The Ultimate Cronopio]) helped me write music. This group of four pieces are inspired by the chapter with the same name from his book \u201cHistorias de Cronopios y Famas\u201d [Stories of Cronopios and &hellip; <\/p>\n<p class=\"link-more\"><a href=\"https:\/\/josegmartinez.com\/es\/music\/chamber-music\/instruction-manual\/\" class=\"more-link\">Continuar leyendo<span class=\"screen-reader-text\"> &#8220;Instruction Manual&#8221;<\/span><\/a><\/p>","protected":false},"author":1,"featured_media":0,"parent":230,"menu_order":0,"comment_status":"closed","ping_status":"closed","template":"","meta":{"jetpack_post_was_ever_published":false,"footnotes":""},"class_list":["post-499","page","type-page","status-publish","hentry"],"jetpack_sharing_enabled":true,"jetpack_shortlink":"https:\/\/wp.me\/Pc1NYo-83","_links":{"self":[{"href":"https:\/\/josegmartinez.com\/es\/wp-json\/wp\/v2\/pages\/499","targetHints":{"allow":["GET"]}}],"collection":[{"href":"https:\/\/josegmartinez.com\/es\/wp-json\/wp\/v2\/pages"}],"about":[{"href":"https:\/\/josegmartinez.com\/es\/wp-json\/wp\/v2\/types\/page"}],"author":[{"embeddable":true,"href":"https:\/\/josegmartinez.com\/es\/wp-json\/wp\/v2\/users\/1"}],"replies":[{"embeddable":true,"href":"https:\/\/josegmartinez.com\/es\/wp-json\/wp\/v2\/comments?post=499"}],"version-history":[{"count":6,"href":"https:\/\/josegmartinez.com\/es\/wp-json\/wp\/v2\/pages\/499\/revisions"}],"predecessor-version":[{"id":507,"href":"https:\/\/josegmartinez.com\/es\/wp-json\/wp\/v2\/pages\/499\/revisions\/507"}],"up":[{"embeddable":true,"href":"https:\/\/josegmartinez.com\/es\/wp-json\/wp\/v2\/pages\/230"}],"wp:attachment":[{"href":"https:\/\/josegmartinez.com\/es\/wp-json\/wp\/v2\/media?parent=499"}],"curies":[{"name":"wp","href":"https:\/\/api.w.org\/{rel}","templated":true}]}}