{"id":485,"date":"2020-05-10T00:33:36","date_gmt":"2020-05-10T00:33:36","guid":{"rendered":"https:\/\/josegmartinez.com\/?page_id=485"},"modified":"2020-05-15T16:24:57","modified_gmt":"2020-05-15T16:24:57","slug":"suamox","status":"publish","type":"page","link":"https:\/\/josegmartinez.com\/es\/music\/percussion-music\/suamox\/","title":{"rendered":"Suamox"},"content":{"rendered":"<p class=\"has-text-align-right\">Vibr\u00e1fono y Marimba (2008)<\/p>\n\n\n\n<p class=\"has-text-align-right\">Premio Nacional de Composici\u00f3n para J\u00f3venes Compositores (2008)<a href=\"https:\/\/josemartinezcomposer.files.wordpress.com\/2015\/01\/1919163_237634733101_6324310_n.jpg\"><\/a><\/p>\n\n\n\n<p>En varias ocasiones he escuchado a compositores decir \"esta pieza me hizo un compositor\", el tan famoso opus 1. A ratos, considero\u00a0<em>Suamox<\/em>\u00a0como esto para m\u00ed, fue la primer pieza que escrib\u00ed y de la cual me sent\u00ed orgulloso. Como es usual con int\u00e9rpretes que tambi\u00e9n son compositores, la primer pieza est\u00e1 escrita para uno mismo, y este es el caso.<\/p>\n\n\n\n<div class=\"wp-block-columns is-layout-flex wp-container-core-columns-is-layout-9d6595d7 wp-block-columns-is-layout-flex\">\n<div class=\"wp-block-column is-layout-flow wp-block-column-is-layout-flow\" style=\"flex-basis:66.66%\">\n<p>La historia detr\u00e1s del t\u00edtulo es que all\u00e1 en el 2010 mi pa\u00eds (y muchos otros en Latinoam\u00e9rica) celebraban el segundo centenario de la independencia y hab\u00eda mucho \u00e9nfasis en la herencia ind\u00edgena y la cultura local en el aire. Influenciado por esta celebaci\u00f3n, le puse m\u00fasica a la triste historia de\u00a0<em>Suamox.\u00a0<\/em>Hab\u00eda una vez un templo en el cual los Nativos (Muiscas) utilizaban para adorar al sol (Sus:Sol Mox:Casa). Este templo estaba fant\u00e1sticamente ornamentado con piezas de oro y era el centro religioso de la tribu. En 1537, los conquistadores espa\u00f1oles atacaron el templo hurtando todas las riquezas. Asesinaron a cientos de nativos y quemaron el lugar sagrado completamente. Actualmente, existe un museo in situ, que preserva la memoria y el herencia Muisca, miren este\u00a0<a href=\"https:\/\/pueblosoriginarios.com\/sur\/caribe\/muisca\/sogamoso.html\">enlace.<\/a>.<\/p>\n<\/div>\n\n\n\n<div class=\"wp-block-column is-layout-flow wp-block-column-is-layout-flow\" style=\"flex-basis:33.33%\">\n<figure class=\"wp-block-image size-large\"><img decoding=\"async\" width=\"604\" height=\"453\" data-src=\"http:\/\/josegmartinez.com\/wp-content\/uploads\/2020\/05\/Suamox.jpg\" alt=\"\" class=\"wp-image-486 lazyload\" data-srcset=\"https:\/\/josegmartinez.com\/wp-content\/uploads\/2020\/05\/Suamox.jpg 604w, https:\/\/josegmartinez.com\/wp-content\/uploads\/2020\/05\/Suamox-300x225.jpg 300w\" data-sizes=\"(max-width: 604px) 100vw, 604px\" src=\"data:image\/gif;base64,R0lGODlhAQABAAAAACH5BAEKAAEALAAAAAABAAEAAAICTAEAOw==\" style=\"--smush-placeholder-width: 604px; --smush-placeholder-aspect-ratio: 604\/453;\" \/><figcaption>Grabaci\u00f3n de Suamox, 2009. Con el percusionista Eduardo Caicedo (en el medio y nuestro ingeniero de sonido (derecha).<\/figcaption><\/figure>\n<\/div>\n<\/div>\n\n\n\n<hr class=\"wp-block-separator is-style-wide\"\/>\n\n\n\n<iframe width=\"100%\" height=\"350\" scrolling=\"no\" frameborder=\"no\" allow=\"autoplay\" data-src=\"https:\/\/w.soundcloud.com\/player\/?url=https%3A\/\/api.soundcloud.com\/playlists\/70925228&amp;color=%23ff5500&amp;auto_play=false&amp;hide_related=false&amp;show_comments=true&amp;show_user=true&amp;show_reposts=false&amp;show_teaser=true\" src=\"data:image\/gif;base64,R0lGODlhAQABAAAAACH5BAEKAAEALAAAAAABAAEAAAICTAEAOw==\" class=\"lazyload\" data-load-mode=\"1\"><\/iframe>","protected":false},"excerpt":{"rendered":"<p>Vibraphone and Marimba. (2009) National Composition Prize for young composers in Colombia 2008 I have heard multiple times composers said &#8220;that piece made me a composer,&#8221; the so-called opus No. 1. If any,\u00a0I consider\u00a0Suamox\u00a0to be that for me, it was the first piece I wrote and that I was proud of. As usual for performers &hellip; <\/p>\n<p class=\"link-more\"><a href=\"https:\/\/josegmartinez.com\/es\/music\/percussion-music\/suamox\/\" class=\"more-link\">Continuar leyendo<span class=\"screen-reader-text\"> &#8220;Suamox&#8221;<\/span><\/a><\/p>","protected":false},"author":1,"featured_media":0,"parent":216,"menu_order":0,"comment_status":"closed","ping_status":"closed","template":"","meta":{"jetpack_post_was_ever_published":false,"footnotes":""},"class_list":["post-485","page","type-page","status-publish","hentry"],"jetpack_sharing_enabled":true,"jetpack_shortlink":"https:\/\/wp.me\/Pc1NYo-7P","_links":{"self":[{"href":"https:\/\/josegmartinez.com\/es\/wp-json\/wp\/v2\/pages\/485","targetHints":{"allow":["GET"]}}],"collection":[{"href":"https:\/\/josegmartinez.com\/es\/wp-json\/wp\/v2\/pages"}],"about":[{"href":"https:\/\/josegmartinez.com\/es\/wp-json\/wp\/v2\/types\/page"}],"author":[{"embeddable":true,"href":"https:\/\/josegmartinez.com\/es\/wp-json\/wp\/v2\/users\/1"}],"replies":[{"embeddable":true,"href":"https:\/\/josegmartinez.com\/es\/wp-json\/wp\/v2\/comments?post=485"}],"version-history":[{"count":5,"href":"https:\/\/josegmartinez.com\/es\/wp-json\/wp\/v2\/pages\/485\/revisions"}],"predecessor-version":[{"id":677,"href":"https:\/\/josegmartinez.com\/es\/wp-json\/wp\/v2\/pages\/485\/revisions\/677"}],"up":[{"embeddable":true,"href":"https:\/\/josegmartinez.com\/es\/wp-json\/wp\/v2\/pages\/216"}],"wp:attachment":[{"href":"https:\/\/josegmartinez.com\/es\/wp-json\/wp\/v2\/media?parent=485"}],"curies":[{"name":"wp","href":"https:\/\/api.w.org\/{rel}","templated":true}]}}