{"id":481,"date":"2020-05-10T00:26:34","date_gmt":"2020-05-10T00:26:34","guid":{"rendered":"https:\/\/josegmartinez.com\/?page_id=481"},"modified":"2020-05-15T15:52:46","modified_gmt":"2020-05-15T15:52:46","slug":"cyclic-variations","status":"publish","type":"page","link":"https:\/\/josegmartinez.com\/es\/music\/percussion-music\/cyclic-variations\/","title":{"rendered":"Variaciones C\u00edclicas"},"content":{"rendered":"<p class=\"has-text-align-right\">Cuarteto de Marimbas (2015) <\/p>\n\n\n\n<p class=\"has-text-align-right\">Estrenada en Medell\u00edn por la c\u00e1tedra de Alejando Ru\u00edz.<\/p>\n\n\n\n<p>La mayor\u00eda de las piezas nacen con un sonido espec\u00edfico y una instrumentaci\u00f3n en mente. Algunas veces los instrumentos son los que se tienen a mano y por eso se escogen. A medida que las m\u00fasica se desenvuelven inevitablemente  los sonidos emigran hacia otras dependencias, y estas inquietudes persiguen quiz\u00e1 un objetivo m\u00e1s enriquecedor. A veces este conlleva una lucha interna, pero la m\u00fasica siempre vence, no vale la pena opon\u00e9rsele.<\/p>\n\n\n\n<p>Despu\u00e9s de escuchar mi cuarteto de sax\u00f3fonos&nbsp;<em>Retratos Desiguales<\/em>&nbsp;tuve la sensaci\u00f3n que esta pieza deb\u00eda ser para cuatro marimbas y no cuatro saxof\u00f3nes. Me cost\u00f3 un poco porque son instrumentos bien diferentes y realmente me gustaba el resultado que ten\u00eda. Pero, yo no quer\u00eda escribir nueva m\u00fasica, quer\u00eda escuchar la ya existente en otros instrumentos. Despu\u00e9s de mucho pensar decid\u00ed reescribir tres de los movimientos para cuarteto de marimbas.<\/p>\n\n\n\n<div class=\"wp-block-image\"><figure class=\"alignright\"><img decoding=\"async\" data-src=\"https:\/\/josemartinezcomposer.files.wordpress.com\/2016\/01\/marimbas-1.jpg?w=465&amp;h=223\" alt=\"Marimbas - 1\" class=\"wp-image-1040 lazyload\" src=\"data:image\/gif;base64,R0lGODlhAQABAAAAACH5BAEKAAEALAAAAAABAAEAAAICTAEAOw==\" \/><figcaption>Ensayo por Skype con el grupo dirigido por Alejandro.<\/figcaption><\/figure><\/div>\n\n\n\n<p>Le mand\u00e9 la nueva versi\u00f3n a Alejandro Ru\u00edz para un concierto con sus estudiantes. Fue que entretenido ensayar con ellos a trav\u00e9s de videollamadas.<\/p>\n\n\n\n<p>Abajo est\u00e1 una interpretaci\u00f3n del grupo de percusi\u00f3n de la Universidad del Sur de la Florida en Tampa. <\/p>\n\n\n\n<hr class=\"wp-block-separator is-style-wide\"\/>\n\n\n\n<p class=\"has-text-align-center has-small-font-size\">Int\u00e9rpretes: Jessyca Rose, Kyle Spence, Nicolas Remy, and Sherry Donataccio.<\/p>\n\n\n\n<figure class=\"wp-block-embed-youtube wp-block-embed is-type-video is-provider-youtube wp-embed-aspect-16-9 wp-has-aspect-ratio\"><div class=\"wp-block-embed__wrapper\">\n<span class=\"embed-youtube\" style=\"text-align:center; display: block;\"><iframe class=\"youtube-player lazyload\" width=\"525\" height=\"296\" data-src=\"https:\/\/www.youtube.com\/embed\/Fd6_RDgfEoo?version=3&#038;rel=1&#038;showsearch=0&#038;showinfo=1&#038;iv_load_policy=1&#038;fs=1&#038;hl=es-CO&#038;autohide=2&#038;wmode=transparent\" allowfullscreen=\"true\" style=\"border:0;\" sandbox=\"allow-scripts allow-same-origin allow-popups allow-presentation allow-popups-to-escape-sandbox\" src=\"data:image\/gif;base64,R0lGODlhAQABAAAAACH5BAEKAAEALAAAAAABAAEAAAICTAEAOw==\" data-load-mode=\"1\"><\/iframe><\/span>\n<\/div><\/figure>\n\n\n\n<figure class=\"wp-block-embed-youtube wp-block-embed is-type-video is-provider-youtube wp-embed-aspect-16-9 wp-has-aspect-ratio\"><div class=\"wp-block-embed__wrapper\">\n<span class=\"embed-youtube\" style=\"text-align:center; display: block;\"><iframe class=\"youtube-player lazyload\" width=\"525\" height=\"296\" data-src=\"https:\/\/www.youtube.com\/embed\/ARf0ueO6aE4?version=3&#038;rel=1&#038;showsearch=0&#038;showinfo=1&#038;iv_load_policy=1&#038;fs=1&#038;hl=es-CO&#038;autohide=2&#038;wmode=transparent\" allowfullscreen=\"true\" style=\"border:0;\" sandbox=\"allow-scripts allow-same-origin allow-popups allow-presentation allow-popups-to-escape-sandbox\" src=\"data:image\/gif;base64,R0lGODlhAQABAAAAACH5BAEKAAEALAAAAAABAAEAAAICTAEAOw==\" data-load-mode=\"1\"><\/iframe><\/span>\n<\/div><\/figure>\n\n\n\n<figure class=\"wp-block-embed-youtube wp-block-embed is-type-video is-provider-youtube wp-embed-aspect-16-9 wp-has-aspect-ratio\"><div class=\"wp-block-embed__wrapper\">\n<span class=\"embed-youtube\" style=\"text-align:center; display: block;\"><iframe class=\"youtube-player lazyload\" width=\"525\" height=\"296\" data-src=\"https:\/\/www.youtube.com\/embed\/ZXeDy06-FyM?version=3&#038;rel=1&#038;showsearch=0&#038;showinfo=1&#038;iv_load_policy=1&#038;fs=1&#038;hl=es-CO&#038;autohide=2&#038;wmode=transparent\" allowfullscreen=\"true\" style=\"border:0;\" sandbox=\"allow-scripts allow-same-origin allow-popups allow-presentation allow-popups-to-escape-sandbox\" src=\"data:image\/gif;base64,R0lGODlhAQABAAAAACH5BAEKAAEALAAAAAABAAEAAAICTAEAOw==\" data-load-mode=\"1\"><\/iframe><\/span>\n<\/div><\/figure>","protected":false},"excerpt":{"rendered":"<p>Marimba Quartet (2015). Premiered by Alejandro Ruiz\u2019s percussion studio, Medell\u00edn, Colombia Most pieces are born with a specific purpose and instrumentation in mind. Sometimes the initial instrumentation is what is at hand and that is why it is chosen. As the untamable musical forces unfold, sounds migrate&nbsp;towards&nbsp;other whereabouts, and&nbsp;these inquiries perhaps pursue an ulterior desire. &hellip; <\/p>\n<p class=\"link-more\"><a href=\"https:\/\/josegmartinez.com\/es\/music\/percussion-music\/cyclic-variations\/\" class=\"more-link\">Continuar leyendo<span class=\"screen-reader-text\"> &#8220;Cyclic Variations&#8221;<\/span><\/a><\/p>","protected":false},"author":1,"featured_media":0,"parent":216,"menu_order":0,"comment_status":"closed","ping_status":"closed","template":"","meta":{"jetpack_post_was_ever_published":false,"footnotes":""},"class_list":["post-481","page","type-page","status-publish","hentry"],"jetpack_sharing_enabled":true,"jetpack_shortlink":"https:\/\/wp.me\/Pc1NYo-7L","_links":{"self":[{"href":"https:\/\/josegmartinez.com\/es\/wp-json\/wp\/v2\/pages\/481","targetHints":{"allow":["GET"]}}],"collection":[{"href":"https:\/\/josegmartinez.com\/es\/wp-json\/wp\/v2\/pages"}],"about":[{"href":"https:\/\/josegmartinez.com\/es\/wp-json\/wp\/v2\/types\/page"}],"author":[{"embeddable":true,"href":"https:\/\/josegmartinez.com\/es\/wp-json\/wp\/v2\/users\/1"}],"replies":[{"embeddable":true,"href":"https:\/\/josegmartinez.com\/es\/wp-json\/wp\/v2\/comments?post=481"}],"version-history":[{"count":4,"href":"https:\/\/josegmartinez.com\/es\/wp-json\/wp\/v2\/pages\/481\/revisions"}],"predecessor-version":[{"id":669,"href":"https:\/\/josegmartinez.com\/es\/wp-json\/wp\/v2\/pages\/481\/revisions\/669"}],"up":[{"embeddable":true,"href":"https:\/\/josegmartinez.com\/es\/wp-json\/wp\/v2\/pages\/216"}],"wp:attachment":[{"href":"https:\/\/josegmartinez.com\/es\/wp-json\/wp\/v2\/media?parent=481"}],"curies":[{"name":"wp","href":"https:\/\/api.w.org\/{rel}","templated":true}]}}