{"id":471,"date":"2020-05-10T00:11:40","date_gmt":"2020-05-10T00:11:40","guid":{"rendered":"https:\/\/josegmartinez.com\/?page_id=471"},"modified":"2020-05-15T16:09:10","modified_gmt":"2020-05-15T16:09:10","slug":"suite","status":"publish","type":"page","link":"https:\/\/josegmartinez.com\/es\/music\/percussion-music\/suite\/","title":{"rendered":"Suite"},"content":{"rendered":"<p class=\"has-text-align-right\">Quinteto de Redoblantes (2008-2010)<\/p>\n\n\n\n<div class=\"wp-block-columns is-layout-flex wp-container-core-columns-is-layout-9d6595d7 wp-block-columns-is-layout-flex\">\n<div class=\"wp-block-column is-layout-flow wp-block-column-is-layout-flow\" style=\"flex-basis:66.66%\">\n<figure class=\"wp-block-image size-large\"><img decoding=\"async\" width=\"368\" height=\"552\" data-src=\"http:\/\/josegmartinez.com\/wp-content\/uploads\/2020\/05\/ICTU5.jpg\" alt=\"\" class=\"wp-image-472 lazyload\" data-srcset=\"https:\/\/josegmartinez.com\/wp-content\/uploads\/2020\/05\/ICTU5.jpg 368w, https:\/\/josegmartinez.com\/wp-content\/uploads\/2020\/05\/ICTU5-200x300.jpg 200w\" data-sizes=\"(max-width: 368px) 100vw, 368px\" src=\"data:image\/gif;base64,R0lGODlhAQABAAAAACH5BAEKAAEALAAAAAABAAEAAAICTAEAOw==\" style=\"--smush-placeholder-width: 368px; --smush-placeholder-aspect-ratio: 368\/552;\" \/><figcaption>Ensemble de Percusi\u00f3n ICTU5: (del frente hacia atr\u00e1s): Nicol\u00e1s Molina, Gabriela Rojas, Jos\u00e9 Mart\u00ednez, Miguel Olarte, y Daniel Arango. <\/figcaption><\/figure>\n<\/div>\n\n\n\n<div class=\"wp-block-column is-layout-flow wp-block-column-is-layout-flow\" style=\"flex-basis:33.33%\">\n<div style=\"height:69px\" aria-hidden=\"true\" class=\"wp-block-spacer\"><\/div>\n\n\n\n<p>Hace algunos a\u00f1os tocamos con mi ensamble de percusi\u00f3n un cuarteto de redoblases escrito por Igor Lesnik llamado&nbsp;<em>Chamade Suite&nbsp;<\/em>(tremenda pieza<em>).&nbsp;<\/em>En una oportunidad fuimos invitados a hacer un concierto pero s\u00f3lo pod\u00edamos tocar m\u00fasica de compositores colombianos y realmente quer\u00edamos hacer esta pieza. As\u00ed que me dije \"Bien, entonces voy a escribir una versi\u00f3n colombiana de la pieza de Lesnik\". La grabaci\u00f3n ac\u00e1 incluida es de varios a\u00f1os despu\u00e9s cuando la tocamos con mi ensamble de percusi\u00f3n ICTU5.<\/p>\n\n\n\n<p><\/p>\n<\/div>\n<\/div>\n\n\n\n<p>La pieza de Lesnik tiene una aproximaci\u00f3n muy colorida al redoblante y tiene tambi\u00e9n la escritura en\u00e9rgica y r\u00edtmica propia de la percusi\u00f3n, y me objetivo era explorar esas dos \u00e1reas un poco m\u00e1s. Las danzas en <em>Suite\u00a0<\/em>est\u00e1n inspiradas en m\u00fasica tradicional de las costas de mi pa\u00eds \u2013que de hecho tienen mucha relaci\u00f3n a otras danzas en el continente\u2013 y el reto era como con el \"primitivo\" redoblante lograr colores que me permitieran construir una pieza completa. Buscando expandir la paleta sonora del instrumento le ped\u00ed a los int\u00e9rpretes tocar con varios tipos de baquetas, con las manos, e incluso cantar (percusionistas: \u00a1lleg\u00f3 el momento de mostrar esas habilidades de solfeo!). La canci\u00f3n en <em>Chigualo<\/em>, el segundo movimento, es una canci\u00f3n tradicional titulada \"Velo que bonito\" que es parte de la tradici\u00f3n oral de la costa pac\u00edfica Colombiana. De hecho, a\u00fan se usa en funerales infantiles y como alabanza al ni\u00f1os dios.<\/p>\n\n\n\n<iframe width=\"100%\" height=\"350\" scrolling=\"no\" frameborder=\"no\" allow=\"autoplay\" data-src=\"https:\/\/w.soundcloud.com\/player\/?url=https%3A\/\/api.soundcloud.com\/playlists\/70924747&amp;color=%23ff5500&amp;auto_play=false&amp;hide_related=false&amp;show_comments=true&amp;show_user=true&amp;show_reposts=false&amp;show_teaser=true\" src=\"data:image\/gif;base64,R0lGODlhAQABAAAAACH5BAEKAAEALAAAAAABAAEAAAICTAEAOw==\" class=\"lazyload\" data-load-mode=\"1\"><\/iframe>","protected":false},"excerpt":{"rendered":"<p>Snare Drum Quintet. (2008-2010) Some years ago I played with one of my percussion ensembles a snare drum quartet by Igor Lesnik called&nbsp;Chamade Suite&nbsp;(great piece BTW!).&nbsp;One day we had a gig but we were only supposed to play music by Colombian composers, but we still wanted to play that&nbsp;piece! So I said \u201cOk, I\u2019ll write &hellip; <\/p>\n<p class=\"link-more\"><a href=\"https:\/\/josegmartinez.com\/es\/music\/percussion-music\/suite\/\" class=\"more-link\">Continuar leyendo<span class=\"screen-reader-text\"> &#8220;Suite&#8221;<\/span><\/a><\/p>","protected":false},"author":1,"featured_media":0,"parent":216,"menu_order":0,"comment_status":"closed","ping_status":"closed","template":"","meta":{"jetpack_post_was_ever_published":false,"footnotes":""},"class_list":["post-471","page","type-page","status-publish","hentry"],"jetpack_sharing_enabled":true,"jetpack_shortlink":"https:\/\/wp.me\/Pc1NYo-7B","_links":{"self":[{"href":"https:\/\/josegmartinez.com\/es\/wp-json\/wp\/v2\/pages\/471","targetHints":{"allow":["GET"]}}],"collection":[{"href":"https:\/\/josegmartinez.com\/es\/wp-json\/wp\/v2\/pages"}],"about":[{"href":"https:\/\/josegmartinez.com\/es\/wp-json\/wp\/v2\/types\/page"}],"author":[{"embeddable":true,"href":"https:\/\/josegmartinez.com\/es\/wp-json\/wp\/v2\/users\/1"}],"replies":[{"embeddable":true,"href":"https:\/\/josegmartinez.com\/es\/wp-json\/wp\/v2\/comments?post=471"}],"version-history":[{"count":13,"href":"https:\/\/josegmartinez.com\/es\/wp-json\/wp\/v2\/pages\/471\/revisions"}],"predecessor-version":[{"id":676,"href":"https:\/\/josegmartinez.com\/es\/wp-json\/wp\/v2\/pages\/471\/revisions\/676"}],"up":[{"embeddable":true,"href":"https:\/\/josegmartinez.com\/es\/wp-json\/wp\/v2\/pages\/216"}],"wp:attachment":[{"href":"https:\/\/josegmartinez.com\/es\/wp-json\/wp\/v2\/media?parent=471"}],"curies":[{"name":"wp","href":"https:\/\/api.w.org\/{rel}","templated":true}]}}