{"id":464,"date":"2020-05-09T23:53:41","date_gmt":"2020-05-09T23:53:41","guid":{"rendered":"https:\/\/josegmartinez.com\/?page_id=464"},"modified":"2023-07-17T15:50:02","modified_gmt":"2023-07-17T19:50:02","slug":"two-questions-about-time","status":"publish","type":"page","link":"https:\/\/josegmartinez.com\/es\/music\/percussion-music\/two-questions-about-time\/","title":{"rendered":"Dos Preguntas Sobre el Tiempo"},"content":{"rendered":"<p class=\"has-text-align-right\">Para Cuarto de Percusi\u00f3n \u00f3 un resto de instrumentos. (2016-2017)<\/p>\n\n\n\n<p>The piece&nbsp;questions the linearity of time and leans more towards its conception in a cyclical manner. In this other mindset, events are constantly repeated but always in a different manner.  The ending goes back to the beginning, the spiral moves outwards and inwards. For the premiere, instead of writing program notes, I decided to give the audience a couple of drawings I made. These drawings show the cyclical and spiral structure of each movement of the piece. <\/p>\n\n\n\n<p>Fue un privilegio trabajar con mis amigos de Third Coast Percussion. Nunca me hab\u00eda sentido tan c\u00f3modo trabajando con un ensamble de esa reputaci\u00f3n. La estructura de su programa llamado <a href=\"https:\/\/thirdcoastpercussion.com\/education\/emerging-composers\/\">Emerging Composer Program [Programa para Compositores Emergentes]<\/a> es tal que hay da de hecho la oportunidad de trabajar la pieza y de tener un di\u00e1logo amplio antes de entregarla. Esta es mi saber una un esquema \u00fanico de colaboraci\u00f3n. \u00a1Por favor apliquen todos!<\/p>\n\n\n\n<p>In 2019, the Spanish <a href=\"https:\/\/www.facebook.com\/alxarq.percussio\">percussion ensemble Alxarq<\/a> won the  VII Chamber Ensemble Competition &#8220;Percute&#8221; with this piece in their repertoire. This competition is organized by the legendary Spanish percussion ensemble <a href=\"http:\/\/amoresgrupdepercussio.com\">Amores<\/a>. <\/p>\n\n\n\n<figure class=\"wp-block-gallery columns-2 is-cropped wp-block-gallery-1 is-layout-flex wp-block-gallery-is-layout-flex\"><ul class=\"blocks-gallery-grid\"><li class=\"blocks-gallery-item\"><figure><img decoding=\"async\" width=\"512\" height=\"640\" data-src=\"http:\/\/josegmartinez.com\/wp-content\/uploads\/2020\/05\/tcp-1.jpeg\" alt=\"\" data-id=\"465\" data-full-url=\"http:\/\/josegmartinez.com\/wp-content\/uploads\/2020\/05\/tcp-1.jpeg\" data-link=\"https:\/\/josegmartinez.com\/?attachment_id=465\" class=\"wp-image-465 lazyload\" data-srcset=\"https:\/\/josegmartinez.com\/wp-content\/uploads\/2020\/05\/tcp-1.jpeg 512w, https:\/\/josegmartinez.com\/wp-content\/uploads\/2020\/05\/tcp-1-240x300.jpeg 240w\" data-sizes=\"(max-width: 512px) 100vw, 512px\" src=\"data:image\/gif;base64,R0lGODlhAQABAAAAACH5BAEKAAEALAAAAAABAAEAAAICTAEAOw==\" style=\"--smush-placeholder-width: 512px; --smush-placeholder-aspect-ratio: 512\/640;\" \/><\/figure><\/li><li class=\"blocks-gallery-item\"><figure><img decoding=\"async\" width=\"587\" height=\"640\" data-src=\"http:\/\/josegmartinez.com\/wp-content\/uploads\/2020\/05\/tcp-2.jpeg\" alt=\"\" data-id=\"466\" data-full-url=\"http:\/\/josegmartinez.com\/wp-content\/uploads\/2020\/05\/tcp-2.jpeg\" data-link=\"https:\/\/josegmartinez.com\/?attachment_id=466\" class=\"wp-image-466 lazyload\" data-srcset=\"https:\/\/josegmartinez.com\/wp-content\/uploads\/2020\/05\/tcp-2.jpeg 587w, https:\/\/josegmartinez.com\/wp-content\/uploads\/2020\/05\/tcp-2-275x300.jpeg 275w\" data-sizes=\"(max-width: 587px) 100vw, 587px\" src=\"data:image\/gif;base64,R0lGODlhAQABAAAAACH5BAEKAAEALAAAAAABAAEAAAICTAEAOw==\" style=\"--smush-placeholder-width: 587px; --smush-placeholder-aspect-ratio: 587\/640;\" \/><\/figure><\/li><\/ul><\/figure>\n\n\n\n<hr class=\"wp-block-separator is-style-wide\"\/>\n\n\n\n<figure class=\"wp-block-embed is-type-video is-provider-youtube wp-block-embed-youtube wp-embed-aspect-16-9 wp-has-aspect-ratio\"><div class=\"wp-block-embed__wrapper\">\n<span class=\"embed-youtube\" style=\"text-align:center; display: block;\"><iframe class=\"youtube-player lazyload\" width=\"525\" height=\"296\" data-src=\"https:\/\/www.youtube.com\/embed\/HKc-GxxAqw0?version=3&#038;rel=1&#038;showsearch=0&#038;showinfo=1&#038;iv_load_policy=1&#038;fs=1&#038;hl=es-CO&#038;autohide=2&#038;wmode=transparent\" allowfullscreen=\"true\" style=\"border:0;\" sandbox=\"allow-scripts allow-same-origin allow-popups allow-presentation allow-popups-to-escape-sandbox\" src=\"data:image\/gif;base64,R0lGODlhAQABAAAAACH5BAEKAAEALAAAAAABAAEAAAICTAEAOw==\" data-load-mode=\"1\"><\/iframe><\/span>\n<\/div><\/figure>\n\n\n\n<figure class=\"wp-block-embed is-type-video is-provider-youtube wp-block-embed-youtube wp-embed-aspect-16-9 wp-has-aspect-ratio\"><div class=\"wp-block-embed__wrapper\">\n<span class=\"embed-youtube\" style=\"text-align:center; display: block;\"><iframe class=\"youtube-player lazyload\" width=\"525\" height=\"296\" data-src=\"https:\/\/www.youtube.com\/embed\/FHcRTSipX3M?version=3&#038;rel=1&#038;showsearch=0&#038;showinfo=1&#038;iv_load_policy=1&#038;fs=1&#038;hl=es-CO&#038;autohide=2&#038;wmode=transparent\" allowfullscreen=\"true\" style=\"border:0;\" sandbox=\"allow-scripts allow-same-origin allow-popups allow-presentation allow-popups-to-escape-sandbox\" src=\"data:image\/gif;base64,R0lGODlhAQABAAAAACH5BAEKAAEALAAAAAABAAEAAAICTAEAOw==\" data-load-mode=\"1\"><\/iframe><\/span>\n<\/div><\/figure>","protected":false},"excerpt":{"rendered":"<p>For Percussion Quartet. AKA = a bunch of instruments. (2016-2017) The piece&nbsp;questions the linearity of time and leans more towards its conception in a cyclical manner. In this other mindset, events are constantly repeated but always in a different manner. The ending goes back to the beginning, the spiral moves outwards and inwards. For the &hellip; <\/p>\n<p class=\"link-more\"><a href=\"https:\/\/josegmartinez.com\/es\/music\/percussion-music\/two-questions-about-time\/\" class=\"more-link\">Continuar leyendo<span class=\"screen-reader-text\"> &#8220;Two Questions About Time&#8221;<\/span><\/a><\/p>","protected":false},"author":1,"featured_media":0,"parent":216,"menu_order":0,"comment_status":"closed","ping_status":"closed","template":"","meta":{"jetpack_post_was_ever_published":false,"footnotes":""},"class_list":["post-464","page","type-page","status-publish","hentry"],"jetpack_sharing_enabled":true,"jetpack_shortlink":"https:\/\/wp.me\/Pc1NYo-7u","_links":{"self":[{"href":"https:\/\/josegmartinez.com\/es\/wp-json\/wp\/v2\/pages\/464","targetHints":{"allow":["GET"]}}],"collection":[{"href":"https:\/\/josegmartinez.com\/es\/wp-json\/wp\/v2\/pages"}],"about":[{"href":"https:\/\/josegmartinez.com\/es\/wp-json\/wp\/v2\/types\/page"}],"author":[{"embeddable":true,"href":"https:\/\/josegmartinez.com\/es\/wp-json\/wp\/v2\/users\/1"}],"replies":[{"embeddable":true,"href":"https:\/\/josegmartinez.com\/es\/wp-json\/wp\/v2\/comments?post=464"}],"version-history":[{"count":7,"href":"https:\/\/josegmartinez.com\/es\/wp-json\/wp\/v2\/pages\/464\/revisions"}],"predecessor-version":[{"id":1270,"href":"https:\/\/josegmartinez.com\/es\/wp-json\/wp\/v2\/pages\/464\/revisions\/1270"}],"up":[{"embeddable":true,"href":"https:\/\/josegmartinez.com\/es\/wp-json\/wp\/v2\/pages\/216"}],"wp:attachment":[{"href":"https:\/\/josegmartinez.com\/es\/wp-json\/wp\/v2\/media?parent=464"}],"curies":[{"name":"wp","href":"https:\/\/api.w.org\/{rel}","templated":true}]}}