{"id":461,"date":"2020-05-09T23:45:12","date_gmt":"2020-05-09T23:45:12","guid":{"rendered":"https:\/\/josegmartinez.com\/?page_id=461"},"modified":"2020-05-14T19:38:59","modified_gmt":"2020-05-14T19:38:59","slug":"and-justice-for-all","status":"publish","type":"page","link":"https:\/\/josegmartinez.com\/es\/music\/percussion-music\/and-justice-for-all\/","title":{"rendered":"...Y Justicia para Todos"},"content":{"rendered":"<p class=\"has-text-align-right\">Marimba (2010)<\/p>\n\n\n\n<p>Esta fue la primer pieza que escrib\u00ed para mi amigo Alejandro Ru\u00edz. Durante el tiempo en que la comision\u00f3 yo andaba descubriendo un fascinante mon\u00f3logo interpretado por Al Pacino en la pel\u00edcula \"..and Justice for All\". El principal aspecto que me llam\u00f3 la atenci\u00f3n fue su estructura. El personaje principal es un abogado defensor que est\u00e1 dando su declaraci\u00f3n final, y te hace realmente creer que el acusado es inocente. El abogado lleva a la audiencia por una historia larga y finamente construida, en la que no hay duda de la inocencia de su cliente. Pero no, al final de su declaraci\u00f3n cambia de parecer. El torrente de energ\u00eda y de anticipaci\u00f3n cambia de direcci\u00f3n y s\u00fabitamente acusa a su defendido. \u00a1Es una actuaci\u00f3n muy a la Pacino! Se me ocurri\u00f3 que ser\u00eda interesante construir esta estructura en m\u00fasica, as\u00ed que esta pieza es mi experimento en esa direcci\u00f3n.  <\/p>\n\n\n\n<p>Alejandro incluy\u00f3 esta pieza en su segundo CD titulado \u201cLa Marimba de los Compositores Colombianos Vol. 2.\u201d Visita su website <a href=\"http:\/\/alejandroruiz.co\">aqu\u00ed.<\/a><\/p>\n\n\n\n<iframe width=\"100%\" height=\"166\" scrolling=\"no\" frameborder=\"no\" allow=\"autoplay\" data-src=\"https:\/\/w.soundcloud.com\/player\/?url=https%3A\/\/api.soundcloud.com\/tracks\/185290861&amp;color=%23ff5500&amp;auto_play=false&amp;hide_related=false&amp;show_comments=true&amp;show_user=true&amp;show_reposts=false&amp;show_teaser=true\" src=\"data:image\/gif;base64,R0lGODlhAQABAAAAACH5BAEKAAEALAAAAAABAAEAAAICTAEAOw==\" class=\"lazyload\" data-load-mode=\"1\"><\/iframe>","protected":false},"excerpt":{"rendered":"<p>Marimba (2010) This was the first piece I wrote for my friend Alejandro Ruiz. By the time he commissioned it I was overwhelmed by an amazing monologue performed by Al Pacino in the movie \u201c\u2026and Justice for All.\u201d The main aspect that stroked me was its structure. The character is a defense lawyer who is &hellip; <\/p>\n<p class=\"link-more\"><a href=\"https:\/\/josegmartinez.com\/es\/music\/percussion-music\/and-justice-for-all\/\" class=\"more-link\">Continuar leyendo<span class=\"screen-reader-text\"> &#8220;&#8230;And Justice For All&#8221;<\/span><\/a><\/p>","protected":false},"author":1,"featured_media":0,"parent":216,"menu_order":0,"comment_status":"closed","ping_status":"closed","template":"","meta":{"jetpack_post_was_ever_published":false,"footnotes":""},"class_list":["post-461","page","type-page","status-publish","hentry"],"jetpack_sharing_enabled":true,"jetpack_shortlink":"https:\/\/wp.me\/Pc1NYo-7r","_links":{"self":[{"href":"https:\/\/josegmartinez.com\/es\/wp-json\/wp\/v2\/pages\/461","targetHints":{"allow":["GET"]}}],"collection":[{"href":"https:\/\/josegmartinez.com\/es\/wp-json\/wp\/v2\/pages"}],"about":[{"href":"https:\/\/josegmartinez.com\/es\/wp-json\/wp\/v2\/types\/page"}],"author":[{"embeddable":true,"href":"https:\/\/josegmartinez.com\/es\/wp-json\/wp\/v2\/users\/1"}],"replies":[{"embeddable":true,"href":"https:\/\/josegmartinez.com\/es\/wp-json\/wp\/v2\/comments?post=461"}],"version-history":[{"count":3,"href":"https:\/\/josegmartinez.com\/es\/wp-json\/wp\/v2\/pages\/461\/revisions"}],"predecessor-version":[{"id":660,"href":"https:\/\/josegmartinez.com\/es\/wp-json\/wp\/v2\/pages\/461\/revisions\/660"}],"up":[{"embeddable":true,"href":"https:\/\/josegmartinez.com\/es\/wp-json\/wp\/v2\/pages\/216"}],"wp:attachment":[{"href":"https:\/\/josegmartinez.com\/es\/wp-json\/wp\/v2\/media?parent=461"}],"curies":[{"name":"wp","href":"https:\/\/api.w.org\/{rel}","templated":true}]}}