{"id":459,"date":"2020-05-09T23:42:10","date_gmt":"2020-05-09T23:42:10","guid":{"rendered":"https:\/\/josegmartinez.com\/?page_id=459"},"modified":"2020-05-14T19:25:28","modified_gmt":"2020-05-14T19:25:28","slug":"three-short-pieces-for-marimba","status":"publish","type":"page","link":"https:\/\/josegmartinez.com\/es\/music\/percussion-music\/three-short-pieces-for-marimba\/","title":{"rendered":"Tres peque\u00f1as piezas para Marimba."},"content":{"rendered":"<p class=\"has-text-align-right\">Marimba (2010-2014). Dedicada a Gabriela Rojas.<\/p>\n\n\n\n<p>Saint-Saens y Prokofiev (y muchos otros) escribieron m\u00fasica sobre animales, sus obras fueron largas y ambiciosas piezas orquestales donde motivos e instrumentos vivazmente representan personajes. Son color\u00edsticas piezas maestras donde uno casi que puede o\u00edr el zool\u00f3gico entero. Escrib\u00ed estas \"Tres Peque\u00f1as Piezas\" en honor a las mascotas de mi amiga Gabriela: dos gatos y una perrita. El primer movimiento es sobre una gata elegante, audaz, y a ratos impredecible. El segundo es \"in memoriam\" escrito para una fiel perrita que acompa\u00f1\u00f3 a mi amiga por m\u00e1s de diez a\u00f1os. La tercera parte es sobre un gato joven muy juguet\u00f3n, los hemos visto, ese que rasgu\u00f1a, salta en la mesa, juega con tus medias, destruye tus baquetas, pero sin importar nada de eso, lo querremos por siempre.<\/p>\n\n\n\n<iframe width=\"100%\" height=\"450\" scrolling=\"no\" frameborder=\"no\" allow=\"autoplay\" data-src=\"https:\/\/w.soundcloud.com\/player\/?url=https%3A\/\/api.soundcloud.com\/playlists\/70925521&amp;color=%23ff5500&amp;auto_play=false&amp;hide_related=false&amp;show_comments=true&amp;show_user=true&amp;show_reposts=false&amp;show_teaser=true\" src=\"data:image\/gif;base64,R0lGODlhAQABAAAAACH5BAEKAAEALAAAAAABAAEAAAICTAEAOw==\" class=\"lazyload\" data-load-mode=\"1\"><\/iframe>","protected":false},"excerpt":{"rendered":"<p>Marimba Solo. (2010-2014). Dedicated to&nbsp;Gabriela Rojas Saint-Saens and Prokofiev (and others) wrote music about animals, they wrote long and ambitious orchestral pieces where the, for example, used motives and particular instruments to represent characters. Those are masterpieces, where you clearly can hear the whole zoo coming at you through music. I wrote these &#8220;Three Short &hellip; <\/p>\n<p class=\"link-more\"><a href=\"https:\/\/josegmartinez.com\/es\/music\/percussion-music\/three-short-pieces-for-marimba\/\" class=\"more-link\">Continuar leyendo<span class=\"screen-reader-text\"> &#8220;Three Short Pieces for Marimba&#8221;<\/span><\/a><\/p>","protected":false},"author":1,"featured_media":0,"parent":216,"menu_order":0,"comment_status":"closed","ping_status":"closed","template":"","meta":{"jetpack_post_was_ever_published":false,"footnotes":""},"class_list":["post-459","page","type-page","status-publish","hentry"],"jetpack_sharing_enabled":true,"jetpack_shortlink":"https:\/\/wp.me\/Pc1NYo-7p","_links":{"self":[{"href":"https:\/\/josegmartinez.com\/es\/wp-json\/wp\/v2\/pages\/459","targetHints":{"allow":["GET"]}}],"collection":[{"href":"https:\/\/josegmartinez.com\/es\/wp-json\/wp\/v2\/pages"}],"about":[{"href":"https:\/\/josegmartinez.com\/es\/wp-json\/wp\/v2\/types\/page"}],"author":[{"embeddable":true,"href":"https:\/\/josegmartinez.com\/es\/wp-json\/wp\/v2\/users\/1"}],"replies":[{"embeddable":true,"href":"https:\/\/josegmartinez.com\/es\/wp-json\/wp\/v2\/comments?post=459"}],"version-history":[{"count":3,"href":"https:\/\/josegmartinez.com\/es\/wp-json\/wp\/v2\/pages\/459\/revisions"}],"predecessor-version":[{"id":657,"href":"https:\/\/josegmartinez.com\/es\/wp-json\/wp\/v2\/pages\/459\/revisions\/657"}],"up":[{"embeddable":true,"href":"https:\/\/josegmartinez.com\/es\/wp-json\/wp\/v2\/pages\/216"}],"wp:attachment":[{"href":"https:\/\/josegmartinez.com\/es\/wp-json\/wp\/v2\/media?parent=459"}],"curies":[{"name":"wp","href":"https:\/\/api.w.org\/{rel}","templated":true}]}}