{"id":457,"date":"2020-05-09T23:37:28","date_gmt":"2020-05-09T23:37:28","guid":{"rendered":"https:\/\/josegmartinez.com\/?page_id=457"},"modified":"2020-05-14T19:13:19","modified_gmt":"2020-05-14T19:13:19","slug":"six-instructions-for-vibraphone","status":"publish","type":"page","link":"https:\/\/josegmartinez.com\/es\/music\/percussion-music\/six-instructions-for-vibraphone\/","title":{"rendered":"Seis Instrucciones para Vibr\u00e1fono"},"content":{"rendered":"<p class=\"has-text-align-right\">Vibr\u00e1fono Solo (2014 - 2017)<\/p>\n\n\n\n<p>No hay nada como tocar la m\u00fasica propia. Como compositor\/int\u00e9rprete, uno sabe lo que se siente mejor para el instrumento y para su m\u00fasica, se pueden cambiar las notas tantas veces como sea necesario, tocar m\u00e1s r\u00e1pido o m\u00e1s despacio, m\u00e1s fuerte o m\u00e1s suave, en fin. La pieza se convierte en una especie de pintura a medias donde hay mucho espacio para la experimentaci\u00f3n (\u00a1especialmente, porque no hay alguien quej\u00e1ndose por la cambiadora de notas!). Esta pieza tuvo cerca de diez visiones en el transcurrir de tres a\u00f1os, hasta que finalmente me decid\u00ed por hacer una versi\u00f3n \"definitiva\". La estren\u00e9 en mi primer concierto con el colectivo de compositores CLUTCH de UT Austin.<\/p>\n\n\n\n<p>En el medio de las muchas revisiones de esta pieza, decid\u00ed desviarme y deriv\u00e9 algunos materiales para la creaci\u00f3n de mi otra pieza<a href=\"https:\/\/josegmartinez.com\/es\/music\/chamber-music\/instruction-manual\/\"> \"Manual de Instrucciones\".<\/a> Este otro proyecto termin\u00f3 siendo una reinterpretaci\u00f3n, para viol\u00edn y piano, de ideas y t\u00e9cnicas de esta pieza. Tal como el \"Manual\" estas \"Seis Instrucciones\" se pueden pensar como acompa\u00f1amientos para las acciones sugeridas en los t\u00edtulos. Dos de ellos (Instrucciones para Cantar y Llorar) vienen de las \"Historias de Cronopios y Famas del escritor Julio Cort\u00e1zar, mientras los otros se de mi invenci\u00f3n. Estas piezas tambi\u00e9n sirven como estudios que exploran t\u00e9cnicas espec\u00edficas que he encontrado presentes en varias piezas modernas para vibr\u00e1fono.<\/p>\n\n\n\n<iframe width=\"100%\" height=\"450\" scrolling=\"no\" frameborder=\"no\" allow=\"autoplay\" data-src=\"https:\/\/w.soundcloud.com\/player\/?url=https%3A\/\/api.soundcloud.com\/playlists\/323319940&amp;color=%23ff5500&amp;auto_play=false&amp;hide_related=false&amp;show_comments=true&amp;show_user=true&amp;show_reposts=false&amp;show_teaser=true\" src=\"data:image\/gif;base64,R0lGODlhAQABAAAAACH5BAEKAAEALAAAAAABAAEAAAICTAEAOw==\" class=\"lazyload\" data-load-mode=\"1\"><\/iframe>\n\n\n\n<p class=\"has-text-align-center has-small-font-size\">Yeah, that\u2019s me in the vibes!<\/p>","protected":false},"excerpt":{"rendered":"<p>Vibraphone Solo. (2014-2017) There is nothing like playing your own music. As a composer\/performer you know what feels best for your instrument and your music, you can change pitches as many times as needed, play the music faster or slower, louder or softer, etc. The piece becomes a partially filled canvas where there is a &hellip; <\/p>\n<p class=\"link-more\"><a href=\"https:\/\/josegmartinez.com\/es\/music\/percussion-music\/six-instructions-for-vibraphone\/\" class=\"more-link\">Continuar leyendo<span class=\"screen-reader-text\"> &#8220;Six Instructions for Vibraphone&#8221;<\/span><\/a><\/p>","protected":false},"author":1,"featured_media":0,"parent":216,"menu_order":0,"comment_status":"closed","ping_status":"closed","template":"","meta":{"jetpack_post_was_ever_published":false,"footnotes":""},"class_list":["post-457","page","type-page","status-publish","hentry"],"jetpack_sharing_enabled":true,"jetpack_shortlink":"https:\/\/wp.me\/Pc1NYo-7n","_links":{"self":[{"href":"https:\/\/josegmartinez.com\/es\/wp-json\/wp\/v2\/pages\/457","targetHints":{"allow":["GET"]}}],"collection":[{"href":"https:\/\/josegmartinez.com\/es\/wp-json\/wp\/v2\/pages"}],"about":[{"href":"https:\/\/josegmartinez.com\/es\/wp-json\/wp\/v2\/types\/page"}],"author":[{"embeddable":true,"href":"https:\/\/josegmartinez.com\/es\/wp-json\/wp\/v2\/users\/1"}],"replies":[{"embeddable":true,"href":"https:\/\/josegmartinez.com\/es\/wp-json\/wp\/v2\/comments?post=457"}],"version-history":[{"count":6,"href":"https:\/\/josegmartinez.com\/es\/wp-json\/wp\/v2\/pages\/457\/revisions"}],"predecessor-version":[{"id":654,"href":"https:\/\/josegmartinez.com\/es\/wp-json\/wp\/v2\/pages\/457\/revisions\/654"}],"up":[{"embeddable":true,"href":"https:\/\/josegmartinez.com\/es\/wp-json\/wp\/v2\/pages\/216"}],"wp:attachment":[{"href":"https:\/\/josegmartinez.com\/es\/wp-json\/wp\/v2\/media?parent=457"}],"curies":[{"name":"wp","href":"https:\/\/api.w.org\/{rel}","templated":true}]}}