{"id":440,"date":"2020-05-09T23:28:31","date_gmt":"2020-05-09T23:28:31","guid":{"rendered":"https:\/\/josegmartinez.com\/?page_id=440"},"modified":"2020-05-13T21:46:18","modified_gmt":"2020-05-13T21:46:18","slug":"monologue-iv","status":"publish","type":"page","link":"https:\/\/josegmartinez.com\/es\/music\/percussion-music\/monologue-iv\/","title":{"rendered":"Mon\u00f3logo IV"},"content":{"rendered":"<p class=\"has-text-align-right\">Solo para Redoblante (2017)<\/p>\n\n\n\n<pre class=\"wp-block-verse has-text-align-center\">Comisionada por\nAndy Miller (l\u00edder).\u00a0\nMiembros del Consorcio: Aaron Villarreal (US), Akira Robles (US),\n Alejandro Ruiz (Col), Ben Charles (US), Carlos Camacho (Panama-US), \nDaniel Arango (Col), Eduardo Caicedo (Col), Juan David Forero (Col),\n Juan Mauricio Baham\u00f3n (Col-Germany), Mario Sarmiento (Col), \nMitchell Beck (US),\u00a0y\u00a0Russel Wharton (US)<\/pre>\n\n\n\n<p>Tuve el place de conocer a Andy Muller (link a su&nbsp;<a href=\"https:\/\/andymillerpercussion.com\/\">website<\/a>) cuando visit\u00f3 Colombia patrocinado por la organizaci\u00f3n Fulbright. \u00c9l ha estudiado ampliamente la m\u00fasica caribe\u00f1a y la percusi\u00f3n sinf\u00f3nica y este de hecho fue el punto de partida e inter\u00e9s com\u00fan para nuestra colaboraci\u00f3n. Pensamos que ser\u00eda interesante crear una pieza para redoblante que incorporara ambas tradiciones, la orquestal y la tradicional. Esta reflexi\u00f3n no es nueva para m\u00ed ya que la he desarrollado en en otras piezas (&nbsp;<a href=\"https:\/\/josemartinezcomposer.com\/works\/chamber-music\/illegal-cycles-pierrot-version\/\">Ciclos Ilegales<\/a>,&nbsp;<a href=\"https:\/\/josemartinezcomposer.com\/orchestra\/danzas-torridas\/\">Danzas T\u00f3rridas<\/a>)<\/p>\n\n\n\n<p>El t\u00edtulo refleja la idea descrita anteriormente y tambi\u00e9n se relaciona con el hecho que ambos somos biling\u00fces. Adem\u00e1s, tiene que ver con el hecho de tener miembros del consorcio de Colombia y de EEUU. De hecho, esta pieza tiene dos partituras, una en ingl\u00e9s y otra en espa\u00f1ol. Gracias a la recomendaci\u00f3n de David Skidmore de Third Coast Percussion, esta pieza fue parte del repertorio del <a href=\"https:\/\/www.modernsnaredrum.com\">Modern Snare Drum Competition<\/a> organizado por Tom Sherwood. <\/p>\n\n\n\n<hr class=\"wp-block-separator is-style-wide\"\/>\n\n\n\n<ul class=\"wp-block-list\"><li><strong>Si te interesa adquirir la pieza, por favor env\u00edame un mensaje usando la secci\u00f3n de <a href=\"https:\/\/josegmartinez.com\/es\/contact\/\">contacto<\/a>, y yo responder\u00e9 con los pasos a seguir.<\/strong><\/li><\/ul>\n\n\n\n<p>Ac\u00e1 est\u00e1 un v\u00eddeo de Andy en el estreno de la pieza en su recital de doctorado en Bloomington, Indiana.<\/p>\n\n\n\n<figure class=\"wp-block-embed-vimeo wp-block-embed is-type-video is-provider-vimeo wp-embed-aspect-16-9 wp-has-aspect-ratio\"><div class=\"wp-block-embed__wrapper\">\n<iframe title=\"Monologue IV: Bilingualism (biling\u00fcismo)\" data-src=\"https:\/\/player.vimeo.com\/video\/195865304?dnt=1&amp;app_id=122963\" width=\"525\" height=\"295\" frameborder=\"0\" allow=\"autoplay; fullscreen; picture-in-picture; clipboard-write\" src=\"data:image\/gif;base64,R0lGODlhAQABAAAAACH5BAEKAAEALAAAAAABAAEAAAICTAEAOw==\" class=\"lazyload\" data-load-mode=\"1\"><\/iframe>\n<\/div><\/figure>","protected":false},"excerpt":{"rendered":"<p>Snare Drum solo. (2017) Commissioned by&nbsp; Andy Miller (leader).&nbsp; Commission Members: Aaron Villarreal (US), Akira Robles (US), Alejandro Ruiz (Col), Ben Charles (US), Carlos Camacho (Panama-US), Daniel Arango (Col), Eduardo Caicedo (Col), Juan David Forero (Col), Juan Mauricio Baham\u00f3n (Col-Germany), Mario Sarmiento (Col), Mitchell Beck (US),&nbsp;and &nbsp;Russel Wharton (US) I had the pleasure to meet &hellip; <\/p>\n<p class=\"link-more\"><a href=\"https:\/\/josegmartinez.com\/es\/music\/percussion-music\/monologue-iv\/\" class=\"more-link\">Continuar leyendo<span class=\"screen-reader-text\"> &#8220;Monologue IV&#8221;<\/span><\/a><\/p>","protected":false},"author":1,"featured_media":0,"parent":216,"menu_order":0,"comment_status":"closed","ping_status":"closed","template":"","meta":{"jetpack_post_was_ever_published":false,"footnotes":""},"class_list":["post-440","page","type-page","status-publish","hentry"],"jetpack_sharing_enabled":true,"jetpack_shortlink":"https:\/\/wp.me\/Pc1NYo-76","_links":{"self":[{"href":"https:\/\/josegmartinez.com\/es\/wp-json\/wp\/v2\/pages\/440","targetHints":{"allow":["GET"]}}],"collection":[{"href":"https:\/\/josegmartinez.com\/es\/wp-json\/wp\/v2\/pages"}],"about":[{"href":"https:\/\/josegmartinez.com\/es\/wp-json\/wp\/v2\/types\/page"}],"author":[{"embeddable":true,"href":"https:\/\/josegmartinez.com\/es\/wp-json\/wp\/v2\/users\/1"}],"replies":[{"embeddable":true,"href":"https:\/\/josegmartinez.com\/es\/wp-json\/wp\/v2\/comments?post=440"}],"version-history":[{"count":18,"href":"https:\/\/josegmartinez.com\/es\/wp-json\/wp\/v2\/pages\/440\/revisions"}],"predecessor-version":[{"id":643,"href":"https:\/\/josegmartinez.com\/es\/wp-json\/wp\/v2\/pages\/440\/revisions\/643"}],"up":[{"embeddable":true,"href":"https:\/\/josegmartinez.com\/es\/wp-json\/wp\/v2\/pages\/216"}],"wp:attachment":[{"href":"https:\/\/josegmartinez.com\/es\/wp-json\/wp\/v2\/media?parent=440"}],"curies":[{"name":"wp","href":"https:\/\/api.w.org\/{rel}","templated":true}]}}