{"id":404,"date":"2020-05-09T22:35:23","date_gmt":"2020-05-09T22:35:23","guid":{"rendered":"https:\/\/josegmartinez.com\/?page_id=404"},"modified":"2020-05-09T23:16:01","modified_gmt":"2020-05-09T23:16:01","slug":"chimera","status":"publish","type":"page","link":"https:\/\/josegmartinez.com\/es\/music\/multimedia\/chimera\/","title":{"rendered":"Quimera"},"content":{"rendered":"<p class=\"has-text-align-right\">Vibr\u00e1fono, congas, y electr\u00f3nica en vivo. Colaboraci\u00f3n con video y danza. (2018)<\/p>\n\n\n\n<p>Esta la fue la \u00faltima oportunidad que tuve de hacer parte del experimento entre la Escuela de M\u00fasica de UT Austin y el Departamento de Teatro y Danza llamada Ears, Eyes, and Feet (O\u00eddos, Ojos, y Pies). Fue una muy buena oportunidad de componer y de tambi\u00e9n estar en el escenario como parte del show. Video pr\u00f3ximamente.<\/p>\n\n\n\n<figure class=\"wp-block-gallery columns-3 is-cropped wp-block-gallery-1 is-layout-flex wp-block-gallery-is-layout-flex\"><ul class=\"blocks-gallery-grid\"><li class=\"blocks-gallery-item\"><figure><img decoding=\"async\" width=\"480\" height=\"640\" data-src=\"http:\/\/josegmartinez.com\/wp-content\/uploads\/2020\/05\/Chimera-1-1.jpeg\" alt=\"\" data-id=\"405\" data-full-url=\"http:\/\/josegmartinez.com\/wp-content\/uploads\/2020\/05\/Chimera-1-1.jpeg\" data-link=\"https:\/\/josegmartinez.com\/?attachment_id=405\" class=\"wp-image-405 lazyload\" data-srcset=\"https:\/\/josegmartinez.com\/wp-content\/uploads\/2020\/05\/Chimera-1-1.jpeg 480w, https:\/\/josegmartinez.com\/wp-content\/uploads\/2020\/05\/Chimera-1-1-225x300.jpeg 225w\" data-sizes=\"(max-width: 480px) 100vw, 480px\" src=\"data:image\/gif;base64,R0lGODlhAQABAAAAACH5BAEKAAEALAAAAAABAAEAAAICTAEAOw==\" style=\"--smush-placeholder-width: 480px; --smush-placeholder-aspect-ratio: 480\/640;\" \/><\/figure><\/li><li class=\"blocks-gallery-item\"><figure><img decoding=\"async\" width=\"640\" height=\"360\" data-src=\"http:\/\/josegmartinez.com\/wp-content\/uploads\/2020\/05\/Chimera-2-1.jpeg\" alt=\"\" data-id=\"406\" data-full-url=\"http:\/\/josegmartinez.com\/wp-content\/uploads\/2020\/05\/Chimera-2-1.jpeg\" data-link=\"https:\/\/josegmartinez.com\/?attachment_id=406\" class=\"wp-image-406 lazyload\" data-srcset=\"https:\/\/josegmartinez.com\/wp-content\/uploads\/2020\/05\/Chimera-2-1.jpeg 640w, https:\/\/josegmartinez.com\/wp-content\/uploads\/2020\/05\/Chimera-2-1-300x169.jpeg 300w\" data-sizes=\"(max-width: 640px) 100vw, 640px\" src=\"data:image\/gif;base64,R0lGODlhAQABAAAAACH5BAEKAAEALAAAAAABAAEAAAICTAEAOw==\" style=\"--smush-placeholder-width: 640px; --smush-placeholder-aspect-ratio: 640\/360;\" \/><\/figure><\/li><li class=\"blocks-gallery-item\"><figure><img decoding=\"async\" width=\"640\" height=\"480\" data-src=\"http:\/\/josegmartinez.com\/wp-content\/uploads\/2020\/05\/Chimera-3-1.jpeg\" alt=\"\" data-id=\"407\" data-full-url=\"http:\/\/josegmartinez.com\/wp-content\/uploads\/2020\/05\/Chimera-3-1.jpeg\" data-link=\"https:\/\/josegmartinez.com\/?attachment_id=407\" class=\"wp-image-407 lazyload\" data-srcset=\"https:\/\/josegmartinez.com\/wp-content\/uploads\/2020\/05\/Chimera-3-1.jpeg 640w, https:\/\/josegmartinez.com\/wp-content\/uploads\/2020\/05\/Chimera-3-1-300x225.jpeg 300w\" data-sizes=\"(max-width: 640px) 100vw, 640px\" src=\"data:image\/gif;base64,R0lGODlhAQABAAAAACH5BAEKAAEALAAAAAABAAEAAAICTAEAOw==\" style=\"--smush-placeholder-width: 640px; --smush-placeholder-aspect-ratio: 640\/480;\" \/><\/figure><\/li><\/ul><\/figure>","protected":false},"excerpt":{"rendered":"<p>For Vibraphone, Percussion and Electronics. Collaboration with video and dance. This was my last opportunity to be part of the fantastic experiment between UT School of Music and the Department of Theatre and Dance called Ears, Eyes, and Feet. This was a great opportunity to compose and to also be on stage as part of &hellip; <\/p>\n<p class=\"link-more\"><a href=\"https:\/\/josegmartinez.com\/es\/music\/multimedia\/chimera\/\" class=\"more-link\">Continuar leyendo<span class=\"screen-reader-text\"> &#8220;Chimera&#8221;<\/span><\/a><\/p>","protected":false},"author":1,"featured_media":0,"parent":214,"menu_order":0,"comment_status":"closed","ping_status":"closed","template":"","meta":{"jetpack_post_was_ever_published":false,"footnotes":""},"class_list":["post-404","page","type-page","status-publish","hentry"],"jetpack_sharing_enabled":true,"jetpack_shortlink":"https:\/\/wp.me\/Pc1NYo-6w","_links":{"self":[{"href":"https:\/\/josegmartinez.com\/es\/wp-json\/wp\/v2\/pages\/404","targetHints":{"allow":["GET"]}}],"collection":[{"href":"https:\/\/josegmartinez.com\/es\/wp-json\/wp\/v2\/pages"}],"about":[{"href":"https:\/\/josegmartinez.com\/es\/wp-json\/wp\/v2\/types\/page"}],"author":[{"embeddable":true,"href":"https:\/\/josegmartinez.com\/es\/wp-json\/wp\/v2\/users\/1"}],"replies":[{"embeddable":true,"href":"https:\/\/josegmartinez.com\/es\/wp-json\/wp\/v2\/comments?post=404"}],"version-history":[{"count":1,"href":"https:\/\/josegmartinez.com\/es\/wp-json\/wp\/v2\/pages\/404\/revisions"}],"predecessor-version":[{"id":408,"href":"https:\/\/josegmartinez.com\/es\/wp-json\/wp\/v2\/pages\/404\/revisions\/408"}],"up":[{"embeddable":true,"href":"https:\/\/josegmartinez.com\/es\/wp-json\/wp\/v2\/pages\/214"}],"wp:attachment":[{"href":"https:\/\/josegmartinez.com\/es\/wp-json\/wp\/v2\/media?parent=404"}],"curies":[{"name":"wp","href":"https:\/\/api.w.org\/{rel}","templated":true}]}}