{"id":353,"date":"2020-05-08T17:09:40","date_gmt":"2020-05-08T17:09:40","guid":{"rendered":"https:\/\/josegmartinez.com\/?page_id=353"},"modified":"2020-05-13T21:12:50","modified_gmt":"2020-05-13T21:12:50","slug":"mutaciones-i","status":"publish","type":"page","link":"https:\/\/josegmartinez.com\/es\/music\/large-ensemble\/mutaciones-i\/","title":{"rendered":"Mutaciones I"},"content":{"rendered":"<p class=\"has-text-align-right\">2222, 4221, 3 Perc, Timb. Cuerdas.<\/p>\n\n\n\n<p class=\"has-text-align-right\">Premio Nacional de Cultura 2013. Otorgado por la Universidad de Antioquia, Medell\u00edn, Colombia.<\/p>\n\n\n\n<p>Esta pieza fue el comienzo de mi (re)apreciaci\u00f3n de la m\u00fasica popular. En este caso la experimentaci\u00f3n fue a trav\u00e9s de la m\u00fasica tradicional colombiana, dado que es la m\u00e1s cercana para m\u00ed. Una vez la pieza estuvo terminada, el contenido tradicional fue dif\u00edcil de reconocer porque su mutaci\u00f3n fue en algunos casos muy agresiva, de ah\u00ed el nombre. Mutaciones II y II est\u00e1n en proceso, y es uno de esos proyectos interminables que me he inventado para mantenerme creativo.<\/p>\n\n\n\n<hr class=\"wp-block-separator is-style-wide\"\/>\n\n\n\n<p class=\"has-text-align-center has-small-font-size\">Grabaci\u00f3n por la orquesta de EAFIT Medell\u00edn, Colombia. Dirigida por Cecilia Espinoza.<\/p>\n\n\n\n<iframe width=\"100%\" height=\"166\" scrolling=\"no\" frameborder=\"no\" allow=\"autoplay\" data-src=\"https:\/\/w.soundcloud.com\/player\/?url=https%3A\/\/api.soundcloud.com\/tracks\/566970630&amp;color=%23ff5500&amp;auto_play=false&amp;hide_related=false&amp;show_comments=true&amp;show_user=true&amp;show_reposts=false&amp;show_teaser=true\" src=\"data:image\/gif;base64,R0lGODlhAQABAAAAACH5BAEKAAEALAAAAAABAAEAAAICTAEAOw==\" class=\"lazyload\" data-load-mode=\"1\"><\/iframe>\n\n\n\n<hr class=\"wp-block-separator is-style-wide\"\/>\n\n\n\n<p class=\"translation-block\">Nota personal: \"Y entonces no recib\u00ed el usual email diciendo: 'como es usual recibimos muchas aplicaciones (incluso a veces se disculpan por la tardanza), la mayor\u00eda de ellas de mucha calidad (aqu\u00ed adicionan algo sobre haber recibido m\u00e1s de las esperadas) pero lamentamos informarle que su pieza no fue seleccionada para nuestro evento XYZ (y por supuesto jam\u00e1s te dicen porqu\u00e9)'. Esta vez recib\u00ed un correo m\u00e1s directo y motivador: 'Querido Se\u00f1or Mart\u00ednez, usted ha sido ganador del Premio Nacional de Cultura de 2013 otorgado por la Universidad de Antioquia.' Celebraci\u00f3n, felicidad, $$$, unas cervezas con los amigos, y un premio bien pesado hecho de cristal.\"<\/p>\n\n\n\n<figure class=\"wp-block-gallery columns-3 is-cropped wp-block-gallery-1 is-layout-flex wp-block-gallery-is-layout-flex\"><ul class=\"blocks-gallery-grid\"><li class=\"blocks-gallery-item\"><figure><img decoding=\"async\" width=\"960\" height=\"720\" data-src=\"http:\/\/josegmartinez.com\/wp-content\/uploads\/2020\/05\/Mutaciones-I-1.jpg\" alt=\"\" data-id=\"354\" data-full-url=\"http:\/\/josegmartinez.com\/wp-content\/uploads\/2020\/05\/Mutaciones-I-1.jpg\" data-link=\"https:\/\/josegmartinez.com\/?attachment_id=354\" class=\"wp-image-354 lazyload\" data-srcset=\"https:\/\/josegmartinez.com\/wp-content\/uploads\/2020\/05\/Mutaciones-I-1.jpg 960w, https:\/\/josegmartinez.com\/wp-content\/uploads\/2020\/05\/Mutaciones-I-1-300x225.jpg 300w, https:\/\/josegmartinez.com\/wp-content\/uploads\/2020\/05\/Mutaciones-I-1-768x576.jpg 768w\" data-sizes=\"(max-width: 767px) 89vw, (max-width: 1000px) 54vw, (max-width: 1071px) 543px, 580px\" src=\"data:image\/gif;base64,R0lGODlhAQABAAAAACH5BAEKAAEALAAAAAABAAEAAAICTAEAOw==\" style=\"--smush-placeholder-width: 960px; --smush-placeholder-aspect-ratio: 960\/720;\" \/><\/figure><\/li><li class=\"blocks-gallery-item\"><figure><img decoding=\"async\" width=\"620\" height=\"960\" data-src=\"http:\/\/josegmartinez.com\/wp-content\/uploads\/2020\/05\/Mutaciones-I-2.jpg\" alt=\"\" data-id=\"355\" data-full-url=\"http:\/\/josegmartinez.com\/wp-content\/uploads\/2020\/05\/Mutaciones-I-2.jpg\" data-link=\"https:\/\/josegmartinez.com\/?attachment_id=355\" class=\"wp-image-355 lazyload\" data-srcset=\"https:\/\/josegmartinez.com\/wp-content\/uploads\/2020\/05\/Mutaciones-I-2.jpg 620w, https:\/\/josegmartinez.com\/wp-content\/uploads\/2020\/05\/Mutaciones-I-2-194x300.jpg 194w\" data-sizes=\"(max-width: 620px) 100vw, 620px\" src=\"data:image\/gif;base64,R0lGODlhAQABAAAAACH5BAEKAAEALAAAAAABAAEAAAICTAEAOw==\" style=\"--smush-placeholder-width: 620px; --smush-placeholder-aspect-ratio: 620\/960;\" \/><\/figure><\/li><li class=\"blocks-gallery-item\"><figure><img decoding=\"async\" width=\"768\" height=\"1024\" data-src=\"http:\/\/josegmartinez.com\/wp-content\/uploads\/2020\/05\/Mutaciones-I-3-768x1024.jpg\" alt=\"\" data-id=\"356\" data-full-url=\"http:\/\/josegmartinez.com\/wp-content\/uploads\/2020\/05\/Mutaciones-I-3.jpg\" data-link=\"https:\/\/josegmartinez.com\/?attachment_id=356\" class=\"wp-image-356 lazyload\" data-srcset=\"https:\/\/josegmartinez.com\/wp-content\/uploads\/2020\/05\/Mutaciones-I-3-768x1024.jpg 768w, https:\/\/josegmartinez.com\/wp-content\/uploads\/2020\/05\/Mutaciones-I-3-225x300.jpg 225w, https:\/\/josegmartinez.com\/wp-content\/uploads\/2020\/05\/Mutaciones-I-3-1152x1536.jpg 1152w, https:\/\/josegmartinez.com\/wp-content\/uploads\/2020\/05\/Mutaciones-I-3.jpg 1536w\" data-sizes=\"(max-width: 767px) 89vw, (max-width: 1000px) 54vw, (max-width: 1071px) 543px, 580px\" src=\"data:image\/gif;base64,R0lGODlhAQABAAAAACH5BAEKAAEALAAAAAABAAEAAAICTAEAOw==\" style=\"--smush-placeholder-width: 768px; --smush-placeholder-aspect-ratio: 768\/1024;\" \/><\/figure><\/li><\/ul><figcaption class=\"blocks-gallery-caption\">Durante el estreno en EEUU a cargo de la Orquesta de la Universidad Estatal de Texas. Dirigida por Jacob Harrison.<\/figcaption><\/figure>","protected":false},"excerpt":{"rendered":"<p>2222, 4221, 3 Perc, Timp. Strings. National Culture Prize 2013 awarded by Universidad de Antioquia. Medell\u00edn, Colombia. The piece was the beginning of my (re)appreciation of popular music. In this case the\u00a0experimentation was on\u00a0Colombian folk music simply because is the one that is closer to me. Once the work was finished the folk content was &hellip; <\/p>\n<p class=\"link-more\"><a href=\"https:\/\/josegmartinez.com\/es\/music\/large-ensemble\/mutaciones-i\/\" class=\"more-link\">Continuar leyendo<span class=\"screen-reader-text\"> &#8220;Mutaciones I&#8221;<\/span><\/a><\/p>","protected":false},"author":1,"featured_media":0,"parent":234,"menu_order":0,"comment_status":"closed","ping_status":"closed","template":"","meta":{"jetpack_post_was_ever_published":false,"footnotes":""},"class_list":["post-353","page","type-page","status-publish","hentry"],"jetpack_sharing_enabled":true,"jetpack_shortlink":"https:\/\/wp.me\/Pc1NYo-5H","_links":{"self":[{"href":"https:\/\/josegmartinez.com\/es\/wp-json\/wp\/v2\/pages\/353","targetHints":{"allow":["GET"]}}],"collection":[{"href":"https:\/\/josegmartinez.com\/es\/wp-json\/wp\/v2\/pages"}],"about":[{"href":"https:\/\/josegmartinez.com\/es\/wp-json\/wp\/v2\/types\/page"}],"author":[{"embeddable":true,"href":"https:\/\/josegmartinez.com\/es\/wp-json\/wp\/v2\/users\/1"}],"replies":[{"embeddable":true,"href":"https:\/\/josegmartinez.com\/es\/wp-json\/wp\/v2\/comments?post=353"}],"version-history":[{"count":9,"href":"https:\/\/josegmartinez.com\/es\/wp-json\/wp\/v2\/pages\/353\/revisions"}],"predecessor-version":[{"id":639,"href":"https:\/\/josegmartinez.com\/es\/wp-json\/wp\/v2\/pages\/353\/revisions\/639"}],"up":[{"embeddable":true,"href":"https:\/\/josegmartinez.com\/es\/wp-json\/wp\/v2\/pages\/234"}],"wp:attachment":[{"href":"https:\/\/josegmartinez.com\/es\/wp-json\/wp\/v2\/media?parent=353"}],"curies":[{"name":"wp","href":"https:\/\/api.w.org\/{rel}","templated":true}]}}