{"id":349,"date":"2020-05-08T16:56:12","date_gmt":"2020-05-08T16:56:12","guid":{"rendered":"https:\/\/josegmartinez.com\/?page_id=349"},"modified":"2020-05-13T20:32:46","modified_gmt":"2020-05-13T20:32:46","slug":"interferencias","status":"publish","type":"page","link":"https:\/\/josegmartinez.com\/es\/music\/large-ensemble\/interferencias\/","title":{"rendered":"Interferencias"},"content":{"rendered":"<p class=\"has-text-align-right\">Estrenada por la Orquesta de la Universidad de Missouri. Dirigida por Edward Dolbashian.<\/p>\n\n\n\n<p class=\"has-text-align-right\">Comisionada por Sinquefield Charitable Foundation.<\/p>\n\n\n\n<p>Como ganador del premio de composici\u00f3n Sinquefield de la Universidad de \nMissouri, tuve la oportunidad de escribir una pieza para la orquesta de la universidad. El primer paso para la construcci\u00f3n de la pieza fue usando un proceso num\u00e9rico. Empec\u00e9 con los n\u00fameros de algunas frecuencias y use los c\u00e1lculos de la s\u00edntesis por FM (Modulaci\u00f3n de Frecuencia). Las frecuencias resultantes - bandas laterales - las us\u00e9 para recrear las interferencias.<\/p>\n\n\n\n<iframe width=\"100%\" height=\"166\" scrolling=\"no\" frameborder=\"no\" allow=\"autoplay\" data-src=\"https:\/\/w.soundcloud.com\/player\/?url=https%3A\/\/api.soundcloud.com\/tracks\/149671306&amp;color=%23ff5500&amp;auto_play=false&amp;hide_related=false&amp;show_comments=true&amp;show_user=true&amp;show_reposts=false&amp;show_teaser=true\" src=\"data:image\/gif;base64,R0lGODlhAQABAAAAACH5BAEKAAEALAAAAAABAAEAAAICTAEAOw==\" class=\"lazyload\" data-load-mode=\"1\"><\/iframe>\n\n\n\n<p>Ese proceso fue racional, intrincado, y sistem\u00e1tico y fue al mismo tiempo muy productivo y motivador. En algunos momentos, sent\u00ed que el resultado hab\u00eda sido un poco crudo as\u00ed que adicion\u00e9 alguna flexibilidad al proceso creativo y a la selecci\u00f3n de notas. Visualmente, el resultado de esta interferencia pueden ser observado en la imagen creada de la artista estadounidense Berenice Abbott, esta imagen se puede ver&nbsp;<a href=\"http:\/\/www.metmuseum.org\/collection\/the-collection-online\/search\/265859\">enlace.<\/a>. <\/p>\n\n\n\n<figure class=\"wp-block-embed-youtube wp-block-embed is-type-video is-provider-youtube wp-embed-aspect-16-9 wp-has-aspect-ratio\"><div class=\"wp-block-embed__wrapper\">\n<span class=\"embed-youtube\" style=\"text-align:center; display: block;\"><iframe class=\"youtube-player lazyload\" width=\"525\" height=\"296\" data-src=\"https:\/\/www.youtube.com\/embed\/VDGVgj_nxpo?version=3&#038;rel=1&#038;showsearch=0&#038;showinfo=1&#038;iv_load_policy=1&#038;fs=1&#038;hl=es-CO&#038;autohide=2&#038;wmode=transparent\" allowfullscreen=\"true\" style=\"border:0;\" sandbox=\"allow-scripts allow-same-origin allow-popups allow-presentation allow-popups-to-escape-sandbox\" src=\"data:image\/gif;base64,R0lGODlhAQABAAAAACH5BAEKAAEALAAAAAABAAEAAAICTAEAOw==\" data-load-mode=\"1\"><\/iframe><\/span>\n<\/div><\/figure>\n\n\n\n<p class=\"has-text-align-center has-small-font-size\">\"Dos fuentes colisionan y crean interferencias: Los sonidos (alturas) colisionan y crean nuevos sonidos y timbres, a medida que crean sonidos interactuan con ellos y crean m\u00e1s y m\u00e1s. Una reacci\u00f3n en cadena interminable se desarrolla\". <\/p>","protected":false},"excerpt":{"rendered":"<p>Premiered by University of Missouri Philharmonic. Conducted by Edward Dolbashian. Commissioned by the Sinquefield Charitable Foundation. As winner of the Sinquefield Prize in the University of Missouri they gave me the chance to write a piece for the University Philharmonic. The first step towards this piece was a numerical approach. For this, I put frequency &hellip; <\/p>\n<p class=\"link-more\"><a href=\"https:\/\/josegmartinez.com\/es\/music\/large-ensemble\/interferencias\/\" class=\"more-link\">Continuar leyendo<span class=\"screen-reader-text\"> &#8220;Interferencias&#8221;<\/span><\/a><\/p>","protected":false},"author":1,"featured_media":0,"parent":234,"menu_order":0,"comment_status":"closed","ping_status":"closed","template":"","meta":{"jetpack_post_was_ever_published":false,"footnotes":""},"class_list":["post-349","page","type-page","status-publish","hentry"],"jetpack_sharing_enabled":true,"jetpack_shortlink":"https:\/\/wp.me\/Pc1NYo-5D","_links":{"self":[{"href":"https:\/\/josegmartinez.com\/es\/wp-json\/wp\/v2\/pages\/349","targetHints":{"allow":["GET"]}}],"collection":[{"href":"https:\/\/josegmartinez.com\/es\/wp-json\/wp\/v2\/pages"}],"about":[{"href":"https:\/\/josegmartinez.com\/es\/wp-json\/wp\/v2\/types\/page"}],"author":[{"embeddable":true,"href":"https:\/\/josegmartinez.com\/es\/wp-json\/wp\/v2\/users\/1"}],"replies":[{"embeddable":true,"href":"https:\/\/josegmartinez.com\/es\/wp-json\/wp\/v2\/comments?post=349"}],"version-history":[{"count":5,"href":"https:\/\/josegmartinez.com\/es\/wp-json\/wp\/v2\/pages\/349\/revisions"}],"predecessor-version":[{"id":632,"href":"https:\/\/josegmartinez.com\/es\/wp-json\/wp\/v2\/pages\/349\/revisions\/632"}],"up":[{"embeddable":true,"href":"https:\/\/josegmartinez.com\/es\/wp-json\/wp\/v2\/pages\/234"}],"wp:attachment":[{"href":"https:\/\/josegmartinez.com\/es\/wp-json\/wp\/v2\/media?parent=349"}],"curies":[{"name":"wp","href":"https:\/\/api.w.org\/{rel}","templated":true}]}}