{"id":343,"date":"2020-05-08T16:41:08","date_gmt":"2020-05-08T16:41:08","guid":{"rendered":"https:\/\/josegmartinez.com\/?page_id=343"},"modified":"2020-05-13T20:08:48","modified_gmt":"2020-05-13T20:08:48","slug":"danzas-torridas","status":"publish","type":"page","link":"https:\/\/josegmartinez.com\/es\/music\/large-ensemble\/danzas-torridas\/","title":{"rendered":"Danzas T\u00f3rridas"},"content":{"rendered":"<div class=\"wp-block-group\"><div class=\"wp-block-group__inner-container is-layout-flow wp-block-group-is-layout-flow\">\n<p class=\"has-text-align-right\">Sinfonietta (2014)<\/p>\n\n\n\n<p class=\"has-text-align-right\">Escrita y estrenada por <a href=\"https:\/\/www.alarmwillsound.com\">Alarm Will Sound<\/a> para el Festival Internacional de Compositores de Missouri del 2014.<\/p>\n<\/div><\/div>\n\n\n\n<div class=\"wp-block-columns is-layout-flex wp-container-core-columns-is-layout-9d6595d7 wp-block-columns-is-layout-flex\">\n<div class=\"wp-block-column is-layout-flow wp-block-column-is-layout-flow\">\n<div style=\"height:24px\" aria-hidden=\"true\" class=\"wp-block-spacer\"><\/div>\n\n\n\n<figure class=\"wp-block-image size-large\"><img decoding=\"async\" width=\"786\" height=\"324\" data-src=\"http:\/\/josegmartinez.com\/wp-content\/uploads\/2020\/05\/Danzas-Torridas.jpg\" alt=\"\" class=\"wp-image-344 lazyload\" data-srcset=\"https:\/\/josegmartinez.com\/wp-content\/uploads\/2020\/05\/Danzas-Torridas.jpg 786w, https:\/\/josegmartinez.com\/wp-content\/uploads\/2020\/05\/Danzas-Torridas-300x124.jpg 300w, https:\/\/josegmartinez.com\/wp-content\/uploads\/2020\/05\/Danzas-Torridas-768x317.jpg 768w\" data-sizes=\"(max-width: 767px) 89vw, (max-width: 1000px) 54vw, (max-width: 1071px) 543px, 580px\" src=\"data:image\/gif;base64,R0lGODlhAQABAAAAACH5BAEKAAEALAAAAAABAAEAAAICTAEAOw==\" style=\"--smush-placeholder-width: 786px; --smush-placeholder-aspect-ratio: 786\/324;\" \/><\/figure>\n<\/div>\n\n\n\n<div class=\"wp-block-column is-layout-flow wp-block-column-is-layout-flow\">\n<p>Para esta pieza me sal\u00ed de mi zona de confort y decid\u00ed hacer algo que nunca hab\u00eda realizado (pero que siempre hab\u00eda querido hacer). Esta pieza contiene una fuerte influencia de la m\u00fasica latina, no como una sugerencia, pero en este caso m\u00e1s directo y frontal. El baile es una parte muy importante de las culturas de Latinoam\u00e9rica  y yo nac\u00ed en Cali, Colombia, ciudad que llaman \"Capital Mundial de la Salsa\". As\u00ed que esta m\u00fasica me ha acompa\u00f1ado desde el principio.<\/p>\n<\/div>\n<\/div>\n\n\n\n<p>Persigo una ideolog\u00eda en la que la m\u00fasica popular y la m\u00fasica cl\u00e1sica son igualmente importantes. Esta obra fue un ejercicio intimidante, pero despu\u00e9s de escribirla, sent\u00ed que mi paleta creativa se hab\u00eda ampliado y refrescado. <\/p>\n\n\n\n<iframe width=\"100%\" height=\"166\" scrolling=\"no\" frameborder=\"no\" allow=\"autoplay\" data-src=\"https:\/\/w.soundcloud.com\/player\/?url=https%3A\/\/api.soundcloud.com\/tracks\/169748067&amp;color=%23ff5500&amp;auto_play=false&amp;hide_related=false&amp;show_comments=true&amp;show_user=true&amp;show_reposts=false&amp;show_teaser=true\" src=\"data:image\/gif;base64,R0lGODlhAQABAAAAACH5BAEKAAEALAAAAAABAAEAAAICTAEAOw==\" class=\"lazyload\" data-load-mode=\"1\"><\/iframe>","protected":false},"excerpt":{"rendered":"<p>Sinfonietta (2014) Written for&nbsp;and premiered by Alarm Will Sound for the Missouri International Composers Festival 2014. For this piece, I went\u00a0out of my comfort zone and decided to do something I had never done before (but always wanted to do). I wrote a piece that had a strong Latin vibe, not as a suggestion but &hellip; <\/p>\n<p class=\"link-more\"><a href=\"https:\/\/josegmartinez.com\/es\/music\/large-ensemble\/danzas-torridas\/\" class=\"more-link\">Continuar leyendo<span class=\"screen-reader-text\"> &#8220;Danzas T\u00f3rridas&#8221;<\/span><\/a><\/p>","protected":false},"author":1,"featured_media":0,"parent":234,"menu_order":0,"comment_status":"closed","ping_status":"closed","template":"","meta":{"jetpack_post_was_ever_published":false,"footnotes":""},"class_list":["post-343","page","type-page","status-publish","hentry"],"jetpack_sharing_enabled":true,"jetpack_shortlink":"https:\/\/wp.me\/Pc1NYo-5x","_links":{"self":[{"href":"https:\/\/josegmartinez.com\/es\/wp-json\/wp\/v2\/pages\/343","targetHints":{"allow":["GET"]}}],"collection":[{"href":"https:\/\/josegmartinez.com\/es\/wp-json\/wp\/v2\/pages"}],"about":[{"href":"https:\/\/josegmartinez.com\/es\/wp-json\/wp\/v2\/types\/page"}],"author":[{"embeddable":true,"href":"https:\/\/josegmartinez.com\/es\/wp-json\/wp\/v2\/users\/1"}],"replies":[{"embeddable":true,"href":"https:\/\/josegmartinez.com\/es\/wp-json\/wp\/v2\/comments?post=343"}],"version-history":[{"count":6,"href":"https:\/\/josegmartinez.com\/es\/wp-json\/wp\/v2\/pages\/343\/revisions"}],"predecessor-version":[{"id":628,"href":"https:\/\/josegmartinez.com\/es\/wp-json\/wp\/v2\/pages\/343\/revisions\/628"}],"up":[{"embeddable":true,"href":"https:\/\/josegmartinez.com\/es\/wp-json\/wp\/v2\/pages\/234"}],"wp:attachment":[{"href":"https:\/\/josegmartinez.com\/es\/wp-json\/wp\/v2\/media?parent=343"}],"curies":[{"name":"wp","href":"https:\/\/api.w.org\/{rel}","templated":true}]}}