{"id":338,"date":"2020-05-08T16:29:05","date_gmt":"2020-05-08T16:29:05","guid":{"rendered":"https:\/\/josegmartinez.com\/?page_id=338"},"modified":"2020-05-13T19:37:12","modified_gmt":"2020-05-13T19:37:12","slug":"images-from-macondo","status":"publish","type":"page","link":"https:\/\/josegmartinez.com\/es\/music\/large-ensemble\/images-from-macondo\/","title":{"rendered":"Im\u00e1genes de Macondo"},"content":{"rendered":"<p class=\"has-text-align-right\">Sinfonietta (2015)<\/p>\n\n\n\n<p>\"Macondo\" es un pueblo ficticio creado por el escritor Colombiano y ganador del Premio Nobel, Gabriel Garc\u00eda M\u00e1rquez en su novela \"Cien A\u00f1os de Soledad\". El pueblo es este lugar m\u00e1gico supuestamente localizado en la costa caribe\u00f1a de Colombia. Sus calles son testigos de inesperados y m\u00e1gicos sucesos, llevados a cabo por personajes \u00fanicos y extravagantes. La trama de la novela se centra en siete generaciones de la Familia Buend\u00eda.<br>Es m\u00fasica es un intento de capturar cuatro episodios espec\u00edficos de la novela (de muchos m\u00e1s posibles) los cuales llamaron mi atenci\u00f3n y que sent\u00ed que pod\u00edan funcionar bien en m\u00fasica. Para un mejor entendimiento, abajo he adicionado extractos que se relacionan con cada movimiento de la pieza.<\/p>\n\n\n\n<p>1. 4 a\u00f1os, 11 meses, y 2 d\u00edas&nbsp;<br>(...) Llovi\u00f3 cuatro a\u00f1os, once meses, y dos d\u00edas. Hubo per\u00edodos de llovizna en que todo el mundo se puso sus ropas de pontifical y se compuso una cara de convaleciente para celebrar la escampada, pero pronto se acostumbraron a interpretar las pausas como anuncios de recrudecimiento (...)<\/p>\n\n\n\n<p>2. El Carnaval de Aureliano<br>(...) El carnaval hab\u00eda alcanzado su m\u00e1s alto nivel de locura, Aureliano Segundo hab\u00eda satisfecho por fin su deseo de disfrazarse de tigre y andaba feliz Entre la muchedumbre desaforada, ronco de tanto roncar, cuando apareci\u00f3 por el camino de la ci\u00e9naga una comparsa multitudinaria llevando en andas doradas a la mujer m\u00e1s fascinante que hubiera podido concebir la imaginaci\u00f3n (...)<\/p>\n\n\n\n<p>3. El Hilo de Sangre<br>(...) El hilo de sangre sali\u00f3 por debajo de la puerta, atraves\u00f3 la sala, sali\u00f3 a la calle, sigui\u00f3 en un curso directo por los andenes disparejos, descendi\u00f3 escalinatas y subi\u00f3 pretiles, pas\u00f3 de largo por la calle de los Turcos, dobl\u00f3 una esquina a la derecha y otra a la izquierda, volte\u00f3 en \u00e1ngulo recto frente a la casa de los Buend\u00eda, pas\u00f3 por debajo de la puerta cerrada, atraves\u00f3 la sala de visitas pegado a las paredes para no mancar los tapices, sigui\u00f3 por la otra sala, eludi\u00f3 en una curva amplia la mesa del comedor, avanz\u00f3 por el corredor de las begonias y pas\u00f3 sin ser visto por d\u00e9banos de la silla de Amaranta que daba una lecci\u00f3n de aritm\u00e9tica a Aureliano Jos\u00e9, y se meti\u00f3 por el granero y apareci\u00f3 en la cocina donde \u00darsula se dispon\u00eda a partir treinta y seis huevos para el pan (...)<\/p>\n\n\n\n<p>4. La soledad de \u00darsula&nbsp;<br>(\u2026) They found her dead on the morning of Good Thursday. The last time that they had helped her calculate her age, during the time of the banana company, she had estimated it as between one hundred fifteen and one hundred twenty-two. (\u2026)<\/p>\n\n\n\n<hr class=\"wp-block-separator has-text-color has-background has-very-light-gray-background-color has-very-light-gray-color is-style-wide\"\/>\n\n\n\n<p>Grabaci\u00f3n en vivo por mis colegas del Ensamble Exit 128.<\/p>\n\n\n\n<iframe width=\"100%\" height=\"350\" scrolling=\"no\" frameborder=\"no\" allow=\"autoplay\" data-src=\"https:\/\/w.soundcloud.com\/player\/?url=https%3A\/\/api.soundcloud.com\/playlists\/172410822&amp;color=%23ff5500&amp;auto_play=false&amp;hide_related=false&amp;show_comments=true&amp;show_user=true&amp;show_reposts=false&amp;show_teaser=true\" src=\"data:image\/gif;base64,R0lGODlhAQABAAAAACH5BAEKAAEALAAAAAABAAEAAAICTAEAOw==\" class=\"lazyload\" data-load-mode=\"1\"><\/iframe>","protected":false},"excerpt":{"rendered":"<p>Sinfonietta (2015) &#8220;Macondo&#8221; is a fictional town created by Colombian Nobel Prize Winner Gabriel Garc\u00eda Marquez in his novel &#8220;One hundred years of Solitude.&#8221; The town is a unique place supposedly located on the Caribbean coast of Colombia. Its streets witness the most unexpected and magical events, executed by its unique and flamboyant characters. The &hellip; <\/p>\n<p class=\"link-more\"><a href=\"https:\/\/josegmartinez.com\/es\/music\/large-ensemble\/images-from-macondo\/\" class=\"more-link\">Continuar leyendo<span class=\"screen-reader-text\"> &#8220;Images from Macondo&#8221;<\/span><\/a><\/p>","protected":false},"author":1,"featured_media":0,"parent":234,"menu_order":0,"comment_status":"closed","ping_status":"closed","template":"","meta":{"jetpack_post_was_ever_published":false,"footnotes":""},"class_list":["post-338","page","type-page","status-publish","hentry"],"jetpack_sharing_enabled":true,"jetpack_shortlink":"https:\/\/wp.me\/Pc1NYo-5s","_links":{"self":[{"href":"https:\/\/josegmartinez.com\/es\/wp-json\/wp\/v2\/pages\/338","targetHints":{"allow":["GET"]}}],"collection":[{"href":"https:\/\/josegmartinez.com\/es\/wp-json\/wp\/v2\/pages"}],"about":[{"href":"https:\/\/josegmartinez.com\/es\/wp-json\/wp\/v2\/types\/page"}],"author":[{"embeddable":true,"href":"https:\/\/josegmartinez.com\/es\/wp-json\/wp\/v2\/users\/1"}],"replies":[{"embeddable":true,"href":"https:\/\/josegmartinez.com\/es\/wp-json\/wp\/v2\/comments?post=338"}],"version-history":[{"count":5,"href":"https:\/\/josegmartinez.com\/es\/wp-json\/wp\/v2\/pages\/338\/revisions"}],"predecessor-version":[{"id":625,"href":"https:\/\/josegmartinez.com\/es\/wp-json\/wp\/v2\/pages\/338\/revisions\/625"}],"up":[{"embeddable":true,"href":"https:\/\/josegmartinez.com\/es\/wp-json\/wp\/v2\/pages\/234"}],"wp:attachment":[{"href":"https:\/\/josegmartinez.com\/es\/wp-json\/wp\/v2\/media?parent=338"}],"curies":[{"name":"wp","href":"https:\/\/api.w.org\/{rel}","templated":true}]}}