{"id":336,"date":"2020-05-08T16:18:00","date_gmt":"2020-05-08T16:18:00","guid":{"rendered":"https:\/\/josegmartinez.com\/?page_id=336"},"modified":"2026-03-01T21:20:30","modified_gmt":"2026-03-02T02:20:30","slug":"on-the-other-side","status":"publish","type":"page","link":"https:\/\/josegmartinez.com\/es\/music\/large-ensemble\/on-the-other-side\/","title":{"rendered":"En el Otro Lado"},"content":{"rendered":"<p class=\"has-text-align-right\">2 2 2 2, 2 2 0 0, 2 Perc, Timb. Cuerdas. (2019)<\/p>\n\n\n\n<p>Esta pieza est\u00e1 basada en mi obra interdisciplinar titulada \"39 Inside\". Esta colaboraci\u00f3n cuenta la historia de treinta y nueve migrantes indocumentados encontrados dentro de un trailer en la ciudad de San Antonio, Texas durante el verano abrazador de 2017. Testigos dicen que hubo quiz\u00e1 un total de cien personas en el trailer, pero la mayor\u00eda de ellos se fueron antes de que la polic\u00eda llegara. Aquellos que quedaron, fueron encontrados extremadamente d\u00e9biles, sofoc\u00e1ndose, y deshidratados. Ocho de ellos murieron.<\/p>\n\n\n\n<p>Esta versi\u00f3n orquestal no tiene el enriquecedor complemento del v\u00eddeo, el movimiento, y la electr\u00f3nica. Sin embargo, mantiene la mayor\u00eda de los elementos musicales vividos. La introducci\u00f3n lleva la audiencia al trailer, a aquel momento en que los migrantes fueron encontrados y evoca la falta de aire, el miedo, y la quietud. La secci\u00f3n m\u00e1s r\u00edtmica nos pone en el camino, yendo hacia el norte y lejos del borde. Escuchamos ahora solistas en medio de la muchedumbre que nos cuentan sus historias. La secci\u00f3n final tiene sonidos contratantes que son a su vez t\u00edmidos pero turbulentos, representando los pensamientos internos y los sue\u00f1os de los migrantes. Esta esperanza contrasta radicalmente con la fatalidad del final para algunos de ellos.&nbsp;<\/p>\n\n\n\n<iframe width=\"100%\" height=\"166\" scrolling=\"no\" frameborder=\"no\" allow=\"autoplay\" data-src=\"https:\/\/w.soundcloud.com\/player\/?url=https%3A\/\/api.soundcloud.com\/tracks\/679081518&amp;color=%23ff5500&amp;auto_play=false&amp;hide_related=false&amp;show_comments=true&amp;show_user=true&amp;show_reposts=false&amp;show_teaser=true\" src=\"data:image\/gif;base64,R0lGODlhAQABAAAAACH5BAEKAAEALAAAAAABAAEAAAICTAEAOw==\" class=\"lazyload\" data-load-mode=\"1\"><\/iframe>\n\n\n\n<p>Here&#8217;s another take on the piece, this time a reading that took place with the Houston Orchestra. This all happened thanks to the incredible support of the American Composers Orchestra (ACO) and the Earshot program. <a href=\"https:\/\/americancomposers.org\/performances-events\/2022-houston-earshot-about-program\/\">Find more info here<\/a>.<\/p>\n\n\n\n<iframe width=\"100%\" height=\"166\" scrolling=\"no\" frameborder=\"no\" allow=\"autoplay\" data-src=\"https:\/\/w.soundcloud.com\/player\/?url=https%3A\/\/api.soundcloud.com\/tracks\/1427685808&#038;color=%23ff5500&#038;auto_play=false&#038;hide_related=false&#038;show_comments=true&#038;show_user=true&#038;show_reposts=false&#038;show_teaser=true\" src=\"data:image\/gif;base64,R0lGODlhAQABAAAAACH5BAEKAAEALAAAAAABAAEAAAICTAEAOw==\" class=\"lazyload\" data-load-mode=\"1\"><\/iframe><div style=\"font-size: 10px; color: #cccccc;line-break: anywhere;word-break: normal;overflow: hidden;white-space: nowrap;text-overflow: ellipsis; font-family: Interstate,Lucida Grande,Lucida Sans Unicode,Lucida Sans,Garuda,Verdana,Tahoma,sans-serif;font-weight: 100;\"><a href=\"https:\/\/soundcloud.com\/josemartinezcomposer\" title=\"Jos\u00e9 Mart\u00ednez\" target=\"_blank\" style=\"color: #cccccc; text-decoration: none;\" rel=\"noopener\">Jos\u00e9 Mart\u00ednez<\/a> \u00b7 <a href=\"https:\/\/soundcloud.com\/josemartinezcomposer\/en_el_otro_lado_houston_aco\" title=\"En El Otro Lado - ACO Readings (Houston Orchestra)\" target=\"_blank\" style=\"color: #cccccc; text-decoration: none;\" rel=\"noopener\">En El Otro Lado &#8211; ACO Readings (Houston Orchestra)<\/a><\/div>","protected":false},"excerpt":{"rendered":"<p>2 2 2 2, 2 2 0 0, 2 Perc, Timp. Strings. (2019) This work is based on the music for my multimedia collaboration with video and dance titled \u201c39 Inside.\u201d The collaboration tells the story of 39 undocumented migrants found inside a trailer-truck in a parking lot in San Antonio, TX during the scorching &hellip; <\/p>\n<p class=\"link-more\"><a href=\"https:\/\/josegmartinez.com\/es\/music\/large-ensemble\/on-the-other-side\/\" class=\"more-link\">Continuar leyendo<span class=\"screen-reader-text\"> &#8220;On the Other Side&#8221;<\/span><\/a><\/p>","protected":false},"author":1,"featured_media":0,"parent":234,"menu_order":0,"comment_status":"closed","ping_status":"closed","template":"","meta":{"jetpack_post_was_ever_published":false,"footnotes":""},"class_list":["post-336","page","type-page","status-publish","hentry"],"jetpack_sharing_enabled":true,"jetpack_shortlink":"https:\/\/wp.me\/Pc1NYo-5q","_links":{"self":[{"href":"https:\/\/josegmartinez.com\/es\/wp-json\/wp\/v2\/pages\/336","targetHints":{"allow":["GET"]}}],"collection":[{"href":"https:\/\/josegmartinez.com\/es\/wp-json\/wp\/v2\/pages"}],"about":[{"href":"https:\/\/josegmartinez.com\/es\/wp-json\/wp\/v2\/types\/page"}],"author":[{"embeddable":true,"href":"https:\/\/josegmartinez.com\/es\/wp-json\/wp\/v2\/users\/1"}],"replies":[{"embeddable":true,"href":"https:\/\/josegmartinez.com\/es\/wp-json\/wp\/v2\/comments?post=336"}],"version-history":[{"count":8,"href":"https:\/\/josegmartinez.com\/es\/wp-json\/wp\/v2\/pages\/336\/revisions"}],"predecessor-version":[{"id":1197,"href":"https:\/\/josegmartinez.com\/es\/wp-json\/wp\/v2\/pages\/336\/revisions\/1197"}],"up":[{"embeddable":true,"href":"https:\/\/josegmartinez.com\/es\/wp-json\/wp\/v2\/pages\/234"}],"wp:attachment":[{"href":"https:\/\/josegmartinez.com\/es\/wp-json\/wp\/v2\/media?parent=336"}],"curies":[{"name":"wp","href":"https:\/\/api.w.org\/{rel}","templated":true}]}}