{"id":319,"date":"2020-05-08T15:54:30","date_gmt":"2020-05-08T15:54:30","guid":{"rendered":"https:\/\/josegmartinez.com\/?page_id=319"},"modified":"2020-05-20T20:56:33","modified_gmt":"2020-05-20T20:56:33","slug":"guajeos","status":"publish","type":"page","link":"https:\/\/josegmartinez.com\/es\/music\/instrumentsandelectronics\/guajeos\/","title":{"rendered":"Guajeos"},"content":{"rendered":"<p class=\"has-text-align-right\">Piano a Cuatro Manos y Electr\u00f3nica. (2018)<\/p>\n\n\n\n<p><em>Las vueltas que da la vida<\/em>, en 2015 tuve el placer de conocer a <a href=\"http:\/\/www.ninacyoung.com\">Nina Young<\/a> y<a href=\"https:\/\/www.sarahgibson-music.com\"> Sara Gibson<\/a> durante el programa <a href=\"https:\/\/www.laphil.com\/learn\/learning-programs\/national-composers-intensive?\">National Composer Intensive [Taller Intensivo Nacional para Compositores]<\/a> organizado por la Filarm\u00f3nica de los \u00c1ngeles. Tres a\u00f1os despu\u00e9s, Nina se convirti\u00f3 en profesora en UT Austin donde yo termin\u00e9 mis estudios de doctorado. Sus primeros invitados fueron los miembros del dueto <a href=\"http:\/\/www.hocket.org\/\">Hocket<\/a>, Sara Gibson and Thomas Kotcheff. Escrib\u00ed esta pieza para ellos y fue una experiencia muy enriquecedora.<\/p>\n\n\n\n<div class=\"wp-block-group\"><div class=\"wp-block-group__inner-container is-layout-flow wp-block-group-is-layout-flow\">\n<p class=\"has-text-color has-background has-text-align-center has-small-font-size has-very-dark-gray-color has-very-light-gray-background-color\">La palabra Guajeo puede ser definida como un patr\u00f3n r\u00edtmico-mel\u00f3dico de dos o cuatro compases de duraci\u00f3n, presente en la m\u00fasica de tradiciones Caribe\u00f1as y Afrocubanas. Tambi\u00e9n se le conoce como montuno y algunas veces como     tumbao. Tradicionalmente, se toca en los instrumentos de la secci\u00f3n r\u00edtmica o base (usualmente un tres cubano o piano) y sirve como una de las partes   fundamentales de esta m\u00fasica.<\/p>\n<\/div><\/div>\n\n\n\n<div style=\"height:27px\" aria-hidden=\"true\" class=\"wp-block-spacer\"><\/div>\n\n\n\n<p>Siempre hab\u00eda querido escribir una pieza para piano influenciada por la salda y los montunos. Estos patrones son el centro de esta m\u00fasica y su inherente s\u00edncopa siempre me ha interesado. Para la parte de la electr\u00f3nica, cree samples de un comp\u00e1s de duraci\u00f3n extra\u00eddos de cuatro de mis canciones de salsa favoritas. Estos samples fueron estirados, cortados, transportado, congelados, comprimidos, granulados, downsampled, entre otros. Mi premisa fue a trav\u00e9s de mi pieza explorar las posibilidades de sampleo y de la mezcla de diferentes pr\u00e1cticas musicales. Mi colega, el compositor <a href=\"https:\/\/www.montetaylormusic.com\">Monte Taylor<\/a>, llam\u00f3 este experimento \"Trip-hop salsa\", yo creo que sea denominaci\u00f3n es bastante acertada.&nbsp;<\/p>\n\n\n\n<iframe width=\"100%\" height=\"166\" scrolling=\"no\" frameborder=\"no\" allow=\"autoplay\" data-src=\"https:\/\/w.soundcloud.com\/player\/?url=https%3A\/\/api.soundcloud.com\/tracks\/664008986&amp;color=%23ff5500&amp;auto_play=false&amp;hide_related=false&amp;show_comments=true&amp;show_user=true&amp;show_reposts=false&amp;show_teaser=true\" src=\"data:image\/gif;base64,R0lGODlhAQABAAAAACH5BAEKAAEALAAAAAABAAEAAAICTAEAOw==\" class=\"lazyload\" data-load-mode=\"1\"><\/iframe>\n\n\n\n<p>Aunque la pieza fue escrita originalmente para el dueto Hocket, esta grabaci\u00f3n fue realizada durante las tres semanas que pas\u00e9 en el programa Ensemble Evolution en Banff, donde conoc\u00ed las fant\u00e1sticas pianistas&nbsp;<a href=\"https:\/\/www.laurafarrerozada.com\/\">Laura Farr\u00e9-Rozada<\/a>&nbsp;y&nbsp;<a href=\"https:\/\/www.melissacoppola.com\/\">Melissa Coppola<\/a><\/p>\n\n\n\n<figure class=\"wp-block-embed-youtube wp-block-embed is-type-video is-provider-youtube wp-embed-aspect-16-9 wp-has-aspect-ratio\"><div class=\"wp-block-embed__wrapper\">\n<span class=\"embed-youtube\" style=\"text-align:center; display: block;\"><iframe class=\"youtube-player lazyload\" width=\"525\" height=\"296\" data-src=\"https:\/\/www.youtube.com\/embed\/Yhcet1An2ek?version=3&#038;rel=1&#038;showsearch=0&#038;showinfo=1&#038;iv_load_policy=1&#038;fs=1&#038;hl=es-CO&#038;autohide=2&#038;wmode=transparent\" allowfullscreen=\"true\" style=\"border:0;\" sandbox=\"allow-scripts allow-same-origin allow-popups allow-presentation allow-popups-to-escape-sandbox\" src=\"data:image\/gif;base64,R0lGODlhAQABAAAAACH5BAEKAAEALAAAAAABAAEAAAICTAEAOw==\" data-load-mode=\"1\"><\/iframe><\/span>\n<\/div><\/figure>","protected":false},"excerpt":{"rendered":"<p>Four-hands piano and electronics. (2018) Las vueltas que da la vida, is Spanish for the twist and turns of life. In 2015, I had the pleasure to meet Nina Young and Sara Gibson at the National Composer Intensive program in LA organized by LA Phil. Three years later, Nina became a teacher at UT Austin, &hellip; <\/p>\n<p class=\"link-more\"><a href=\"https:\/\/josegmartinez.com\/es\/music\/instrumentsandelectronics\/guajeos\/\" class=\"more-link\">Continuar leyendo<span class=\"screen-reader-text\"> &#8220;Guajeos&#8221;<\/span><\/a><\/p>","protected":false},"author":1,"featured_media":0,"parent":2,"menu_order":0,"comment_status":"closed","ping_status":"closed","template":"","meta":{"jetpack_post_was_ever_published":false,"footnotes":""},"class_list":["post-319","page","type-page","status-publish","hentry"],"jetpack_sharing_enabled":true,"jetpack_shortlink":"https:\/\/wp.me\/Pc1NYo-59","_links":{"self":[{"href":"https:\/\/josegmartinez.com\/es\/wp-json\/wp\/v2\/pages\/319","targetHints":{"allow":["GET"]}}],"collection":[{"href":"https:\/\/josegmartinez.com\/es\/wp-json\/wp\/v2\/pages"}],"about":[{"href":"https:\/\/josegmartinez.com\/es\/wp-json\/wp\/v2\/types\/page"}],"author":[{"embeddable":true,"href":"https:\/\/josegmartinez.com\/es\/wp-json\/wp\/v2\/users\/1"}],"replies":[{"embeddable":true,"href":"https:\/\/josegmartinez.com\/es\/wp-json\/wp\/v2\/comments?post=319"}],"version-history":[{"count":20,"href":"https:\/\/josegmartinez.com\/es\/wp-json\/wp\/v2\/pages\/319\/revisions"}],"predecessor-version":[{"id":831,"href":"https:\/\/josegmartinez.com\/es\/wp-json\/wp\/v2\/pages\/319\/revisions\/831"}],"up":[{"embeddable":true,"href":"https:\/\/josegmartinez.com\/es\/wp-json\/wp\/v2\/pages\/2"}],"wp:attachment":[{"href":"https:\/\/josegmartinez.com\/es\/wp-json\/wp\/v2\/media?parent=319"}],"curies":[{"name":"wp","href":"https:\/\/api.w.org\/{rel}","templated":true}]}}