{"id":307,"date":"2020-05-08T15:31:42","date_gmt":"2020-05-08T15:31:42","guid":{"rendered":"https:\/\/josegmartinez.com\/?page_id=307"},"modified":"2020-05-15T18:37:56","modified_gmt":"2020-05-15T18:37:56","slug":"monologue-ii","status":"publish","type":"page","link":"https:\/\/josegmartinez.com\/es\/music\/instrumentsandelectronics\/monologue-ii\/","title":{"rendered":"Mon\u00f3logo II"},"content":{"rendered":"<p class=\"has-text-align-right\">Vibr\u00e1fono y Electr\u00f3nica en Vivo ( (2009). Comisionada por Daniel Mej\u00eda.<\/p>\n\n\n\n<p>El escritor argentino Julio Cort\u00e1zar sostuvo que hab\u00eda eso que \u00e9l llamaba el \"lector activo\", ese que crea la obra de arte junto con el lector a medida que va leyendo. Con esto en mente hice uso de esta idea en el sentido del \"int\u00e9rprete activo\", uno que activamente decide a medida que toca la m\u00fasica.<\/p>\n\n\n\n<p><em>Mon\u00f3logo II<\/em> has eight pages of straight-forward music, played traditionally from left to right. Additionally, the performer has the chance to alter this predetermined stream of music by choosing to insert additional pages at specific moments. All the insertions are colored by electronics (using MaxMSP).&nbsp;With this in mind, the piece is reinvented on every performance and portraits somehow the individuality of each musician.<\/p>\n\n\n\n<p>Esta pieza fue escrita para Daniel Mej\u00eda, quien no solo es un gran amigo m\u00edo, sino que tambi\u00e9n fue mi compa\u00f1ero de clase y colega mientras tocamos en Sinergia Ensamble. <\/p>","protected":false},"excerpt":{"rendered":"<p>Vibraphone and Live Electronics. (2009). Commissioned by Daniel Mej\u00eda Argentinian writer Julio Cort\u00e1zar claimed that should be such thing called \u201cactive reader,\u201d one that would create the work of art together with the writer as they read. With this piece I making use of that idea but in the sense of the \u201cactive performer\u201d who &hellip; <\/p>\n<p class=\"link-more\"><a href=\"https:\/\/josegmartinez.com\/es\/music\/instrumentsandelectronics\/monologue-ii\/\" class=\"more-link\">Continuar leyendo<span class=\"screen-reader-text\"> &#8220;Monologue II&#8221;<\/span><\/a><\/p>","protected":false},"author":1,"featured_media":0,"parent":2,"menu_order":0,"comment_status":"closed","ping_status":"closed","template":"","meta":{"jetpack_post_was_ever_published":false,"footnotes":""},"class_list":["post-307","page","type-page","status-publish","hentry"],"jetpack_sharing_enabled":true,"jetpack_shortlink":"https:\/\/wp.me\/Pc1NYo-4X","_links":{"self":[{"href":"https:\/\/josegmartinez.com\/es\/wp-json\/wp\/v2\/pages\/307","targetHints":{"allow":["GET"]}}],"collection":[{"href":"https:\/\/josegmartinez.com\/es\/wp-json\/wp\/v2\/pages"}],"about":[{"href":"https:\/\/josegmartinez.com\/es\/wp-json\/wp\/v2\/types\/page"}],"author":[{"embeddable":true,"href":"https:\/\/josegmartinez.com\/es\/wp-json\/wp\/v2\/users\/1"}],"replies":[{"embeddable":true,"href":"https:\/\/josegmartinez.com\/es\/wp-json\/wp\/v2\/comments?post=307"}],"version-history":[{"count":6,"href":"https:\/\/josegmartinez.com\/es\/wp-json\/wp\/v2\/pages\/307\/revisions"}],"predecessor-version":[{"id":698,"href":"https:\/\/josegmartinez.com\/es\/wp-json\/wp\/v2\/pages\/307\/revisions\/698"}],"up":[{"embeddable":true,"href":"https:\/\/josegmartinez.com\/es\/wp-json\/wp\/v2\/pages\/2"}],"wp:attachment":[{"href":"https:\/\/josegmartinez.com\/es\/wp-json\/wp\/v2\/media?parent=307"}],"curies":[{"name":"wp","href":"https:\/\/api.w.org\/{rel}","templated":true}]}}