{"id":282,"date":"2020-05-08T01:52:22","date_gmt":"2020-05-08T01:52:22","guid":{"rendered":"https:\/\/josegmartinez.com\/?page_id=282"},"modified":"2023-07-03T13:39:52","modified_gmt":"2023-07-03T17:39:52","slug":"the-spiral-on-your-back","status":"publish","type":"page","link":"https:\/\/josegmartinez.com\/es\/music\/instrumentsandelectronics\/the-spiral-on-your-back\/","title":{"rendered":"La Espiral en Tu Espalda"},"content":{"rendered":"<p class=\"has-text-align-right\">Objetos diversos y electr\u00f3nica en vivo. (2015)<a href=\"https:\/\/josemartinezcomposer.files.wordpress.com\/2016\/03\/katya.jpg\"><\/a><\/p>\n\n\n\n<div class=\"wp-block-columns is-layout-flex wp-container-core-columns-is-layout-9d6595d7 wp-block-columns-is-layout-flex\">\n<div class=\"wp-block-column is-layout-flow wp-block-column-is-layout-flow\" style=\"flex-basis:66.66%\">\n<p>Esta pieza es al mismo tiempo varias piezas. Consiste en dos partes: la parte fija \u2013que est\u00e1 en la partitura\u2013 creada por el compositor, y la parte flexible \u2013los loops\u2013 creada por el int\u00e9rprete durante la interpretaci\u00f3n. El tipo de loop que el int\u00e9rprete cree cambiar\u00e1 completamente la percepci\u00f3n de la parte fija. De esta manera, elles tiene el poder de siempre intrepretar una pieza renovada.<\/p>\n<\/div>\n\n\n\n<div class=\"wp-block-column is-layout-flow wp-block-column-is-layout-flow\" style=\"flex-basis:33.33%\">\n<figure class=\"wp-block-image size-thumbnail is-resized\"><img decoding=\"async\" data-src=\"http:\/\/josegmartinez.com\/wp-content\/uploads\/2020\/05\/katya-150x150.jpg\" alt=\"\" class=\"wp-image-283 lazyload\" width=\"183\" height=\"183\" data-srcset=\"https:\/\/josegmartinez.com\/wp-content\/uploads\/2020\/05\/katya-150x150.jpg 150w, https:\/\/josegmartinez.com\/wp-content\/uploads\/2020\/05\/katya-100x100.jpg 100w\" data-sizes=\"(max-width: 183px) 100vw, 183px\" src=\"data:image\/gif;base64,R0lGODlhAQABAAAAACH5BAEKAAEALAAAAAABAAEAAAICTAEAOw==\" style=\"--smush-placeholder-width: 183px; --smush-placeholder-aspect-ratio: 183\/183;\" \/><figcaption><span class=\"has-inline-color has-very-light-gray-color\">El tatuaje en la espalda de mi esposa que fue la inspiraci\u00f3n para el t\u00edtulo de la pieza.<\/span><\/figcaption><\/figure>\n<\/div>\n<\/div>\n\n\n\n<figure class=\"wp-block-embed is-type-video is-provider-youtube wp-block-embed-youtube wp-embed-aspect-16-9 wp-has-aspect-ratio\"><div class=\"wp-block-embed__wrapper\">\n<span class=\"embed-youtube\" style=\"text-align:center; display: block;\"><iframe class=\"youtube-player lazyload\" width=\"525\" height=\"296\" data-src=\"https:\/\/www.youtube.com\/embed\/5vD1ftcONhw?version=3&#038;rel=1&#038;showsearch=0&#038;showinfo=1&#038;iv_load_policy=1&#038;fs=1&#038;hl=es-CO&#038;autohide=2&#038;wmode=transparent\" allowfullscreen=\"true\" style=\"border:0;\" sandbox=\"allow-scripts allow-same-origin allow-popups allow-presentation allow-popups-to-escape-sandbox\" src=\"data:image\/gif;base64,R0lGODlhAQABAAAAACH5BAEKAAEALAAAAAABAAEAAAICTAEAOw==\" data-load-mode=\"1\"><\/iframe><\/span>\n<\/div><figcaption>Alex Wier did an amazing video of the piece! Visit his website here <a href=\"http:\/\/www.alexwier.com\">http:\/\/www.alexwier.com<\/a><\/figcaption><\/figure>\n\n\n\n<iframe width=\"100%\" height=\"166\" scrolling=\"no\" frameborder=\"no\" allow=\"autoplay\" data-src=\"https:\/\/w.soundcloud.com\/player\/?url=https%3A\/\/api.soundcloud.com\/tracks\/228409279&amp;color=%23ff5500&amp;auto_play=false&amp;hide_related=false&amp;show_comments=true&amp;show_user=true&amp;show_reposts=false&amp;show_teaser=true\" src=\"data:image\/gif;base64,R0lGODlhAQABAAAAACH5BAEKAAEALAAAAAABAAEAAAICTAEAOw==\" class=\"lazyload\" data-load-mode=\"1\"><\/iframe>","protected":false},"excerpt":{"rendered":"<p>for found objects and live electronics (2015) This piece is at the same time many pieces. It consists of two components: the fixed part \u2013 the one that is notated \u2013 created by the composer and the flexible part \u2013 the loops \u2013 created by the player during the performance. The type of loop that &hellip; <\/p>\n<p class=\"link-more\"><a href=\"https:\/\/josegmartinez.com\/es\/music\/instrumentsandelectronics\/the-spiral-on-your-back\/\" class=\"more-link\">Continuar leyendo<span class=\"screen-reader-text\"> &#8220;The Spiral On Your Back&#8221;<\/span><\/a><\/p>","protected":false},"author":1,"featured_media":0,"parent":2,"menu_order":0,"comment_status":"closed","ping_status":"closed","template":"","meta":{"jetpack_post_was_ever_published":false,"footnotes":""},"class_list":["post-282","page","type-page","status-publish","hentry"],"jetpack_sharing_enabled":true,"jetpack_shortlink":"https:\/\/wp.me\/Pc1NYo-4y","_links":{"self":[{"href":"https:\/\/josegmartinez.com\/es\/wp-json\/wp\/v2\/pages\/282","targetHints":{"allow":["GET"]}}],"collection":[{"href":"https:\/\/josegmartinez.com\/es\/wp-json\/wp\/v2\/pages"}],"about":[{"href":"https:\/\/josegmartinez.com\/es\/wp-json\/wp\/v2\/types\/page"}],"author":[{"embeddable":true,"href":"https:\/\/josegmartinez.com\/es\/wp-json\/wp\/v2\/users\/1"}],"replies":[{"embeddable":true,"href":"https:\/\/josegmartinez.com\/es\/wp-json\/wp\/v2\/comments?post=282"}],"version-history":[{"count":13,"href":"https:\/\/josegmartinez.com\/es\/wp-json\/wp\/v2\/pages\/282\/revisions"}],"predecessor-version":[{"id":1250,"href":"https:\/\/josegmartinez.com\/es\/wp-json\/wp\/v2\/pages\/282\/revisions\/1250"}],"up":[{"embeddable":true,"href":"https:\/\/josegmartinez.com\/es\/wp-json\/wp\/v2\/pages\/2"}],"wp:attachment":[{"href":"https:\/\/josegmartinez.com\/es\/wp-json\/wp\/v2\/media?parent=282"}],"curies":[{"name":"wp","href":"https:\/\/api.w.org\/{rel}","templated":true}]}}