{"id":272,"date":"2020-05-07T22:26:19","date_gmt":"2020-05-07T22:26:19","guid":{"rendered":"https:\/\/josegmartinez.com\/?page_id=272"},"modified":"2020-05-24T23:01:05","modified_gmt":"2020-05-24T23:01:05","slug":"burst","status":"publish","type":"page","link":"https:\/\/josegmartinez.com\/es\/music\/instrumentsandelectronics\/burst\/","title":{"rendered":"Burst (Chasquido)"},"content":{"rendered":"<p class=\"has-text-align-right\">Viol\u00edn y Electr\u00f3nica en Vivo (2018-2019)<\/p>\n\n\n\n<pre class=\"wp-block-preformatted\"><em>Una ruptura, un chasquido, un pedazo de madera que se rompe.<\/em>\n<em>&nbsp; &nbsp; Dolor en los huesos, disgusto, y rabia <\/em>\n    <em>Fruncidos pensamientos desolados que les falta aira<\/em>\n<em>Una ruptura, un chasquido, una explosi\u00f3n en miniatura que te rompe,<\/em>\n<em>&nbsp;   La fealdad ensanchada y transformada en eso que llamas belleza, <\/em>\n  <em>  el amado monstruo, el ruido silencioso<\/em>\n<em>Una ruptura, un chasquido, el sue\u00f1o que se hace pedazos,<\/em>\n  <em>  El insensato dilemma de correcto e incorrecto, <\/em>\n    <em>tu diaria dosis de ind\u00f3mita realidad.&nbsp;<\/em>\n<em>Una ruptura, un chasquido...<\/em>\n<em>Jos\u00e9 Mart\u00ednez<\/em><\/pre>\n\n\n\n<p>A ratos uno tiene rabia solo quiere gritar. Muchos est\u00e1bamos muy molestos al final del 2016. Muchos estamos a\u00fan molestos. Quise canalizar esa frustraci\u00f3n a trav\u00e9s de la sobrepresi\u00f3n en el arco, el pizzicato B\u00e1rtok, el ostinato de semicorcheas cuasi metalero, y otros sonidos similares. Esta pieza fue escrita originalmente para mi buena amiga Sara Sasaki, pero este v\u00eddeo es de una revisi\u00f3n y concierto que llevado a cabo durante el instituto Ensemble Evolution en el Centro Banff en Canad\u00e1. All\u00e1 conoc\u00ed la fant\u00e1stica violinista Nicole Cherry quien le puso el alma a la pieza.<\/p>\n\n\n\n<figure class=\"wp-block-embed-youtube wp-block-embed is-type-video is-provider-youtube wp-embed-aspect-4-3 wp-has-aspect-ratio\"><div class=\"wp-block-embed__wrapper\">\n<span class=\"embed-youtube\" style=\"text-align:center; display: block;\"><iframe class=\"youtube-player lazyload\" width=\"525\" height=\"296\" data-src=\"https:\/\/www.youtube.com\/embed\/WG6DT80IKqc?version=3&#038;rel=1&#038;showsearch=0&#038;showinfo=1&#038;iv_load_policy=1&#038;fs=1&#038;hl=es-CO&#038;autohide=2&#038;wmode=transparent\" allowfullscreen=\"true\" style=\"border:0;\" sandbox=\"allow-scripts allow-same-origin allow-popups allow-presentation allow-popups-to-escape-sandbox\" src=\"data:image\/gif;base64,R0lGODlhAQABAAAAACH5BAEKAAEALAAAAAABAAEAAAICTAEAOw==\" data-load-mode=\"1\"><\/iframe><\/span>\n<\/div><\/figure>","protected":false},"excerpt":{"rendered":"<p>Violin and Live Electronics (2018-2019) A crack, a burst, that piece of wood that breaks, &nbsp; &nbsp; Pain in the bones, disgust, and anger. Scowling breathless hopeless thought. A crack, a burst, that miniature explosion that breaks you, &nbsp; Stretched ugliness transformed into what you call beauty, a beloved beast,&nbsp;the noise in the silence. A &hellip; <\/p>\n<p class=\"link-more\"><a href=\"https:\/\/josegmartinez.com\/es\/music\/instrumentsandelectronics\/burst\/\" class=\"more-link\">Continuar leyendo<span class=\"screen-reader-text\"> &#8220;Burst&#8221;<\/span><\/a><\/p>","protected":false},"author":1,"featured_media":0,"parent":2,"menu_order":0,"comment_status":"closed","ping_status":"closed","template":"","meta":{"jetpack_post_was_ever_published":false,"footnotes":""},"class_list":["post-272","page","type-page","status-publish","hentry"],"jetpack_sharing_enabled":true,"jetpack_shortlink":"https:\/\/wp.me\/Pc1NYo-4o","_links":{"self":[{"href":"https:\/\/josegmartinez.com\/es\/wp-json\/wp\/v2\/pages\/272","targetHints":{"allow":["GET"]}}],"collection":[{"href":"https:\/\/josegmartinez.com\/es\/wp-json\/wp\/v2\/pages"}],"about":[{"href":"https:\/\/josegmartinez.com\/es\/wp-json\/wp\/v2\/types\/page"}],"author":[{"embeddable":true,"href":"https:\/\/josegmartinez.com\/es\/wp-json\/wp\/v2\/users\/1"}],"replies":[{"embeddable":true,"href":"https:\/\/josegmartinez.com\/es\/wp-json\/wp\/v2\/comments?post=272"}],"version-history":[{"count":9,"href":"https:\/\/josegmartinez.com\/es\/wp-json\/wp\/v2\/pages\/272\/revisions"}],"predecessor-version":[{"id":851,"href":"https:\/\/josegmartinez.com\/es\/wp-json\/wp\/v2\/pages\/272\/revisions\/851"}],"up":[{"embeddable":true,"href":"https:\/\/josegmartinez.com\/es\/wp-json\/wp\/v2\/pages\/2"}],"wp:attachment":[{"href":"https:\/\/josegmartinez.com\/es\/wp-json\/wp\/v2\/media?parent=272"}],"curies":[{"name":"wp","href":"https:\/\/api.w.org\/{rel}","templated":true}]}}