{"id":269,"date":"2020-05-07T22:25:15","date_gmt":"2020-05-08T02:25:15","guid":{"rendered":"https:\/\/josegmartinez.com\/?page_id=269"},"modified":"2026-03-10T15:52:47","modified_gmt":"2026-03-10T19:52:47","slug":"do-i-regret","status":"publish","type":"page","link":"https:\/\/josegmartinez.com\/es\/music\/do-i-regret\/","title":{"rendered":"Me Arrepiento?"},"content":{"rendered":"<p class=\"has-text-align-right\">Alto Sax, Live Electronics, and Video. (2018-2022)<\/p>\n\n\n\n<p>Esta pieza se desarrolla a trav\u00e9s de la imposibilidad de revivir el pasado, de viajar atr\u00e1s en el tiempo para cambiar las decisiones. Durante las secciones improvisadas la saxofonista crea \"recuerdos\" que quedan grabados que luego volver\u00e1n para acompa\u00f1ar la m\u00fasica que est\u00e1 escrita. El v\u00eddeo es interactivo y responde directamente a las improvisaciones del int\u00e9rprete durante toda la pieza, su contenido se deriva de v\u00eddeos personales creados por la ejecutante. La incorporaci\u00f3n de improvisaci\u00f3n en esta pieza es fundamental y hace que cada versi\u00f3n sea \u00fanica. Al final de la pieza la saxofomista visita de nuevo los \"recuerdos\" y en un intento ut\u00f3pico intenta cambiar el pasado manipulando loops de audio y v\u00eddeo anteriormente grabados. 'Do I Regret' [\u00bfMe Arrepiento?] resalta la universalidad del arrepentimiento, una emoci\u00f3n que afecta nuestros comportamientos y relaciones diarias.<\/p>\n\n\n\n<hr class=\"wp-block-separator has-css-opacity\"\/>\n\n\n\n<figure class=\"wp-block-embed is-type-video is-provider-youtube wp-block-embed-youtube wp-embed-aspect-16-9 wp-has-aspect-ratio\"><div class=\"wp-block-embed__wrapper\">\n<span class=\"embed-youtube\" style=\"text-align:center; display: block;\"><iframe class=\"youtube-player lazyload\" width=\"525\" height=\"296\" data-src=\"https:\/\/www.youtube.com\/embed\/_TdFojXL85c?version=3&#038;rel=1&#038;showsearch=0&#038;showinfo=1&#038;iv_load_policy=1&#038;fs=1&#038;hl=es-CO&#038;autohide=2&#038;wmode=transparent\" allowfullscreen=\"true\" style=\"border:0;\" sandbox=\"allow-scripts allow-same-origin allow-popups allow-presentation allow-popups-to-escape-sandbox\" src=\"data:image\/gif;base64,R0lGODlhAQABAAAAACH5BAEKAAEALAAAAAABAAEAAAICTAEAOw==\" data-load-mode=\"1\"><\/iframe><\/span>\n<\/div><figcaption class=\"wp-element-caption\">The fantastic Noa Even playing the piece and making some noise! <\/figcaption><\/figure>\n\n\n\n<p><a href=\"http:\/\/noaevenmusic.com\">Saxophone &#8211; Noa Even<\/a><\/p>\n\n\n\n<p>This piece had a revision that happened in 2023 that refreshed the electronics and the video, there&#8217;s that version with video made by my sister Sara Martinez. <\/p>\n\n\n\n<figure class=\"wp-block-embed is-type-video is-provider-youtube wp-block-embed-youtube wp-embed-aspect-16-9 wp-has-aspect-ratio\"><div class=\"wp-block-embed__wrapper\">\n<span class=\"embed-youtube\" style=\"text-align:center; display: block;\"><iframe class=\"youtube-player lazyload\" width=\"525\" height=\"296\" data-src=\"https:\/\/www.youtube.com\/embed\/5CraeBBZFSQ?version=3&#038;rel=1&#038;showsearch=0&#038;showinfo=1&#038;iv_load_policy=1&#038;fs=1&#038;hl=es-CO&#038;autohide=2&#038;wmode=transparent&#038;listType=playlist&#038;list=RD5CraeBBZFSQ\" allowfullscreen=\"true\" style=\"border:0;\" sandbox=\"allow-scripts allow-same-origin allow-popups allow-presentation allow-popups-to-escape-sandbox\" src=\"data:image\/gif;base64,R0lGODlhAQABAAAAACH5BAEKAAEALAAAAAABAAEAAAICTAEAOw==\" data-load-mode=\"1\"><\/iframe><\/span>\n<\/div><\/figure>\n\n\n\n<hr class=\"wp-block-separator has-css-opacity is-style-wide\"\/>\n\n\n\n<figure class=\"wp-block-gallery has-nested-images columns-default is-cropped wp-block-gallery-1 is-layout-flex wp-block-gallery-is-layout-flex\">\n<figure class=\"wp-block-image size-large\"><img decoding=\"async\" width=\"640\" height=\"480\" data-id=\"367\" data-src=\"https:\/\/josegmartinez.com\/wp-content\/uploads\/2020\/05\/Do-I-Regret-1.jpeg\" alt=\"Jose Martinez and Noa Even\" class=\"wp-image-367 lazyload\" data-srcset=\"https:\/\/josegmartinez.com\/wp-content\/uploads\/2020\/05\/Do-I-Regret-1.jpeg 640w, https:\/\/josegmartinez.com\/wp-content\/uploads\/2020\/05\/Do-I-Regret-1-300x225.jpeg 300w\" data-sizes=\"(max-width: 640px) 100vw, 640px\" src=\"data:image\/gif;base64,R0lGODlhAQABAAAAACH5BAEKAAEALAAAAAABAAEAAAICTAEAOw==\" style=\"--smush-placeholder-width: 640px; --smush-placeholder-aspect-ratio: 640\/480;\" \/><\/figure>\n\n\n\n<figure class=\"wp-block-image size-large\"><img decoding=\"async\" width=\"640\" height=\"480\" data-id=\"368\" data-src=\"https:\/\/josegmartinez.com\/wp-content\/uploads\/2020\/05\/Do-I-Regret-2.jpeg\" alt=\"Noa Even Saxophone\" class=\"wp-image-368 lazyload\" data-srcset=\"https:\/\/josegmartinez.com\/wp-content\/uploads\/2020\/05\/Do-I-Regret-2.jpeg 640w, https:\/\/josegmartinez.com\/wp-content\/uploads\/2020\/05\/Do-I-Regret-2-300x225.jpeg 300w\" data-sizes=\"(max-width: 640px) 100vw, 640px\" src=\"data:image\/gif;base64,R0lGODlhAQABAAAAACH5BAEKAAEALAAAAAABAAEAAAICTAEAOw==\" style=\"--smush-placeholder-width: 640px; --smush-placeholder-aspect-ratio: 640\/480;\" \/><\/figure>\n<figcaption class=\"blocks-gallery-caption wp-element-caption\">Concierto durante la residencia del colectivo C3 en el marco de la serie de concierto Stack Overflow en Austin, Texas<\/figcaption><\/figure>","protected":false},"excerpt":{"rendered":"<p>Alto Sax, Live Electronics, and Video. (2018-2022) This piece pursues the impossibility of reliving the past, of traveling back in time to change one\u2019s path. During improvised sections of the piece, the saxophonist creates \u201cmemories\u201d that are recorded, and later return to accompany the written music. The interactive video responds directly to the performer\u2019s improvisations &hellip; <\/p>\n<p class=\"link-more\"><a href=\"https:\/\/josegmartinez.com\/es\/music\/do-i-regret\/\" class=\"more-link\">Continuar leyendo<span class=\"screen-reader-text\"> &#8220;Do I Regret?&#8221;<\/span><\/a><\/p>","protected":false},"author":1,"featured_media":0,"parent":1206,"menu_order":0,"comment_status":"closed","ping_status":"closed","template":"","meta":{"jetpack_post_was_ever_published":false,"footnotes":""},"class_list":["post-269","page","type-page","status-publish","hentry"],"jetpack_sharing_enabled":true,"jetpack_shortlink":"https:\/\/wp.me\/Pc1NYo-4l","_links":{"self":[{"href":"https:\/\/josegmartinez.com\/es\/wp-json\/wp\/v2\/pages\/269","targetHints":{"allow":["GET"]}}],"collection":[{"href":"https:\/\/josegmartinez.com\/es\/wp-json\/wp\/v2\/pages"}],"about":[{"href":"https:\/\/josegmartinez.com\/es\/wp-json\/wp\/v2\/types\/page"}],"author":[{"embeddable":true,"href":"https:\/\/josegmartinez.com\/es\/wp-json\/wp\/v2\/users\/1"}],"replies":[{"embeddable":true,"href":"https:\/\/josegmartinez.com\/es\/wp-json\/wp\/v2\/comments?post=269"}],"version-history":[{"count":5,"href":"https:\/\/josegmartinez.com\/es\/wp-json\/wp\/v2\/pages\/269\/revisions"}],"predecessor-version":[{"id":1454,"href":"https:\/\/josegmartinez.com\/es\/wp-json\/wp\/v2\/pages\/269\/revisions\/1454"}],"up":[{"embeddable":true,"href":"https:\/\/josegmartinez.com\/es\/wp-json\/wp\/v2\/pages\/1206"}],"wp:attachment":[{"href":"https:\/\/josegmartinez.com\/es\/wp-json\/wp\/v2\/media?parent=269"}],"curies":[{"name":"wp","href":"https:\/\/api.w.org\/{rel}","templated":true}]}}