{"id":255,"date":"2020-05-07T21:51:28","date_gmt":"2020-05-07T21:51:28","guid":{"rendered":"https:\/\/josegmartinez.com\/?page_id=255"},"modified":"2020-05-24T22:52:46","modified_gmt":"2020-05-24T22:52:46","slug":"elastic-skin","status":"publish","type":"page","link":"https:\/\/josegmartinez.com\/es\/music\/instrumentsandelectronics\/elastic-skin\/","title":{"rendered":"Piel El\u00e1stica"},"content":{"rendered":"<p class=\"has-text-align-right\">Congas + Ableton + Lemur&nbsp;+ Video + Dance (2018)<\/p>\n\n\n\n<p>Por muchos a\u00f1os mis creaciones han estado alrededor de la idea de la integraci\u00f3n de la m\u00fasica afrocaribe\u00f1a con sonidos m\u00e1s experimentales y abstractos. He escrito piezas para ensambles de c\u00e1mara, orquesta, e instrumentos con electr\u00f3nica que resuelven esta b\u00fasqueda de muchas maneras. Ahora he decidido aproximarme a este experimento asumiendo el rol de int\u00e9rprete, programador, e improvisador y actualmente me encuentro desarrollando esta nueva opci\u00f3n. Mi intenci\u00f3n es aportar alguna experimentaci\u00f3n sonora al sonido caribe\u00f1o y al mismo tiempo, enriquecer la abstracci\u00f3n con la bien sabida energ\u00eda r\u00edtmica de la m\u00fasica latina. Actualmente, me encuentro desarrollando este proyecto con dos colaboradores que aportan video y danza para crea una experiencia que mueve la audiencia entre la experimentaci\u00f3n y el groove.<\/p>\n\n\n\n<figure class=\"wp-block-embed-youtube wp-block-embed is-type-video is-provider-youtube wp-embed-aspect-16-9 wp-has-aspect-ratio\"><div class=\"wp-block-embed__wrapper\">\n<span class=\"embed-youtube\" style=\"text-align:center; display: block;\"><iframe class=\"youtube-player lazyload\" width=\"525\" height=\"296\" data-src=\"https:\/\/www.youtube.com\/embed\/QHd7wFwjmWY?version=3&#038;rel=1&#038;showsearch=0&#038;showinfo=1&#038;iv_load_policy=1&#038;fs=1&#038;hl=es-CO&#038;autohide=2&#038;wmode=transparent\" allowfullscreen=\"true\" style=\"border:0;\" sandbox=\"allow-scripts allow-same-origin allow-popups allow-presentation allow-popups-to-escape-sandbox\" src=\"data:image\/gif;base64,R0lGODlhAQABAAAAACH5BAEKAAEALAAAAAABAAEAAAICTAEAOw==\" data-load-mode=\"1\"><\/iframe><\/span>\n<\/div><\/figure>\n\n\n\n<p>Este proyecto existe en diferentes versiones, como solo de percusi\u00f3n+electr\u00f3nica, com dueto con v\u00eddeo y como tr\u00edo adicionando danza. El v\u00eddeo a continuaci\u00f3n es un fragmento de la tercera posibilidad. Entre otras cosas en este v\u00eddeo se pueden encontrar ideas musicales y estilos de danza contrastantes, improvisaci\u00f3n, procesamiento de v\u00eddeo y de audio en vivo, mapeo de audio e imagen, y m\u00faltiples interacciones entre danza y tambores, etc.<\/p>\n\n\n\n<figure class=\"wp-block-embed-youtube wp-block-embed is-type-video is-provider-youtube wp-embed-aspect-4-3 wp-has-aspect-ratio\"><div class=\"wp-block-embed__wrapper\">\n<span class=\"embed-youtube\" style=\"text-align:center; display: block;\"><iframe class=\"youtube-player lazyload\" width=\"525\" height=\"296\" data-src=\"https:\/\/www.youtube.com\/embed\/8Hg6Bq46w4g?version=3&#038;rel=1&#038;showsearch=0&#038;showinfo=1&#038;iv_load_policy=1&#038;fs=1&#038;hl=es-CO&#038;autohide=2&#038;wmode=transparent\" allowfullscreen=\"true\" style=\"border:0;\" sandbox=\"allow-scripts allow-same-origin allow-popups allow-presentation allow-popups-to-escape-sandbox\" src=\"data:image\/gif;base64,R0lGODlhAQABAAAAACH5BAEKAAEALAAAAAABAAEAAAICTAEAOw==\" data-load-mode=\"1\"><\/iframe><\/span>\n<\/div><\/figure>\n\n\n\n<p class=\"has-text-align-center has-small-font-size\">Este es una versi\u00f3n s\u00f3lo con electr\u00f3nica, que interpret\u00e9 en el Festival de Composici\u00f3n de Invierno del 2020, organizado por el ensamble de percusi\u00f3n Line Upon Line, en Austin, Texas. <a href=\"https:\/\/www.lineuponlinepercussion.org\">Line Upon Line<\/a> Winter Composition Festival.<\/p>","protected":false},"excerpt":{"rendered":"<p>Congas + Ableton + Lemur&nbsp;+ Video + Dance (2018) For several years my creative output has been revolving around the idea of integrating Afro Caribbean music with other more experimental and abstract sounds. I have written pieces for chamber ensembles, orchestra, and instruments with electronics that respond to this inquiry in many ways. Now, I &hellip; <\/p>\n<p class=\"link-more\"><a href=\"https:\/\/josegmartinez.com\/es\/music\/instrumentsandelectronics\/elastic-skin\/\" class=\"more-link\">Continuar leyendo<span class=\"screen-reader-text\"> &#8220;Elastic Skin&#8221;<\/span><\/a><\/p>","protected":false},"author":1,"featured_media":0,"parent":2,"menu_order":0,"comment_status":"closed","ping_status":"closed","template":"","meta":{"jetpack_post_was_ever_published":false,"footnotes":""},"class_list":["post-255","page","type-page","status-publish","hentry"],"jetpack_sharing_enabled":true,"jetpack_shortlink":"https:\/\/wp.me\/Pc1NYo-47","_links":{"self":[{"href":"https:\/\/josegmartinez.com\/es\/wp-json\/wp\/v2\/pages\/255","targetHints":{"allow":["GET"]}}],"collection":[{"href":"https:\/\/josegmartinez.com\/es\/wp-json\/wp\/v2\/pages"}],"about":[{"href":"https:\/\/josegmartinez.com\/es\/wp-json\/wp\/v2\/types\/page"}],"author":[{"embeddable":true,"href":"https:\/\/josegmartinez.com\/es\/wp-json\/wp\/v2\/users\/1"}],"replies":[{"embeddable":true,"href":"https:\/\/josegmartinez.com\/es\/wp-json\/wp\/v2\/comments?post=255"}],"version-history":[{"count":5,"href":"https:\/\/josegmartinez.com\/es\/wp-json\/wp\/v2\/pages\/255\/revisions"}],"predecessor-version":[{"id":848,"href":"https:\/\/josegmartinez.com\/es\/wp-json\/wp\/v2\/pages\/255\/revisions\/848"}],"up":[{"embeddable":true,"href":"https:\/\/josegmartinez.com\/es\/wp-json\/wp\/v2\/pages\/2"}],"wp:attachment":[{"href":"https:\/\/josegmartinez.com\/es\/wp-json\/wp\/v2\/media?parent=255"}],"curies":[{"name":"wp","href":"https:\/\/api.w.org\/{rel}","templated":true}]}}