{"id":230,"date":"2020-05-07T20:51:08","date_gmt":"2020-05-08T00:51:08","guid":{"rendered":"https:\/\/josegmartinez.com\/?page_id=230"},"modified":"2023-06-30T11:16:16","modified_gmt":"2023-06-30T15:16:16","slug":"chamber-music","status":"publish","type":"page","link":"https:\/\/josegmartinez.com\/es\/music\/chamber-music\/","title":{"rendered":"Ensamble de C\u00e1mara"},"content":{"rendered":"<hr class=\"wp-block-separator has-text-color has-background has-very-light-gray-background-color has-very-light-gray-color is-style-wide\"\/>\n\n\n\n<div class=\"wp-block-group has-very-light-gray-color has-very-dark-gray-background-color has-text-color has-background\"><div class=\"wp-block-group__inner-container is-layout-flow wp-block-group-is-layout-flow\">\n<div class=\"wp-block-buttons is-layout-flex wp-block-buttons-is-layout-flex\">\n<div class=\"wp-block-button is-style-outline is-style-outline--1\"><a class=\"wp-block-button__link no-border-radius\" href=\"https:\/\/josegmartinez.com\/es\/music\/instrumentsandelectronics\/\">Inst &amp; Elect<\/a><\/div>\n\n\n\n<div class=\"wp-block-button is-style-outline is-style-outline--2\"><a class=\"wp-block-button__link no-border-radius\" href=\"https:\/\/josegmartinez.com\/es\/music\/multimedia\/\">Multimedia<\/a><\/div>\n\n\n\n<div class=\"wp-block-button is-style-outline is-style-outline--3\"><a class=\"wp-block-button__link no-border-radius\" href=\"https:\/\/josegmartinez.com\/es\/music\/percussion-music\/\">Percusi\u00f3n<\/a><\/div>\n\n\n\n<div class=\"wp-block-button is-style-outline is-style-outline--4\"><a class=\"wp-block-button__link no-border-radius\" href=\"https:\/\/josegmartinez.com\/es\/music\/large-ensemble\/\">Gran Ens<\/a><\/div>\n<\/div>\n<\/div><\/div>\n\n\n\n<hr class=\"wp-block-separator has-text-color has-background has-very-light-gray-background-color has-very-light-gray-color is-style-wide\"\/>\n\n\n\n<div class=\"wp-block-columns is-layout-flex wp-container-core-columns-is-layout-9d6595d7 wp-block-columns-is-layout-flex\">\n<div class=\"wp-block-column is-layout-flow wp-block-column-is-layout-flow\">\n<div class=\"wp-block-group\"><div class=\"wp-block-group__inner-container is-layout-flow wp-block-group-is-layout-flow\">\n<p class=\"has-text-align-center\"><a href=\"https:\/\/josegmartinez.com\/es\/music\/chamber-music\/\" data-type=\"page\" data-id=\"230\">Nobody can do it like <\/a><a href=\"https:\/\/josegmartinez.com\/es\/music\/chamber-music\/nobody-can-do-it-like-me\/\" data-type=\"URL\" data-id=\"https:\/\/josegmartinez.com\/music\/chamber-music\/nobody-can-do-it-like-me\/\">me<\/a><a href=\"https:\/\/josegmartinez.com\/es\/music\/chamber-music\/\" data-type=\"page\" data-id=\"230\">! (2020)<\/a><\/p>\n\n\n\n<div class=\"wp-block-image\"><figure class=\"aligncenter size-large is-resized\"><a href=\"https:\/\/josegmartinez.com\/es\/music\/chamber-music\/nobody-can-do-it-like-me\/\"><img decoding=\"async\" data-src=\"https:\/\/josegmartinez.com\/wp-content\/uploads\/2020\/11\/Hocket-duo-1024x1024.jpeg\" alt=\"\" class=\"wp-image-1087 lazyload\" width=\"240\" height=\"240\" data-srcset=\"https:\/\/josegmartinez.com\/wp-content\/uploads\/2020\/11\/Hocket-duo-1024x1024.jpeg 1024w, https:\/\/josegmartinez.com\/wp-content\/uploads\/2020\/11\/Hocket-duo-300x300.jpeg 300w, https:\/\/josegmartinez.com\/wp-content\/uploads\/2020\/11\/Hocket-duo-150x150.jpeg 150w, https:\/\/josegmartinez.com\/wp-content\/uploads\/2020\/11\/Hocket-duo-768x768.jpeg 768w, https:\/\/josegmartinez.com\/wp-content\/uploads\/2020\/11\/Hocket-duo-1536x1536.jpeg 1536w, https:\/\/josegmartinez.com\/wp-content\/uploads\/2020\/11\/Hocket-duo-12x12.jpeg 12w, https:\/\/josegmartinez.com\/wp-content\/uploads\/2020\/11\/Hocket-duo-100x100.jpeg 100w, https:\/\/josegmartinez.com\/wp-content\/uploads\/2020\/11\/Hocket-duo.jpeg 1656w\" data-sizes=\"(max-width: 240px) 100vw, 240px\" src=\"data:image\/gif;base64,R0lGODlhAQABAAAAACH5BAEKAAEALAAAAAABAAEAAAICTAEAOw==\" style=\"--smush-placeholder-width: 240px; --smush-placeholder-aspect-ratio: 240\/240;\" \/><\/a><\/figure><\/div>\n\n\n\n<p class=\"has-small-font-size\" style=\"padding-left:30px\">Four-hand piano. Commissioned by Hocket Duo.<\/p>\n<\/div><\/div>\n\n\n\n<p class=\"has-text-align-center\"><a href=\"https:\/\/josegmartinez.com\/es\/music\/chamber-music\/instruction-manual\/\">Manual de Instrucciones (2016)<\/a><\/p>\n\n\n\n<div class=\"wp-block-image\"><figure class=\"aligncenter size-large is-resized\"><a href=\"https:\/\/josegmartinez.com\/es\/music\/chamber-music\/instruction-manual\/\"><img decoding=\"async\" data-src=\"https:\/\/josegmartinez.com\/wp-content\/uploads\/2020\/05\/Cortazar-square.jpeg\" alt=\"\" class=\"wp-image-917 lazyload\" width=\"240\" height=\"240\" data-srcset=\"https:\/\/josegmartinez.com\/wp-content\/uploads\/2020\/05\/Cortazar-square.jpeg 320w, https:\/\/josegmartinez.com\/wp-content\/uploads\/2020\/05\/Cortazar-square-300x300.jpeg 300w, https:\/\/josegmartinez.com\/wp-content\/uploads\/2020\/05\/Cortazar-square-150x150.jpeg 150w, https:\/\/josegmartinez.com\/wp-content\/uploads\/2020\/05\/Cortazar-square-100x100.jpeg 100w\" data-sizes=\"(max-width: 240px) 100vw, 240px\" src=\"data:image\/gif;base64,R0lGODlhAQABAAAAACH5BAEKAAEALAAAAAABAAEAAAICTAEAOw==\" style=\"--smush-placeholder-width: 240px; --smush-placeholder-aspect-ratio: 240\/240;\" \/><\/a><\/figure><\/div>\n\n\n\n<p class=\"has-small-font-size\" style=\"padding-left:30px\">Piano y Viol\u00edn. Basado en los cuentos de Julio Cort\u00e1zar.<\/p>\n\n\n\n<p class=\"has-text-align-center\"><a href=\"https:\/\/josegmartinez.com\/es\/music\/chamber-music\/illegal-cycles\/\">Ciclos Ilegales (2015)<\/a><\/p>\n\n\n\n<div class=\"wp-block-image\"><figure class=\"aligncenter size-large is-resized\"><a href=\"https:\/\/josegmartinez.com\/es\/music\/chamber-music\/illegal-cycles\/\"><img decoding=\"async\" data-src=\"https:\/\/josegmartinez.com\/wp-content\/uploads\/2020\/05\/Illegal-square.jpeg\" alt=\"\" class=\"wp-image-919 lazyload\" width=\"240\" height=\"240\" data-srcset=\"https:\/\/josegmartinez.com\/wp-content\/uploads\/2020\/05\/Illegal-square.jpeg 320w, https:\/\/josegmartinez.com\/wp-content\/uploads\/2020\/05\/Illegal-square-300x300.jpeg 300w, https:\/\/josegmartinez.com\/wp-content\/uploads\/2020\/05\/Illegal-square-150x150.jpeg 150w, https:\/\/josegmartinez.com\/wp-content\/uploads\/2020\/05\/Illegal-square-100x100.jpeg 100w\" data-sizes=\"(max-width: 240px) 100vw, 240px\" src=\"data:image\/gif;base64,R0lGODlhAQABAAAAACH5BAEKAAEALAAAAAABAAEAAAICTAEAOw==\" style=\"--smush-placeholder-width: 240px; --smush-placeholder-aspect-ratio: 240\/240;\" \/><\/a><\/figure><\/div>\n\n\n\n<p class=\"has-small-font-size\" style=\"padding-left:30px\">Enamble pierrot. Escrita para el Ensamble de Nueva M\u00fasica de Missouri.<\/p>\n\n\n\n<p class=\"has-text-align-center\"><a href=\"https:\/\/josegmartinez.com\/es\/music\/chamber-music\/three-aphorisms\/\">Tres Aforismos (2014)<\/a><\/p>\n\n\n\n<div class=\"wp-block-image\"><figure class=\"aligncenter size-large is-resized\"><a href=\"https:\/\/josegmartinez.com\/es\/music\/chamber-music\/three-aphorisms\/\"><img decoding=\"async\" data-src=\"https:\/\/josegmartinez.com\/wp-content\/uploads\/2020\/05\/Shotakovich-square.jpeg\" alt=\"\" class=\"wp-image-926 lazyload\" width=\"240\" height=\"240\" data-srcset=\"https:\/\/josegmartinez.com\/wp-content\/uploads\/2020\/05\/Shotakovich-square.jpeg 320w, https:\/\/josegmartinez.com\/wp-content\/uploads\/2020\/05\/Shotakovich-square-300x300.jpeg 300w, https:\/\/josegmartinez.com\/wp-content\/uploads\/2020\/05\/Shotakovich-square-150x150.jpeg 150w, https:\/\/josegmartinez.com\/wp-content\/uploads\/2020\/05\/Shotakovich-square-100x100.jpeg 100w\" data-sizes=\"(max-width: 240px) 100vw, 240px\" src=\"data:image\/gif;base64,R0lGODlhAQABAAAAACH5BAEKAAEALAAAAAABAAEAAAICTAEAOw==\" style=\"--smush-placeholder-width: 240px; --smush-placeholder-aspect-ratio: 240\/240;\" \/><\/a><\/figure><\/div>\n\n\n\n<p class=\"has-small-font-size\" style=\"padding-left:30px\">Clarinete, Cello, y Percusi\u00f3n. Version alterna: Flauta, Viol\u00edn, Cello, y Percusi\u00f3n.<\/p>\n\n\n\n<p class=\"has-text-align-center\"><a href=\"https:\/\/josegmartinez.com\/es\/music\/chamber-music\/about-oneself\/\">Sobre Uno Mismo (2013)<\/a><\/p>\n\n\n\n<div class=\"wp-block-image\"><figure class=\"aligncenter size-large is-resized\"><a href=\"https:\/\/josegmartinez.com\/es\/music\/chamber-music\/about-oneself\/\"><img decoding=\"async\" data-src=\"https:\/\/josegmartinez.com\/wp-content\/uploads\/2020\/05\/piedra-de-sol-square-1.jpeg\" alt=\"\" class=\"wp-image-932 lazyload\" width=\"240\" height=\"240\" data-srcset=\"https:\/\/josegmartinez.com\/wp-content\/uploads\/2020\/05\/piedra-de-sol-square-1.jpeg 320w, https:\/\/josegmartinez.com\/wp-content\/uploads\/2020\/05\/piedra-de-sol-square-1-300x300.jpeg 300w, https:\/\/josegmartinez.com\/wp-content\/uploads\/2020\/05\/piedra-de-sol-square-1-150x150.jpeg 150w, https:\/\/josegmartinez.com\/wp-content\/uploads\/2020\/05\/piedra-de-sol-square-1-100x100.jpeg 100w\" data-sizes=\"(max-width: 240px) 100vw, 240px\" src=\"data:image\/gif;base64,R0lGODlhAQABAAAAACH5BAEKAAEALAAAAAABAAEAAAICTAEAOw==\" style=\"--smush-placeholder-width: 240px; --smush-placeholder-aspect-ratio: 240\/240;\" \/><\/a><\/figure><\/div>\n\n\n\n<p class=\"has-small-font-size\" style=\"padding-left:30px\">Fl solo, Cl, Vln, Vc, Perc, Pno. Estrenada por el ensamble Taller Sonoro.<\/p>\n<\/div>\n\n\n\n<div class=\"wp-block-column is-layout-flow wp-block-column-is-layout-flow\">\n<p class=\"has-text-align-center\">Voces Olvidadas (2016)<\/p>\n\n\n\n<div class=\"wp-block-image\"><figure class=\"aligncenter size-large is-resized\"><img decoding=\"async\" data-src=\"https:\/\/josegmartinez.com\/wp-content\/uploads\/2020\/05\/Voces-2-1.jpg\" alt=\"\" class=\"wp-image-1028 lazyload\" width=\"240\" height=\"240\" data-srcset=\"https:\/\/josegmartinez.com\/wp-content\/uploads\/2020\/05\/Voces-2-1.jpg 200w, https:\/\/josegmartinez.com\/wp-content\/uploads\/2020\/05\/Voces-2-1-150x150.jpg 150w, https:\/\/josegmartinez.com\/wp-content\/uploads\/2020\/05\/Voces-2-1-100x100.jpg 100w\" data-sizes=\"(max-width: 240px) 100vw, 240px\" src=\"data:image\/gif;base64,R0lGODlhAQABAAAAACH5BAEKAAEALAAAAAABAAEAAAICTAEAOw==\" style=\"--smush-placeholder-width: 240px; --smush-placeholder-aspect-ratio: 240\/240;\" \/><\/figure><\/div>\n\n\n\n<p class=\"has-small-font-size\" style=\"padding-left:30px\">Chamber Ensemble and Choir.<\/p>\n\n\n\n<p><\/p>\n\n\n\n<p class=\"has-text-align-center\"><a href=\"https:\/\/josegmartinez.com\/es\/music\/chamber-music\/uneven-portraits\/\">Retratos Desiguales (2016)<\/a><\/p>\n\n\n\n<div class=\"wp-block-image\"><figure class=\"aligncenter size-large is-resized\"><a href=\"https:\/\/josegmartinez.com\/es\/music\/chamber-music\/uneven-portraits\/\"><img decoding=\"async\" data-src=\"https:\/\/josegmartinez.com\/wp-content\/uploads\/2020\/05\/Uneven-square.jpeg\" alt=\"\" class=\"wp-image-920 lazyload\" width=\"240\" height=\"240\" data-srcset=\"https:\/\/josegmartinez.com\/wp-content\/uploads\/2020\/05\/Uneven-square.jpeg 320w, https:\/\/josegmartinez.com\/wp-content\/uploads\/2020\/05\/Uneven-square-300x300.jpeg 300w, https:\/\/josegmartinez.com\/wp-content\/uploads\/2020\/05\/Uneven-square-150x150.jpeg 150w, https:\/\/josegmartinez.com\/wp-content\/uploads\/2020\/05\/Uneven-square-100x100.jpeg 100w\" data-sizes=\"(max-width: 240px) 100vw, 240px\" src=\"data:image\/gif;base64,R0lGODlhAQABAAAAACH5BAEKAAEALAAAAAABAAEAAAICTAEAOw==\" style=\"--smush-placeholder-width: 240px; --smush-placeholder-aspect-ratio: 240\/240;\" \/><\/a><\/figure><\/div>\n\n\n\n<p class=\"has-small-font-size\" style=\"padding-left:30px\">Cuarteto de Saxofones. Escrito para el cuarteto Elision.<\/p>\n\n\n\n<p class=\"has-text-align-center\"><a href=\"https:\/\/josegmartinez.com\/es\/music\/chamber-music\/looking-for-the-clave\/\">Buscando la Clave (2015)<\/a><\/p>\n\n\n\n<div class=\"wp-block-image\"><figure class=\"aligncenter size-large is-resized\"><a href=\"https:\/\/josegmartinez.com\/es\/music\/chamber-music\/looking-for-the-clave\/\"><img decoding=\"async\" data-src=\"https:\/\/josegmartinez.com\/wp-content\/uploads\/2020\/05\/clave-aquare.jpeg\" alt=\"\" class=\"wp-image-922 lazyload\" width=\"240\" height=\"240\" data-srcset=\"https:\/\/josegmartinez.com\/wp-content\/uploads\/2020\/05\/clave-aquare.jpeg 320w, https:\/\/josegmartinez.com\/wp-content\/uploads\/2020\/05\/clave-aquare-300x300.jpeg 300w, https:\/\/josegmartinez.com\/wp-content\/uploads\/2020\/05\/clave-aquare-150x150.jpeg 150w, https:\/\/josegmartinez.com\/wp-content\/uploads\/2020\/05\/clave-aquare-100x100.jpeg 100w\" data-sizes=\"(max-width: 240px) 100vw, 240px\" src=\"data:image\/gif;base64,R0lGODlhAQABAAAAACH5BAEKAAEALAAAAAABAAEAAAICTAEAOw==\" style=\"--smush-placeholder-width: 240px; --smush-placeholder-aspect-ratio: 240\/240;\" \/><\/a><\/figure><\/div>\n\n\n\n<p class=\"has-small-font-size\" style=\"padding-left:30px\">Quinteto de Cuerdas. Comisionada por la sala de conciertos Sheldon en St. Louis, Missouri.<\/p>=\n\n\n\n<p class=\"has-text-align-center\"><a href=\"https:\/\/josegmartinez.com\/es\/music\/chamber-music\/about-the-others\/\">Sobre los Otros (2014)<\/a><\/p>\n\n\n\n<div class=\"wp-block-image\"><figure class=\"aligncenter size-large is-resized\"><a href=\"https:\/\/josegmartinez.com\/es\/music\/chamber-music\/about-the-others\/\"><img decoding=\"async\" data-src=\"https:\/\/josegmartinez.com\/wp-content\/uploads\/2020\/05\/Mizzou-NME-square.jpeg\" alt=\"\" class=\"wp-image-923 lazyload\" width=\"240\" height=\"240\" data-srcset=\"https:\/\/josegmartinez.com\/wp-content\/uploads\/2020\/05\/Mizzou-NME-square.jpeg 320w, https:\/\/josegmartinez.com\/wp-content\/uploads\/2020\/05\/Mizzou-NME-square-300x300.jpeg 300w, https:\/\/josegmartinez.com\/wp-content\/uploads\/2020\/05\/Mizzou-NME-square-150x150.jpeg 150w, https:\/\/josegmartinez.com\/wp-content\/uploads\/2020\/05\/Mizzou-NME-square-100x100.jpeg 100w\" data-sizes=\"(max-width: 240px) 100vw, 240px\" src=\"data:image\/gif;base64,R0lGODlhAQABAAAAACH5BAEKAAEALAAAAAABAAEAAAICTAEAOw==\" style=\"--smush-placeholder-width: 240px; --smush-placeholder-aspect-ratio: 240\/240;\" \/><\/a><\/figure><\/div>\n\n\n\n<p class=\"has-small-font-size\" style=\"padding-left:30px\">Fl, Cl, Ob, Van, Vc, Perc, Pno. Escrita para el Ensamble de Nueva M\u00fasica de Missouri.<\/p>\n\n\n\n<p class=\"has-text-align-center\">Mon\u00f3logo III (2013)<\/p>\n\n\n\n<div class=\"wp-block-image\"><figure class=\"aligncenter size-large is-resized\"><img decoding=\"async\" data-src=\"https:\/\/josegmartinez.com\/wp-content\/uploads\/2020\/05\/Kroumata-square.jpeg\" alt=\"\" class=\"wp-image-929 lazyload\" width=\"240\" height=\"240\" data-srcset=\"https:\/\/josegmartinez.com\/wp-content\/uploads\/2020\/05\/Kroumata-square.jpeg 167w, https:\/\/josegmartinez.com\/wp-content\/uploads\/2020\/05\/Kroumata-square-150x150.jpeg 150w, https:\/\/josegmartinez.com\/wp-content\/uploads\/2020\/05\/Kroumata-square-100x100.jpeg 100w\" data-sizes=\"(max-width: 240px) 100vw, 240px\" src=\"data:image\/gif;base64,R0lGODlhAQABAAAAACH5BAEKAAEALAAAAAABAAEAAAICTAEAOw==\" style=\"--smush-placeholder-width: 240px; --smush-placeholder-aspect-ratio: 240\/240;\" \/><\/figure><\/div>\n\n\n\n<p class=\"has-small-font-size\" style=\"padding-left:30px\">Fl solista y Quinteto de Percusi\u00f3n. Ganadora en 2011 del Premio de Composici\u00f3n \u201cCiudad de Bogot\u00e1\".<\/p>\n<\/div>\n<\/div>","protected":false},"excerpt":{"rendered":"<p>Nobody can do it like me! (2020) Four-hand piano. Commissioned by Hocket Duo. Instruction Manual (2016) Piano and Violin. Based on Julio Cort\u00e1zar&#8217;s short stories. Illegal Cycles (2015) Pierrot Ensemble. Written for the Mizzou New Music Ensemble Three Aphorisms (2014) Clarinet, Cello, and Percussion. Alternate version: Flute, Violin, Cello, and Percussion About Oneself (2013) Fl &hellip; <\/p>\n<p class=\"link-more\"><a href=\"https:\/\/josegmartinez.com\/es\/music\/chamber-music\/\" class=\"more-link\">Continuar leyendo<span class=\"screen-reader-text\"> &#8220;Chamber Ensemble&#8221;<\/span><\/a><\/p>","protected":false},"author":1,"featured_media":0,"parent":1206,"menu_order":0,"comment_status":"closed","ping_status":"closed","template":"","meta":{"jetpack_post_was_ever_published":false,"footnotes":""},"class_list":["post-230","page","type-page","status-publish","hentry"],"jetpack_sharing_enabled":true,"jetpack_shortlink":"https:\/\/wp.me\/Pc1NYo-3I","_links":{"self":[{"href":"https:\/\/josegmartinez.com\/es\/wp-json\/wp\/v2\/pages\/230","targetHints":{"allow":["GET"]}}],"collection":[{"href":"https:\/\/josegmartinez.com\/es\/wp-json\/wp\/v2\/pages"}],"about":[{"href":"https:\/\/josegmartinez.com\/es\/wp-json\/wp\/v2\/types\/page"}],"author":[{"embeddable":true,"href":"https:\/\/josegmartinez.com\/es\/wp-json\/wp\/v2\/users\/1"}],"replies":[{"embeddable":true,"href":"https:\/\/josegmartinez.com\/es\/wp-json\/wp\/v2\/comments?post=230"}],"version-history":[{"count":31,"href":"https:\/\/josegmartinez.com\/es\/wp-json\/wp\/v2\/pages\/230\/revisions"}],"predecessor-version":[{"id":1153,"href":"https:\/\/josegmartinez.com\/es\/wp-json\/wp\/v2\/pages\/230\/revisions\/1153"}],"up":[{"embeddable":true,"href":"https:\/\/josegmartinez.com\/es\/wp-json\/wp\/v2\/pages\/1206"}],"wp:attachment":[{"href":"https:\/\/josegmartinez.com\/es\/wp-json\/wp\/v2\/media?parent=230"}],"curies":[{"name":"wp","href":"https:\/\/api.w.org\/{rel}","templated":true}]}}