{"id":216,"date":"2020-05-07T20:24:02","date_gmt":"2020-05-08T00:24:02","guid":{"rendered":"https:\/\/josegmartinez.com\/?page_id=216"},"modified":"2023-06-30T11:16:43","modified_gmt":"2023-06-30T15:16:43","slug":"percussion-music","status":"publish","type":"page","link":"https:\/\/josegmartinez.com\/es\/music\/percussion-music\/","title":{"rendered":"M\u00fasica para Percusi\u00f3n"},"content":{"rendered":"<hr class=\"wp-block-separator has-text-color has-background has-very-light-gray-background-color has-very-light-gray-color is-style-wide\"\/>\n\n\n\n<div class=\"wp-block-group has-very-dark-gray-background-color has-very-light-gray-color has-text-color has-background\"><div class=\"wp-block-group__inner-container is-layout-flow wp-block-group-is-layout-flow\">\n<div class=\"wp-block-buttons is-layout-flex wp-block-buttons-is-layout-flex\">\n<div class=\"wp-block-button is-style-outline is-style-outline--1\"><a class=\"wp-block-button__link no-border-radius\" href=\"https:\/\/josegmartinez.com\/es\/music\/instrumentsandelectronics\/\">Instr y Elect<\/a><\/div>\n\n\n\n<div class=\"wp-block-button is-style-outline is-style-outline--2\"><a class=\"wp-block-button__link no-border-radius\" href=\"https:\/\/josegmartinez.com\/es\/music\/multimedia\/\">Multimedia<\/a><\/div>\n\n\n\n<div class=\"wp-block-button is-style-outline is-style-outline--3\"><a class=\"wp-block-button__link no-border-radius\" href=\"https:\/\/josegmartinez.com\/es\/music\/chamber-music\/\">Ens C\u00e1mara<\/a><\/div>\n\n\n\n<div class=\"wp-block-button is-style-outline is-style-outline--4\"><a class=\"wp-block-button__link no-border-radius\" href=\"https:\/\/josegmartinez.com\/es\/music\/large-ensemble\/\">Gran Ens<\/a><\/div>\n<\/div>\n<\/div><\/div>\n\n\n\n<hr class=\"wp-block-separator has-text-color has-background has-very-light-gray-background-color has-very-light-gray-color is-style-wide\"\/>\n\n\n\n<div class=\"wp-block-group has-very-dark-gray-background-color has-very-light-gray-color has-text-color has-background\"><div class=\"wp-block-group__inner-container is-layout-flow wp-block-group-is-layout-flow\">\n<h2 class=\"wp-block-heading\"><strong>Solos para Percusi\u00f3n<\/strong><\/h2>\n<\/div><\/div>\n\n\n\n<hr class=\"wp-block-separator has-text-color has-background has-very-light-gray-background-color has-very-light-gray-color is-style-wide\"\/>\n\n\n\n<div class=\"wp-block-columns is-layout-flex wp-container-core-columns-is-layout-9d6595d7 wp-block-columns-is-layout-flex\">\n<div class=\"wp-block-column is-layout-flow wp-block-column-is-layout-flow\">\n<p class=\"has-text-align-center\"><a href=\"https:\/\/josegmartinez.com\/es\/monologue-iv\/\">Mon\u00f3logo IV - Biling\u00fcismo (2017)<\/a><\/p>\n\n\n\n<div class=\"wp-block-image\"><figure class=\"aligncenter size-large is-resized\"><a href=\"https:\/\/josegmartinez.com\/es\/monologue-iv\/\"><img decoding=\"async\" data-src=\"https:\/\/josegmartinez.com\/wp-content\/uploads\/2020\/05\/Tambor2.jpg\" alt=\"\" class=\"wp-image-1014 lazyload\" width=\"240\" height=\"240\" data-srcset=\"https:\/\/josegmartinez.com\/wp-content\/uploads\/2020\/05\/Tambor2.jpg 320w, https:\/\/josegmartinez.com\/wp-content\/uploads\/2020\/05\/Tambor2-300x300.jpg 300w, https:\/\/josegmartinez.com\/wp-content\/uploads\/2020\/05\/Tambor2-150x150.jpg 150w, https:\/\/josegmartinez.com\/wp-content\/uploads\/2020\/05\/Tambor2-100x100.jpg 100w\" data-sizes=\"(max-width: 240px) 100vw, 240px\" src=\"data:image\/gif;base64,R0lGODlhAQABAAAAACH5BAEKAAEALAAAAAABAAEAAAICTAEAOw==\" style=\"--smush-placeholder-width: 240px; --smush-placeholder-aspect-ratio: 240\/240;\" \/><\/a><\/figure><\/div>\n\n\n\n<p class=\"has-small-font-size\" style=\"padding-left:30px\">Redoblante Solo. Comisionada por Andy Miller y un consorcio de colegas.<\/p>\n\n\n\n<p class=\"has-text-align-center\"><a href=\"https:\/\/josegmartinez.com\/es\/six-instructions-for-vibraphone\/\">Seis Instrucciones para Vibr\u00e1fono (2015)<\/a><\/p>\n\n\n\n<div class=\"wp-block-image\"><figure class=\"aligncenter size-large is-resized\"><a href=\"https:\/\/josegmartinez.com\/es\/six-instructions-for-vibraphone\/\"><img decoding=\"async\" data-src=\"https:\/\/josegmartinez.com\/wp-content\/uploads\/2020\/05\/Jose-Six-Instructions.jpeg\" alt=\"\" class=\"wp-image-1016 lazyload\" width=\"240\" height=\"240\" data-srcset=\"https:\/\/josegmartinez.com\/wp-content\/uploads\/2020\/05\/Jose-Six-Instructions.jpeg 320w, https:\/\/josegmartinez.com\/wp-content\/uploads\/2020\/05\/Jose-Six-Instructions-300x300.jpeg 300w, https:\/\/josegmartinez.com\/wp-content\/uploads\/2020\/05\/Jose-Six-Instructions-150x150.jpeg 150w, https:\/\/josegmartinez.com\/wp-content\/uploads\/2020\/05\/Jose-Six-Instructions-100x100.jpeg 100w\" data-sizes=\"(max-width: 240px) 100vw, 240px\" src=\"data:image\/gif;base64,R0lGODlhAQABAAAAACH5BAEKAAEALAAAAAABAAEAAAICTAEAOw==\" style=\"--smush-placeholder-width: 240px; --smush-placeholder-aspect-ratio: 240\/240;\" \/><\/a><\/figure><\/div>\n\n\n\n<p class=\"has-small-font-size\" style=\"padding-left:30px\">Vibr\u00e1fono solo<\/p>\n\n\n\n<p class=\"has-text-align-center\"><a href=\"https:\/\/josegmartinez.com\/es\/and-justice-for-all\/\">Mon\u00f3logo I - Y Justicia para Todos (2010)<\/a><\/p>\n\n\n\n<div class=\"wp-block-image\"><figure class=\"aligncenter size-large is-resized\"><a href=\"https:\/\/josegmartinez.com\/es\/and-justice-for-all\/\"><img decoding=\"async\" data-src=\"https:\/\/josegmartinez.com\/wp-content\/uploads\/2020\/05\/Alejandro.jpeg\" alt=\"\" class=\"wp-image-1017 lazyload\" width=\"240\" height=\"240\" data-srcset=\"https:\/\/josegmartinez.com\/wp-content\/uploads\/2020\/05\/Alejandro.jpeg 267w, https:\/\/josegmartinez.com\/wp-content\/uploads\/2020\/05\/Alejandro-150x150.jpeg 150w, https:\/\/josegmartinez.com\/wp-content\/uploads\/2020\/05\/Alejandro-100x100.jpeg 100w\" data-sizes=\"(max-width: 240px) 100vw, 240px\" src=\"data:image\/gif;base64,R0lGODlhAQABAAAAACH5BAEKAAEALAAAAAABAAEAAAICTAEAOw==\" style=\"--smush-placeholder-width: 240px; --smush-placeholder-aspect-ratio: 240\/240;\" \/><\/a><\/figure><\/div>\n\n\n\n<p class=\"has-small-font-size\" style=\"padding-left:30px\">Marimba. Comisionada por Alejandro Ru\u00edz.<\/p>\n<\/div>\n\n\n\n<div class=\"wp-block-column is-layout-flow wp-block-column-is-layout-flow\">\n<p class=\"has-text-align-center\">Im\u00e1genes de Macondo (2014 - 2015)<\/p>\n\n\n\n<div class=\"wp-block-image\"><figure class=\"aligncenter size-large is-resized\"><img decoding=\"async\" data-src=\"https:\/\/josegmartinez.com\/wp-content\/uploads\/2020\/05\/juan_forero5-1.jpg\" alt=\"\" class=\"wp-image-1019 lazyload\" width=\"240\" height=\"240\" data-srcset=\"https:\/\/josegmartinez.com\/wp-content\/uploads\/2020\/05\/juan_forero5-1.jpg 800w, https:\/\/josegmartinez.com\/wp-content\/uploads\/2020\/05\/juan_forero5-1-300x300.jpg 300w, https:\/\/josegmartinez.com\/wp-content\/uploads\/2020\/05\/juan_forero5-1-150x150.jpg 150w, https:\/\/josegmartinez.com\/wp-content\/uploads\/2020\/05\/juan_forero5-1-768x768.jpg 768w, https:\/\/josegmartinez.com\/wp-content\/uploads\/2020\/05\/juan_forero5-1-100x100.jpg 100w\" data-sizes=\"(max-width: 240px) 100vw, 240px\" src=\"data:image\/gif;base64,R0lGODlhAQABAAAAACH5BAEKAAEALAAAAAABAAEAAAICTAEAOw==\" style=\"--smush-placeholder-width: 240px; --smush-placeholder-aspect-ratio: 240\/240;\" \/><\/figure><\/div>\n\n\n\n<p class=\"has-small-font-size\" style=\"padding-left:30px\">Marimba. Comisionada por Juan David Forero<\/p>\n\n\n\n<p class=\"has-text-align-center\"><a href=\"https:\/\/josegmartinez.com\/es\/three-short-pieces-for-marimba\/\">Tres peque\u00f1as piezas para Marimba.<\/a><\/p>\n\n\n\n<div class=\"wp-block-image\"><figure class=\"aligncenter size-large is-resized\"><a href=\"https:\/\/josegmartinez.com\/es\/three-short-pieces-for-marimba\/\"><img decoding=\"async\" data-src=\"https:\/\/josegmartinez.com\/wp-content\/uploads\/2020\/05\/Mishka-2.jpg\" alt=\"\" class=\"wp-image-1020 lazyload\" width=\"240\" height=\"240\" data-srcset=\"https:\/\/josegmartinez.com\/wp-content\/uploads\/2020\/05\/Mishka-2.jpg 320w, https:\/\/josegmartinez.com\/wp-content\/uploads\/2020\/05\/Mishka-2-300x300.jpg 300w, https:\/\/josegmartinez.com\/wp-content\/uploads\/2020\/05\/Mishka-2-150x150.jpg 150w, https:\/\/josegmartinez.com\/wp-content\/uploads\/2020\/05\/Mishka-2-100x100.jpg 100w\" data-sizes=\"(max-width: 240px) 100vw, 240px\" src=\"data:image\/gif;base64,R0lGODlhAQABAAAAACH5BAEKAAEALAAAAAABAAEAAAICTAEAOw==\" style=\"--smush-placeholder-width: 240px; --smush-placeholder-aspect-ratio: 240\/240;\" \/><\/a><\/figure><\/div>\n\n\n\n<p class=\"has-small-font-size\" style=\"padding-left:30px\">Marimba.<\/p>\n<\/div>\n<\/div>\n\n\n\n<hr class=\"wp-block-separator has-text-color has-background has-very-light-gray-background-color has-very-light-gray-color is-style-wide\"\/>\n\n\n\n<div class=\"wp-block-group has-very-dark-gray-background-color has-very-light-gray-color has-text-color has-background\"><div class=\"wp-block-group__inner-container is-layout-flow wp-block-group-is-layout-flow\">\n<h2 class=\"wp-block-heading\"><strong>Ensamble de Percusi\u00f3n.<\/strong><\/h2>\n<\/div><\/div>\n\n\n\n<hr class=\"wp-block-separator has-text-color has-background has-very-light-gray-background-color has-very-light-gray-color is-style-wide\"\/>\n\n\n\n<div class=\"wp-block-columns is-layout-flex wp-container-core-columns-is-layout-9d6595d7 wp-block-columns-is-layout-flex\">\n<div class=\"wp-block-column is-layout-flow wp-block-column-is-layout-flow\">\n<p class=\"has-text-align-center\"><a href=\"https:\/\/josegmartinez.com\/es\/two-questions-about-time\/\">Dos Preguntas Sobre el Tiempo (2016 - 2017)<\/a><\/p>\n\n\n\n<div class=\"wp-block-image\"><figure class=\"aligncenter size-large is-resized\"><a href=\"https:\/\/josegmartinez.com\/es\/two-questions-about-time\/\"><img decoding=\"async\" data-src=\"https:\/\/josegmartinez.com\/wp-content\/uploads\/2020\/05\/josemartinez-thirdcoastpercussion.jpeg\" alt=\"Jose Martinez and Third Coast Percussion\" class=\"wp-image-118 lazyload\" width=\"240\" height=\"240\" data-srcset=\"https:\/\/josegmartinez.com\/wp-content\/uploads\/2020\/05\/josemartinez-thirdcoastpercussion.jpeg 320w, https:\/\/josegmartinez.com\/wp-content\/uploads\/2020\/05\/josemartinez-thirdcoastpercussion-300x300.jpeg 300w, https:\/\/josegmartinez.com\/wp-content\/uploads\/2020\/05\/josemartinez-thirdcoastpercussion-150x150.jpeg 150w, https:\/\/josegmartinez.com\/wp-content\/uploads\/2020\/05\/josemartinez-thirdcoastpercussion-100x100.jpeg 100w\" data-sizes=\"(max-width: 240px) 100vw, 240px\" src=\"data:image\/gif;base64,R0lGODlhAQABAAAAACH5BAEKAAEALAAAAAABAAEAAAICTAEAOw==\" style=\"--smush-placeholder-width: 240px; --smush-placeholder-aspect-ratio: 240\/240;\" \/><\/a><\/figure><\/div>\n\n\n\n<p class=\"has-small-font-size\" style=\"padding-left:30px\">Cuarteto de Percusi\u00f3n. Escrita para Third Coast Percussion.<\/p>\n\n\n\n<p class=\"has-text-align-center\"><a href=\"https:\/\/josegmartinez.com\/es\/suite\/\">Suite (2008-2010)<\/a><\/p>\n\n\n\n<div class=\"wp-block-image\"><figure class=\"aligncenter size-large is-resized\"><a href=\"https:\/\/josegmartinez.com\/es\/suite\/\"><img decoding=\"async\" data-src=\"https:\/\/josegmartinez.com\/wp-content\/uploads\/2020\/05\/ICTU5-square.jpeg\" alt=\"\" class=\"wp-image-1021 lazyload\" width=\"240\" height=\"240\" data-srcset=\"https:\/\/josegmartinez.com\/wp-content\/uploads\/2020\/05\/ICTU5-square.jpeg 320w, https:\/\/josegmartinez.com\/wp-content\/uploads\/2020\/05\/ICTU5-square-300x300.jpeg 300w, https:\/\/josegmartinez.com\/wp-content\/uploads\/2020\/05\/ICTU5-square-150x150.jpeg 150w, https:\/\/josegmartinez.com\/wp-content\/uploads\/2020\/05\/ICTU5-square-100x100.jpeg 100w\" data-sizes=\"(max-width: 240px) 100vw, 240px\" src=\"data:image\/gif;base64,R0lGODlhAQABAAAAACH5BAEKAAEALAAAAAABAAEAAAICTAEAOw==\" style=\"--smush-placeholder-width: 240px; --smush-placeholder-aspect-ratio: 240\/240;\" \/><\/a><\/figure><\/div>\n\n\n\n<p class=\"has-small-font-size\" style=\"padding-left:30px\">Cuarteto de Redoblantes.<\/p>\n<\/div>\n\n\n\n<div class=\"wp-block-column is-layout-flow wp-block-column-is-layout-flow\">\n<p class=\"has-text-align-center\"><a href=\"https:\/\/josegmartinez.com\/es\/cyclic-variations\/\">Variaciones C\u00edclicas (2015)<\/a><\/p>\n\n\n\n<div class=\"wp-block-image\"><figure class=\"aligncenter size-large is-resized\"><a href=\"https:\/\/josegmartinez.com\/es\/cyclic-variations\/\"><img decoding=\"async\" data-src=\"https:\/\/josegmartinez.com\/wp-content\/uploads\/2020\/05\/Marimba-1.jpeg\" alt=\"\" class=\"wp-image-1025 lazyload\" width=\"240\" height=\"240\" data-srcset=\"https:\/\/josegmartinez.com\/wp-content\/uploads\/2020\/05\/Marimba-1.jpeg 320w, https:\/\/josegmartinez.com\/wp-content\/uploads\/2020\/05\/Marimba-1-300x300.jpeg 300w, https:\/\/josegmartinez.com\/wp-content\/uploads\/2020\/05\/Marimba-1-150x150.jpeg 150w, https:\/\/josegmartinez.com\/wp-content\/uploads\/2020\/05\/Marimba-1-100x100.jpeg 100w\" data-sizes=\"(max-width: 240px) 100vw, 240px\" src=\"data:image\/gif;base64,R0lGODlhAQABAAAAACH5BAEKAAEALAAAAAABAAEAAAICTAEAOw==\" style=\"--smush-placeholder-width: 240px; --smush-placeholder-aspect-ratio: 240\/240;\" \/><\/a><\/figure><\/div>\n\n\n\n<p class=\"has-small-font-size\" style=\"padding-left:30px\">Cuarteto de Marimba.<\/p>\n\n\n\n<p class=\"has-text-align-center\"><a href=\"https:\/\/josegmartinez.com\/es\/suamox\/\">Suamox (2008)<\/a><\/p>\n\n\n\n<div class=\"wp-block-image\"><figure class=\"aligncenter size-large is-resized\"><a href=\"https:\/\/josegmartinez.com\/es\/suamox\/\"><img decoding=\"async\" data-src=\"https:\/\/josegmartinez.com\/wp-content\/uploads\/2020\/05\/Suamox-square-1.jpeg\" alt=\"\" class=\"wp-image-1023 lazyload\" width=\"240\" height=\"240\" data-srcset=\"https:\/\/josegmartinez.com\/wp-content\/uploads\/2020\/05\/Suamox-square-1.jpeg 320w, https:\/\/josegmartinez.com\/wp-content\/uploads\/2020\/05\/Suamox-square-1-300x300.jpeg 300w, https:\/\/josegmartinez.com\/wp-content\/uploads\/2020\/05\/Suamox-square-1-150x150.jpeg 150w, https:\/\/josegmartinez.com\/wp-content\/uploads\/2020\/05\/Suamox-square-1-100x100.jpeg 100w\" data-sizes=\"(max-width: 240px) 100vw, 240px\" src=\"data:image\/gif;base64,R0lGODlhAQABAAAAACH5BAEKAAEALAAAAAABAAEAAAICTAEAOw==\" style=\"--smush-placeholder-width: 240px; --smush-placeholder-aspect-ratio: 240\/240;\" \/><\/a><\/figure><\/div>\n\n\n\n<p class=\"has-small-font-size\" style=\"padding-left:30px\">Marimba y Vibr\u00e1fono. Ganadora del Premio Nacional de Composici\u00f3n para J\u00f3venes Compositores 2008. <\/p>\n<\/div>\n<\/div>","protected":false},"excerpt":{"rendered":"<p>Percussion Solos Monologue IV &#8211; Bilingualism (2017) Snare Drum Solo. Commissioned by Andy Miller and a consortium of friends Six Instructions for Vibraphone (2015) Vibraphone Solo Monologue I &#8211; And Justice For All (2010) Marimba Solo. Commissioned by Alejandro Ru\u00edz Images from Macondo (2014 &#8211; 2015) Marimba Solo. Commissioned by Juan David Forero Three Short &hellip; <\/p>\n<p class=\"link-more\"><a href=\"https:\/\/josegmartinez.com\/es\/music\/percussion-music\/\" class=\"more-link\">Continuar leyendo<span class=\"screen-reader-text\"> &#8220;Percussion Music&#8221;<\/span><\/a><\/p>","protected":false},"author":1,"featured_media":0,"parent":1206,"menu_order":0,"comment_status":"closed","ping_status":"closed","template":"","meta":{"jetpack_post_was_ever_published":false,"footnotes":""},"class_list":["post-216","page","type-page","status-publish","hentry"],"jetpack_sharing_enabled":true,"jetpack_shortlink":"https:\/\/wp.me\/Pc1NYo-3u","_links":{"self":[{"href":"https:\/\/josegmartinez.com\/es\/wp-json\/wp\/v2\/pages\/216","targetHints":{"allow":["GET"]}}],"collection":[{"href":"https:\/\/josegmartinez.com\/es\/wp-json\/wp\/v2\/pages"}],"about":[{"href":"https:\/\/josegmartinez.com\/es\/wp-json\/wp\/v2\/types\/page"}],"author":[{"embeddable":true,"href":"https:\/\/josegmartinez.com\/es\/wp-json\/wp\/v2\/users\/1"}],"replies":[{"embeddable":true,"href":"https:\/\/josegmartinez.com\/es\/wp-json\/wp\/v2\/comments?post=216"}],"version-history":[{"count":25,"href":"https:\/\/josegmartinez.com\/es\/wp-json\/wp\/v2\/pages\/216\/revisions"}],"predecessor-version":[{"id":1026,"href":"https:\/\/josegmartinez.com\/es\/wp-json\/wp\/v2\/pages\/216\/revisions\/1026"}],"up":[{"embeddable":true,"href":"https:\/\/josegmartinez.com\/es\/wp-json\/wp\/v2\/pages\/1206"}],"wp:attachment":[{"href":"https:\/\/josegmartinez.com\/es\/wp-json\/wp\/v2\/media?parent=216"}],"curies":[{"name":"wp","href":"https:\/\/api.w.org\/{rel}","templated":true}]}}