{"id":214,"date":"2020-05-07T20:23:31","date_gmt":"2020-05-08T00:23:31","guid":{"rendered":"https:\/\/josegmartinez.com\/?page_id=214"},"modified":"2023-06-30T11:16:35","modified_gmt":"2023-06-30T15:16:35","slug":"multimedia","status":"publish","type":"page","link":"https:\/\/josegmartinez.com\/es\/music\/multimedia\/","title":{"rendered":"Multimedia"},"content":{"rendered":"<hr class=\"wp-block-separator has-text-color has-background has-very-light-gray-background-color has-very-light-gray-color is-style-wide\"\/>\n\n\n\n<div class=\"wp-block-group has-very-light-gray-color has-very-dark-gray-background-color has-text-color has-background\"><div class=\"wp-block-group__inner-container is-layout-flow wp-block-group-is-layout-flow\">\n<div class=\"wp-block-buttons aligncenter is-layout-flex wp-block-buttons-is-layout-flex\">\n<div class=\"wp-block-button is-style-outline is-style-outline--1\"><a class=\"wp-block-button__link no-border-radius\" href=\"https:\/\/josegmartinez.com\/es\/music\/instrumentsandelectronics\/\">Inst &amp; Elect<\/a><\/div>\n\n\n\n<div class=\"wp-block-button is-style-outline is-style-outline--2\"><a class=\"wp-block-button__link no-border-radius\" href=\"https:\/\/josegmartinez.com\/es\/music\/percussion-music\/\">Percusi\u00f3n<\/a><\/div>\n\n\n\n<div class=\"wp-block-button is-style-outline is-style-outline--3\"><a class=\"wp-block-button__link no-border-radius\" href=\"https:\/\/josegmartinez.com\/es\/music\/chamber-music\/\">Ens C\u00e1mara<\/a><\/div>\n\n\n\n<div class=\"wp-block-button is-style-outline is-style-outline--4\"><a class=\"wp-block-button__link no-border-radius\" href=\"https:\/\/josegmartinez.com\/es\/music\/large-ensemble\/\">Gran Ens<\/a><\/div>\n<\/div>\n<\/div><\/div>\n\n\n\n<hr class=\"wp-block-separator has-text-color has-background has-very-light-gray-background-color has-very-light-gray-color is-style-wide\"\/>\n\n\n\n<div class=\"wp-block-columns is-layout-flex wp-container-core-columns-is-layout-9d6595d7 wp-block-columns-is-layout-flex\">\n<div class=\"wp-block-column is-layout-flow wp-block-column-is-layout-flow\">\n<p class=\"has-text-align-center\"><a href=\"https:\/\/josegmartinez.com\/es\/music\/multimedia\/atavismo\/\">Atavism(o) (2020)<\/a><\/p>\n\n\n\n<div class=\"wp-block-image\"><figure class=\"aligncenter size-large is-resized\"><a href=\"https:\/\/josegmartinez.com\/es\/music\/multimedia\/atavismo\/\"><img decoding=\"async\" data-src=\"https:\/\/josegmartinez.com\/wp-content\/uploads\/2020\/11\/Atavismo.jpeg\" alt=\"\" class=\"wp-image-1098 lazyload\" width=\"240\" height=\"240\" data-srcset=\"https:\/\/josegmartinez.com\/wp-content\/uploads\/2020\/11\/Atavismo.jpeg 958w, https:\/\/josegmartinez.com\/wp-content\/uploads\/2020\/11\/Atavismo-300x300.jpeg 300w, https:\/\/josegmartinez.com\/wp-content\/uploads\/2020\/11\/Atavismo-150x150.jpeg 150w, https:\/\/josegmartinez.com\/wp-content\/uploads\/2020\/11\/Atavismo-768x768.jpeg 768w, https:\/\/josegmartinez.com\/wp-content\/uploads\/2020\/11\/Atavismo-12x12.jpeg 12w, https:\/\/josegmartinez.com\/wp-content\/uploads\/2020\/11\/Atavismo-100x100.jpeg 100w\" data-sizes=\"(max-width: 240px) 100vw, 240px\" src=\"data:image\/gif;base64,R0lGODlhAQABAAAAACH5BAEKAAEALAAAAAABAAEAAAICTAEAOw==\" style=\"--smush-placeholder-width: 240px; --smush-placeholder-aspect-ratio: 240\/240;\" \/><\/a><\/figure><\/div>\n\n\n\n<p class=\"has-small-font-size\" style=\"padding-left:30px\">A collaboration with dance<\/p>\n\n\n\n<p class=\"has-text-align-center\"><a href=\"https:\/\/josegmartinez.com\/es\/39-inside\/\">39 Inside [Encontraron 39] (2018-2019)<\/a><\/p>\n\n\n\n<div class=\"wp-block-image\"><figure class=\"aligncenter size-large is-resized\"><img decoding=\"async\" data-src=\"https:\/\/josegmartinez.com\/wp-content\/uploads\/2020\/05\/39-Inside-square-small.jpeg\" alt=\"\" class=\"wp-image-909 lazyload\" width=\"240\" height=\"240\" data-srcset=\"https:\/\/josegmartinez.com\/wp-content\/uploads\/2020\/05\/39-Inside-square-small.jpeg 320w, https:\/\/josegmartinez.com\/wp-content\/uploads\/2020\/05\/39-Inside-square-small-300x300.jpeg 300w, https:\/\/josegmartinez.com\/wp-content\/uploads\/2020\/05\/39-Inside-square-small-150x150.jpeg 150w, https:\/\/josegmartinez.com\/wp-content\/uploads\/2020\/05\/39-Inside-square-small-100x100.jpeg 100w\" data-sizes=\"(max-width: 240px) 100vw, 240px\" src=\"data:image\/gif;base64,R0lGODlhAQABAAAAACH5BAEKAAEALAAAAAABAAEAAAICTAEAOw==\" style=\"--smush-placeholder-width: 240px; --smush-placeholder-aspect-ratio: 240\/240;\" \/><\/figure><\/div>\n\n\n\n<p class=\"has-small-font-size\" style=\"padding-left:30px\">Una obra interdisciplinar sobre migraci\u00f3n indocumentada. Ensamble pierrot, electr\u00f3nica, v\u00eddeo, y danza.<\/p>\n\n\n\n<p class=\"has-text-align-center\"><a href=\"https:\/\/josegmartinez.com\/es\/music\/multimedia\/chimera\/\">Quimera (2018)<\/a><\/p>\n\n\n\n<div class=\"wp-block-image\"><figure class=\"aligncenter size-large is-resized\"><a href=\"https:\/\/josegmartinez.com\/es\/music\/multimedia\/chimera\/\"><img decoding=\"async\" data-src=\"https:\/\/josegmartinez.com\/wp-content\/uploads\/2020\/05\/Chimera-square.jpeg\" alt=\"\" class=\"wp-image-911 lazyload\" width=\"240\" height=\"240\" data-srcset=\"https:\/\/josegmartinez.com\/wp-content\/uploads\/2020\/05\/Chimera-square.jpeg 320w, https:\/\/josegmartinez.com\/wp-content\/uploads\/2020\/05\/Chimera-square-300x300.jpeg 300w, https:\/\/josegmartinez.com\/wp-content\/uploads\/2020\/05\/Chimera-square-150x150.jpeg 150w, https:\/\/josegmartinez.com\/wp-content\/uploads\/2020\/05\/Chimera-square-100x100.jpeg 100w\" data-sizes=\"(max-width: 240px) 100vw, 240px\" src=\"data:image\/gif;base64,R0lGODlhAQABAAAAACH5BAEKAAEALAAAAAABAAEAAAICTAEAOw==\" style=\"--smush-placeholder-width: 240px; --smush-placeholder-aspect-ratio: 240\/240;\" \/><\/a><\/figure><\/div>\n\n\n\n<p class=\"has-small-font-size\" style=\"padding-left:30px\">Vibr\u00e1fono, congas, y electr\u00f3nica en vivo. Colaboraci\u00f3n con video y danza.<\/p>\n<\/div>\n\n\n\n<div class=\"wp-block-column is-layout-flow wp-block-column-is-layout-flow\">\n<p class=\"has-text-align-center\"><a href=\"https:\/\/josegmartinez.com\/es\/music\/multimedia\/misread-signs\/\">Self-<\/a><a href=\"https:\/\/josegmartinez.com\/es\/music\/multimedia\/self-portrait\/\">Portrait<\/a><\/p>\n\n\n\n<div class=\"wp-block-image\"><figure class=\"aligncenter size-large is-resized\"><a href=\"https:\/\/josegmartinez.com\/es\/music\/multimedia\/self-portrait\/\"><img decoding=\"async\" data-src=\"https:\/\/josegmartinez.com\/wp-content\/uploads\/2020\/05\/Self-Portrait-square.jpeg\" alt=\"\" class=\"wp-image-896 lazyload\" width=\"240\" height=\"240\" data-srcset=\"https:\/\/josegmartinez.com\/wp-content\/uploads\/2020\/05\/Self-Portrait-square.jpeg 320w, https:\/\/josegmartinez.com\/wp-content\/uploads\/2020\/05\/Self-Portrait-square-300x300.jpeg 300w, https:\/\/josegmartinez.com\/wp-content\/uploads\/2020\/05\/Self-Portrait-square-150x150.jpeg 150w, https:\/\/josegmartinez.com\/wp-content\/uploads\/2020\/05\/Self-Portrait-square-100x100.jpeg 100w\" data-sizes=\"(max-width: 240px) 100vw, 240px\" src=\"data:image\/gif;base64,R0lGODlhAQABAAAAACH5BAEKAAEALAAAAAABAAEAAAICTAEAOw==\" style=\"--smush-placeholder-width: 240px; --smush-placeholder-aspect-ratio: 240\/240;\" \/><\/a><\/figure><\/div>\n\n\n\n<p class=\"has-small-font-size\" style=\"padding-left:30px\">A piece about sampling your sonic identity.<\/p>\n\n\n\n<p class=\"has-text-align-center\"><a href=\"https:\/\/josegmartinez.com\/es\/music\/multimedia\/misread-signs\/\">Se\u00f1ales Malinterpretadas. (2019)<\/a><\/p>\n\n\n\n<div class=\"wp-block-image\"><figure class=\"aligncenter size-large is-resized\"><a href=\"https:\/\/josegmartinez.com\/es\/music\/multimedia\/misread-signs\/\"><img decoding=\"async\" data-src=\"https:\/\/josegmartinez.com\/wp-content\/uploads\/2020\/05\/Misread-Signs-square.jpeg\" alt=\"\" class=\"wp-image-910 lazyload\" width=\"240\" height=\"240\" data-srcset=\"https:\/\/josegmartinez.com\/wp-content\/uploads\/2020\/05\/Misread-Signs-square.jpeg 320w, https:\/\/josegmartinez.com\/wp-content\/uploads\/2020\/05\/Misread-Signs-square-300x300.jpeg 300w, https:\/\/josegmartinez.com\/wp-content\/uploads\/2020\/05\/Misread-Signs-square-150x150.jpeg 150w, https:\/\/josegmartinez.com\/wp-content\/uploads\/2020\/05\/Misread-Signs-square-100x100.jpeg 100w\" data-sizes=\"(max-width: 240px) 100vw, 240px\" src=\"data:image\/gif;base64,R0lGODlhAQABAAAAACH5BAEKAAEALAAAAAABAAEAAAICTAEAOw==\" style=\"--smush-placeholder-width: 240px; --smush-placeholder-aspect-ratio: 240\/240;\" \/><\/a><\/figure><\/div>\n\n\n\n<p class=\"has-small-font-size\" style=\"padding-left:30px\">Colaboraci\u00f3n con la artista visual Yuliya Lanina.<\/p>\n\n\n\n<p class=\"has-text-align-center\"><a href=\"https:\/\/josegmartinez.com\/es\/music\/multimedia\/mirror\/\">El Espejo (2017)<\/a><\/p>\n\n\n\n<div class=\"wp-block-image\"><figure class=\"aligncenter size-large is-resized\"><a href=\"https:\/\/josegmartinez.com\/es\/music\/multimedia\/mirror\/\"><img decoding=\"async\" data-src=\"https:\/\/josegmartinez.com\/wp-content\/uploads\/2020\/05\/Mirror-square.jpeg\" alt=\"\" class=\"wp-image-912 lazyload\" width=\"240\" height=\"240\" data-srcset=\"https:\/\/josegmartinez.com\/wp-content\/uploads\/2020\/05\/Mirror-square.jpeg 320w, https:\/\/josegmartinez.com\/wp-content\/uploads\/2020\/05\/Mirror-square-300x300.jpeg 300w, https:\/\/josegmartinez.com\/wp-content\/uploads\/2020\/05\/Mirror-square-150x150.jpeg 150w, https:\/\/josegmartinez.com\/wp-content\/uploads\/2020\/05\/Mirror-square-100x100.jpeg 100w\" data-sizes=\"(max-width: 240px) 100vw, 240px\" src=\"data:image\/gif;base64,R0lGODlhAQABAAAAACH5BAEKAAEALAAAAAABAAEAAAICTAEAOw==\" style=\"--smush-placeholder-width: 240px; --smush-placeholder-aspect-ratio: 240\/240;\" \/><\/a><\/figure><\/div>\n\n\n\n<p class=\"has-small-font-size\" style=\"padding-left:30px\">Colaboraci\u00f3n con danza y video.<\/p>\n<\/div>\n<\/div>","protected":false},"excerpt":{"rendered":"<p>Atavism(o) (2020) A collaboration with dance 39 Inside (2018-2019) An Interdisciplinary work about undocumented migration. Pierrot ensemble, electronics, video, and dance. Chimera (2018) For vibraphone, percussion, and electronics. A collaboration with dance and video. Self-Portrait A piece about sampling your sonic identity. Misread Signs (2019) A collaboration with visual artist Yuliya Lanina. Mirror (2017) A &hellip; <\/p>\n<p class=\"link-more\"><a href=\"https:\/\/josegmartinez.com\/es\/music\/multimedia\/\" class=\"more-link\">Continuar leyendo<span class=\"screen-reader-text\"> &#8220;Multimedia&#8221;<\/span><\/a><\/p>","protected":false},"author":1,"featured_media":0,"parent":1206,"menu_order":0,"comment_status":"closed","ping_status":"closed","template":"","meta":{"jetpack_post_was_ever_published":false,"footnotes":""},"class_list":["post-214","page","type-page","status-publish","hentry"],"jetpack_sharing_enabled":true,"jetpack_shortlink":"https:\/\/wp.me\/Pc1NYo-3s","_links":{"self":[{"href":"https:\/\/josegmartinez.com\/es\/wp-json\/wp\/v2\/pages\/214","targetHints":{"allow":["GET"]}}],"collection":[{"href":"https:\/\/josegmartinez.com\/es\/wp-json\/wp\/v2\/pages"}],"about":[{"href":"https:\/\/josegmartinez.com\/es\/wp-json\/wp\/v2\/types\/page"}],"author":[{"embeddable":true,"href":"https:\/\/josegmartinez.com\/es\/wp-json\/wp\/v2\/users\/1"}],"replies":[{"embeddable":true,"href":"https:\/\/josegmartinez.com\/es\/wp-json\/wp\/v2\/comments?post=214"}],"version-history":[{"count":25,"href":"https:\/\/josegmartinez.com\/es\/wp-json\/wp\/v2\/pages\/214\/revisions"}],"predecessor-version":[{"id":1129,"href":"https:\/\/josegmartinez.com\/es\/wp-json\/wp\/v2\/pages\/214\/revisions\/1129"}],"up":[{"embeddable":true,"href":"https:\/\/josegmartinez.com\/es\/wp-json\/wp\/v2\/pages\/1206"}],"wp:attachment":[{"href":"https:\/\/josegmartinez.com\/es\/wp-json\/wp\/v2\/media?parent=214"}],"curies":[{"name":"wp","href":"https:\/\/api.w.org\/{rel}","templated":true}]}}