{"id":2,"date":"2020-05-06T00:10:03","date_gmt":"2020-05-06T04:10:03","guid":{"rendered":"https:\/\/josegmartinez.com\/?page_id=2"},"modified":"2023-06-30T11:15:34","modified_gmt":"2023-06-30T15:15:34","slug":"instrumentsandelectronics","status":"publish","type":"page","link":"https:\/\/josegmartinez.com\/es\/music\/instrumentsandelectronics\/","title":{"rendered":"Instrumentos con Electr\u00f3nica"},"content":{"rendered":"<hr class=\"wp-block-separator has-text-color has-background has-very-light-gray-background-color has-very-light-gray-color is-style-wide\"\/>\n\n\n\n<div class=\"wp-block-group has-very-light-gray-color has-very-dark-gray-background-color has-text-color has-background\"><div class=\"wp-block-group__inner-container is-layout-flow wp-block-group-is-layout-flow\">\n<div class=\"wp-block-buttons aligncenter is-layout-flex wp-block-buttons-is-layout-flex\">\n<div class=\"wp-block-button is-style-outline is-style-outline--1\"><a class=\"wp-block-button__link no-border-radius\" href=\"https:\/\/josegmartinez.com\/es\/music\/multimedia\/\">Multimedia<\/a><\/div>\n\n\n\n<div class=\"wp-block-button is-style-outline is-style-outline--2\"><a class=\"wp-block-button__link no-border-radius\" href=\"https:\/\/josegmartinez.com\/es\/music\/percussion-music\/\">Percusi\u00f3n<\/a><\/div>\n\n\n\n<div class=\"wp-block-button is-style-outline is-style-outline--3\"><a class=\"wp-block-button__link no-border-radius\" href=\"https:\/\/josegmartinez.com\/es\/music\/chamber-music\/\">Ens C\u00e1mara<\/a><\/div>\n\n\n\n<div class=\"wp-block-button is-style-outline is-style-outline--4\"><a class=\"wp-block-button__link no-border-radius\" href=\"https:\/\/josegmartinez.com\/es\/music\/large-Ens\/\">Gran Ens<\/a><\/div>\n<\/div>\n<\/div><\/div>\n\n\n\n<hr class=\"wp-block-separator has-text-color has-background has-very-light-gray-background-color has-very-light-gray-color is-style-wide\"\/>\n\n\n\n<div class=\"wp-block-group has-very-light-gray-color has-very-dark-gray-background-color has-text-color has-background\"><div class=\"wp-block-group__inner-container is-layout-flow wp-block-group-is-layout-flow\">\n<p class=\"has-medium-font-size\"><strong>Solos con Electr\u00f3nica<\/strong><\/p>\n<\/div><\/div>\n\n\n\n<hr class=\"wp-block-separator has-text-color has-background has-very-light-gray-background-color has-very-light-gray-color is-style-wide\"\/>\n\n\n\n<div class=\"wp-block-columns is-layout-flex wp-container-core-columns-is-layout-9d6595d7 wp-block-columns-is-layout-flex\">\n<div class=\"wp-block-column is-layout-flow wp-block-column-is-layout-flow\">\n<p class=\"has-text-align-center\"><a href=\"https:\/\/josegmartinez.com\/es\/music\/instrumentsandelectronics\/malfunction\/\" data-type=\"page\" data-id=\"1041\">Malfunction (2019-2020)<\/a><\/p>\n\n\n\n<div class=\"wp-block-image\"><figure class=\"aligncenter size-large is-resized\"><a href=\"https:\/\/josegmartinez.com\/es\/music\/instrumentsandelectronics\/malfunction\/\"><img decoding=\"async\" data-src=\"https:\/\/josegmartinez.com\/wp-content\/uploads\/2020\/05\/Elastic-Skin-square.jpeg\" alt=\"Malfunction\" class=\"wp-image-107 lazyload\" width=\"240\" height=\"240\" data-srcset=\"https:\/\/josegmartinez.com\/wp-content\/uploads\/2020\/05\/Elastic-Skin-square.jpeg 320w, https:\/\/josegmartinez.com\/wp-content\/uploads\/2020\/05\/Elastic-Skin-square-300x300.jpeg 300w, https:\/\/josegmartinez.com\/wp-content\/uploads\/2020\/05\/Elastic-Skin-square-150x150.jpeg 150w, https:\/\/josegmartinez.com\/wp-content\/uploads\/2020\/05\/Elastic-Skin-square-100x100.jpeg 100w\" data-sizes=\"(max-width: 240px) 100vw, 240px\" src=\"data:image\/gif;base64,R0lGODlhAQABAAAAACH5BAEKAAEALAAAAAABAAEAAAICTAEAOw==\" style=\"--smush-placeholder-width: 240px; --smush-placeholder-aspect-ratio: 240\/240;\" \/><\/a><\/figure><\/div>\n\n\n\n<p class=\"has-small-font-size\" style=\"padding-left:30px\">Live Electronics Performance.<\/p>\n\n\n\n<p class=\"has-text-align-center\"><a href=\"https:\/\/josegmartinez.com\/es\/elastic-skin\/\">Piel El\u00e1stica (2018)<\/a><\/p>\n\n\n\n<div class=\"wp-block-image\"><figure class=\"aligncenter size-large is-resized\"><a href=\"https:\/\/josegmartinez.com\/es\/elastic-skin\/\"><img decoding=\"async\" data-src=\"https:\/\/josegmartinez.com\/wp-content\/uploads\/2020\/11\/Elastic-Skin-1024x1024.jpeg\" alt=\"\" class=\"wp-image-1045 lazyload\" width=\"240\" height=\"240\" data-srcset=\"https:\/\/josegmartinez.com\/wp-content\/uploads\/2020\/11\/Elastic-Skin-1024x1024.jpeg 1024w, https:\/\/josegmartinez.com\/wp-content\/uploads\/2020\/11\/Elastic-Skin-300x300.jpeg 300w, https:\/\/josegmartinez.com\/wp-content\/uploads\/2020\/11\/Elastic-Skin-150x150.jpeg 150w, https:\/\/josegmartinez.com\/wp-content\/uploads\/2020\/11\/Elastic-Skin-768x768.jpeg 768w, https:\/\/josegmartinez.com\/wp-content\/uploads\/2020\/11\/Elastic-Skin-12x12.jpeg 12w, https:\/\/josegmartinez.com\/wp-content\/uploads\/2020\/11\/Elastic-Skin-100x100.jpeg 100w, https:\/\/josegmartinez.com\/wp-content\/uploads\/2020\/11\/Elastic-Skin.jpeg 1440w\" data-sizes=\"(max-width: 240px) 100vw, 240px\" src=\"data:image\/gif;base64,R0lGODlhAQABAAAAACH5BAEKAAEALAAAAAABAAEAAAICTAEAOw==\" style=\"--smush-placeholder-width: 240px; --smush-placeholder-aspect-ratio: 240\/240;\" \/><\/a><\/figure><\/div>\n\n\n\n<p class=\"has-small-font-size\" style=\"padding-left:30px\">Percusi\u00f3n y Electr\u00f3nica en Vivo. Colaboraci\u00f3n con Video y Danza.<\/p>\n\n\n\n<p class=\"has-text-align-center\"><a href=\"https:\/\/josegmartinez.com\/es\/music\/instrumentsandelectronics\/burst\/\">Burst - [Estallido] (2017-2019)<\/a><\/p>\n\n\n\n<div class=\"wp-block-image\"><figure class=\"aligncenter size-large is-resized\"><a href=\"https:\/\/josegmartinez.com\/es\/music\/instrumentsandelectronics\/burst\/\"><img decoding=\"async\" data-src=\"https:\/\/josegmartinez.com\/wp-content\/uploads\/2020\/05\/Burst-square.jpeg\" alt=\"\" class=\"wp-image-874 lazyload\" width=\"240\" height=\"240\" data-srcset=\"https:\/\/josegmartinez.com\/wp-content\/uploads\/2020\/05\/Burst-square.jpeg 320w, https:\/\/josegmartinez.com\/wp-content\/uploads\/2020\/05\/Burst-square-300x300.jpeg 300w, https:\/\/josegmartinez.com\/wp-content\/uploads\/2020\/05\/Burst-square-150x150.jpeg 150w, https:\/\/josegmartinez.com\/wp-content\/uploads\/2020\/05\/Burst-square-100x100.jpeg 100w\" data-sizes=\"(max-width: 240px) 100vw, 240px\" src=\"data:image\/gif;base64,R0lGODlhAQABAAAAACH5BAEKAAEALAAAAAABAAEAAAICTAEAOw==\" style=\"--smush-placeholder-width: 240px; --smush-placeholder-aspect-ratio: 240\/240;\" \/><\/a><\/figure><\/div>\n\n\n\n<p class=\"has-small-font-size\" style=\"padding-left:30px\"> Violin y Electr\u00f3nica en vivo. Escrito para Sara Sasaki.<\/p>\n\n\n\n<p class=\"has-text-align-center\"><a href=\"https:\/\/josegmartinez.com\/es\/music\/instrumentsandelectronics\/ay-oi\/\">\u00a1Ay, O\u00ed! (2014)<\/a><\/p>\n\n\n\n<div class=\"wp-block-image\"><figure class=\"aligncenter size-large is-resized\"><a href=\"https:\/\/josegmartinez.com\/es\/music\/instrumentsandelectronics\/ay-oi\/\"><img decoding=\"async\" data-src=\"https:\/\/josegmartinez.com\/wp-content\/uploads\/2020\/05\/Ay-Oi-Square-2.jpeg\" alt=\"\" class=\"wp-image-881 lazyload\" width=\"240\" height=\"240\" data-srcset=\"https:\/\/josegmartinez.com\/wp-content\/uploads\/2020\/05\/Ay-Oi-Square-2.jpeg 315w, https:\/\/josegmartinez.com\/wp-content\/uploads\/2020\/05\/Ay-Oi-Square-2-300x300.jpeg 300w, https:\/\/josegmartinez.com\/wp-content\/uploads\/2020\/05\/Ay-Oi-Square-2-150x150.jpeg 150w, https:\/\/josegmartinez.com\/wp-content\/uploads\/2020\/05\/Ay-Oi-Square-2-100x100.jpeg 100w\" data-sizes=\"(max-width: 240px) 100vw, 240px\" src=\"data:image\/gif;base64,R0lGODlhAQABAAAAACH5BAEKAAEALAAAAAABAAEAAAICTAEAOw==\" style=\"--smush-placeholder-width: 240px; --smush-placeholder-aspect-ratio: 240\/240;\" \/><\/a><\/figure><\/div>\n\n\n\n<p class=\"has-small-font-size\" style=\"padding-left:30px\">Marimba y Electronica (marimba de chonta opcional). Comisionada por Alejandro Ru\u00edz.<\/p>\n<\/div>\n\n\n\n<div class=\"wp-block-column is-layout-flow wp-block-column-is-layout-flow\">\n<p class=\"has-text-align-center\"><a href=\"https:\/\/josegmartinez.com\/es\/music\/instrumentsandelectronics\/do-i-regret\/\">Do I Regret? - [\u00bfMe Arrepiento?] (2018-2019)<\/a><\/p>\n\n\n\n<div class=\"wp-block-image\"><figure class=\"aligncenter size-large is-resized\"><a href=\"https:\/\/josegmartinez.com\/es\/music\/instrumentsandelectronics\/do-i-regret\/\"><img decoding=\"async\" data-src=\"https:\/\/josegmartinez.com\/wp-content\/uploads\/2020\/05\/Do-I-Regret-2-square.jpeg\" alt=\"\" class=\"wp-image-870 lazyload\" width=\"240\" height=\"240\" data-srcset=\"https:\/\/josegmartinez.com\/wp-content\/uploads\/2020\/05\/Do-I-Regret-2-square.jpeg 640w, https:\/\/josegmartinez.com\/wp-content\/uploads\/2020\/05\/Do-I-Regret-2-square-300x300.jpeg 300w, https:\/\/josegmartinez.com\/wp-content\/uploads\/2020\/05\/Do-I-Regret-2-square-150x150.jpeg 150w, https:\/\/josegmartinez.com\/wp-content\/uploads\/2020\/05\/Do-I-Regret-2-square-100x100.jpeg 100w\" data-sizes=\"(max-width: 240px) 100vw, 240px\" src=\"data:image\/gif;base64,R0lGODlhAQABAAAAACH5BAEKAAEALAAAAAABAAEAAAICTAEAOw==\" style=\"--smush-placeholder-width: 240px; --smush-placeholder-aspect-ratio: 240\/240;\" \/><\/a><\/figure><\/div>\n\n\n\n<p class=\"has-small-font-size\" style=\"padding-left:30px\">Saxof\u00f3n Alto, Electr\u00f3nica, y Video. Escrito para Noa Even. Video por Michael Bruner.<\/p>\n\n\n\n<p class=\"has-text-align-center\"><a href=\"https:\/\/josegmartinez.com\/es\/music\/instrumentsandelectronics\/the-spiral-on-your-back\/\">La Espiral en Tu Espalda (2014-2015)<\/a><\/p>\n\n\n\n<div class=\"wp-block-image\"><figure class=\"aligncenter size-large is-resized\"><a href=\"https:\/\/josegmartinez.com\/es\/music\/instrumentsandelectronics\/the-spiral-on-your-back\/\"><img decoding=\"async\" data-src=\"https:\/\/josegmartinez.com\/wp-content\/uploads\/2020\/05\/katya-sqaure.jpeg\" alt=\"\" class=\"wp-image-875 lazyload\" width=\"240\" height=\"240\" data-srcset=\"https:\/\/josegmartinez.com\/wp-content\/uploads\/2020\/05\/katya-sqaure.jpeg 282w, https:\/\/josegmartinez.com\/wp-content\/uploads\/2020\/05\/katya-sqaure-150x150.jpeg 150w, https:\/\/josegmartinez.com\/wp-content\/uploads\/2020\/05\/katya-sqaure-100x100.jpeg 100w\" data-sizes=\"(max-width: 240px) 100vw, 240px\" src=\"data:image\/gif;base64,R0lGODlhAQABAAAAACH5BAEKAAEALAAAAAABAAEAAAICTAEAOw==\" style=\"--smush-placeholder-width: 240px; --smush-placeholder-aspect-ratio: 240\/240;\" \/><\/a><\/figure><\/div>\n\n\n\n<p class=\"has-small-font-size\" style=\"padding-left:30px\">Objetos diversos y electr\u00f3nica en vivo.<\/p>\n\n\n\n<p class=\"has-text-align-center\"><a href=\"https:\/\/josegmartinez.com\/es\/music\/instrumentsandelectronics\/monologue-ii\/\">Mon\u00f3logo II (2009)<\/a><\/p>\n\n\n\n<div class=\"wp-block-image\"><figure class=\"aligncenter size-large is-resized\"><a href=\"https:\/\/josegmartinez.com\/es\/music\/instrumentsandelectronics\/monologue-ii\/\"><img decoding=\"async\" data-src=\"https:\/\/josegmartinez.com\/wp-content\/uploads\/2020\/05\/monologue-ii-square.jpeg\" alt=\"\" class=\"wp-image-883 lazyload\" width=\"240\" height=\"249\" src=\"data:image\/gif;base64,R0lGODlhAQABAAAAACH5BAEKAAEALAAAAAABAAEAAAICTAEAOw==\" style=\"--smush-placeholder-width: 240px; --smush-placeholder-aspect-ratio: 240\/249;\" \/><\/a><\/figure><\/div>\n\n\n\n<p class=\"has-small-font-size\" style=\"padding-left:30px\">Vibr\u00e1fono y Electr\u00f3nica en Vivo.<\/p>\n\n\n\n<p><\/p>\n<\/div>\n<\/div>\n\n\n\n<hr class=\"wp-block-separator has-text-color has-background has-very-light-gray-background-color has-very-light-gray-color is-style-wide\"\/>\n\n\n\n<div class=\"wp-block-group has-very-light-gray-color has-very-dark-gray-background-color has-text-color has-background\"><div class=\"wp-block-group__inner-container is-layout-flow wp-block-group-is-layout-flow\">\n<p class=\"has-medium-font-size\"><strong>Ensamble y Electr\u00f3nica<\/strong><\/p>\n<\/div><\/div>\n\n\n\n<hr class=\"wp-block-separator has-text-color has-background has-very-light-gray-background-color has-very-light-gray-color is-style-wide\"\/>\n\n\n\n<div class=\"wp-block-columns is-layout-flex wp-container-core-columns-is-layout-9d6595d7 wp-block-columns-is-layout-flex\">\n<div class=\"wp-block-column is-layout-flow wp-block-column-is-layout-flow\">\n<p class=\"has-text-align-center\"><a href=\"https:\/\/josegmartinez.com\/es\/music\/instrumentsandelectronics\/scribbles\/\" data-type=\"URL\" data-id=\"https:\/\/josegmartinez.com\/music\/instrumentsandelectronics\/scribbles\/\">Scribbles (work in progress)<\/a><\/p>\n\n\n\n<div class=\"wp-block-image\"><figure class=\"aligncenter size-large is-resized\"><a href=\"https:\/\/josegmartinez.com\/es\/music\/instrumentsandelectronics\/scribbles\/\"><img decoding=\"async\" data-src=\"https:\/\/josegmartinez.com\/wp-content\/uploads\/2020\/12\/dsc04204-K50.jpeg\" alt=\"\" class=\"wp-image-1132 lazyload\" width=\"240\" height=\"240\" data-srcset=\"https:\/\/josegmartinez.com\/wp-content\/uploads\/2020\/12\/dsc04204-K50.jpeg 320w, https:\/\/josegmartinez.com\/wp-content\/uploads\/2020\/12\/dsc04204-K50-300x300.jpeg 300w, https:\/\/josegmartinez.com\/wp-content\/uploads\/2020\/12\/dsc04204-K50-150x150.jpeg 150w, https:\/\/josegmartinez.com\/wp-content\/uploads\/2020\/12\/dsc04204-K50-12x12.jpeg 12w, https:\/\/josegmartinez.com\/wp-content\/uploads\/2020\/12\/dsc04204-K50-100x100.jpeg 100w\" data-sizes=\"(max-width: 240px) 100vw, 240px\" src=\"data:image\/gif;base64,R0lGODlhAQABAAAAACH5BAEKAAEALAAAAAABAAEAAAICTAEAOw==\" style=\"--smush-placeholder-width: 240px; --smush-placeholder-aspect-ratio: 240\/240;\" \/><\/a><\/figure><\/div>\n\n\n\n<p class=\"has-small-font-size\" style=\"padding-left:30px\">Pno, Perc Tpt and electronics. Written for SPLICE ensemble<\/p>\n\n\n\n<p class=\"has-text-align-center\"><a href=\"https:\/\/josegmartinez.com\/es\/self-portrait\/\">Autoretrato (2019)<\/a><\/p>\n\n\n\n<div class=\"wp-block-image\"><figure class=\"aligncenter size-large is-resized\"><a href=\"https:\/\/josegmartinez.com\/es\/self-portrait\/\"><img decoding=\"async\" data-src=\"https:\/\/josegmartinez.com\/wp-content\/uploads\/2020\/05\/Self-Portrait-square.jpeg\" alt=\"\" class=\"wp-image-896 lazyload\" width=\"240\" height=\"240\" data-srcset=\"https:\/\/josegmartinez.com\/wp-content\/uploads\/2020\/05\/Self-Portrait-square.jpeg 320w, https:\/\/josegmartinez.com\/wp-content\/uploads\/2020\/05\/Self-Portrait-square-300x300.jpeg 300w, https:\/\/josegmartinez.com\/wp-content\/uploads\/2020\/05\/Self-Portrait-square-150x150.jpeg 150w, https:\/\/josegmartinez.com\/wp-content\/uploads\/2020\/05\/Self-Portrait-square-100x100.jpeg 100w\" data-sizes=\"(max-width: 240px) 100vw, 240px\" src=\"data:image\/gif;base64,R0lGODlhAQABAAAAACH5BAEKAAEALAAAAAABAAEAAAICTAEAOw==\" style=\"--smush-placeholder-width: 240px; --smush-placeholder-aspect-ratio: 240\/240;\" \/><\/a><\/figure><\/div>\n\n\n\n<p class=\"has-small-font-size\" style=\"padding-left:30px\">Four performers with four tablets. Live Electronics. Written for Line Upon Line<\/p>\n\n\n\n<p class=\"has-text-align-center\"><a href=\"https:\/\/josegmartinez.com\/es\/guajeos\/\">Guajeos (2018)<\/a><\/p>\n\n\n\n<div class=\"wp-block-image\"><figure class=\"aligncenter size-large is-resized\"><a href=\"https:\/\/josegmartinez.com\/es\/guajeos\/\"><img decoding=\"async\" data-src=\"https:\/\/josegmartinez.com\/wp-content\/uploads\/2020\/05\/Guajeos-square-2.jpeg\" alt=\"\" class=\"wp-image-899 lazyload\" width=\"240\" height=\"240\" data-srcset=\"https:\/\/josegmartinez.com\/wp-content\/uploads\/2020\/05\/Guajeos-square-2.jpeg 320w, https:\/\/josegmartinez.com\/wp-content\/uploads\/2020\/05\/Guajeos-square-2-300x300.jpeg 300w, https:\/\/josegmartinez.com\/wp-content\/uploads\/2020\/05\/Guajeos-square-2-150x150.jpeg 150w, https:\/\/josegmartinez.com\/wp-content\/uploads\/2020\/05\/Guajeos-square-2-100x100.jpeg 100w\" data-sizes=\"(max-width: 240px) 100vw, 240px\" src=\"data:image\/gif;base64,R0lGODlhAQABAAAAACH5BAEKAAEALAAAAAABAAEAAAICTAEAOw==\" style=\"--smush-placeholder-width: 240px; --smush-placeholder-aspect-ratio: 240\/240;\" \/><\/a><\/figure><\/div>\n\n\n\n<p class=\"has-small-font-size\" style=\"padding-left:30px\">Piano a Cuatro Manos y Electr\u00f3nica.<\/p>\n<\/div>\n\n\n\n<div class=\"wp-block-column is-layout-flow wp-block-column-is-layout-flow\">\n<p class=\"has-text-align-center\"><a href=\"https:\/\/josegmartinez.com\/es\/refused\/\">Rechazados (2019)<\/a><\/p>\n\n\n\n<div class=\"wp-block-image\"><figure class=\"aligncenter size-large is-resized\"><a href=\"https:\/\/josegmartinez.com\/es\/refused\/\"><img decoding=\"async\" data-src=\"https:\/\/josegmartinez.com\/wp-content\/uploads\/2020\/05\/Refused-square-1.jpeg\" alt=\"\" class=\"wp-image-903 lazyload\" width=\"240\" height=\"240\" data-srcset=\"https:\/\/josegmartinez.com\/wp-content\/uploads\/2020\/05\/Refused-square-1.jpeg 320w, https:\/\/josegmartinez.com\/wp-content\/uploads\/2020\/05\/Refused-square-1-300x300.jpeg 300w, https:\/\/josegmartinez.com\/wp-content\/uploads\/2020\/05\/Refused-square-1-150x150.jpeg 150w, https:\/\/josegmartinez.com\/wp-content\/uploads\/2020\/05\/Refused-square-1-100x100.jpeg 100w\" data-sizes=\"(max-width: 240px) 100vw, 240px\" src=\"data:image\/gif;base64,R0lGODlhAQABAAAAACH5BAEKAAEALAAAAAABAAEAAAICTAEAOw==\" style=\"--smush-placeholder-width: 240px; --smush-placeholder-aspect-ratio: 240\/240;\" \/><\/a><\/figure><\/div>\n\n\n\n<p class=\"has-small-font-size\" style=\"padding-left:30px\">Cello, soprano, y electr\u00f3nica. Escrita para Mazumal<\/p>\n\n\n\n<p><a href=\"https:\/\/josegmartinez.com\/es\/they-tried-to-bury-us-they-didnt-know-we-were-seeds\/\">Quisieron Enterrarnos, Pero No Sab\u00edan Que \u00c9ramos Semilla (2015)<\/a><\/p>\n\n\n\n<div class=\"wp-block-image\"><figure class=\"aligncenter size-large is-resized\"><a href=\"https:\/\/josegmartinez.com\/es\/they-tried-to-bury-us-they-didnt-know-we-were-seeds\/\"><img decoding=\"async\" data-src=\"https:\/\/josegmartinez.com\/wp-content\/uploads\/2020\/05\/They-Try-square.jpeg\" alt=\"\" class=\"wp-image-900 lazyload\" width=\"240\" height=\"240\" data-srcset=\"https:\/\/josegmartinez.com\/wp-content\/uploads\/2020\/05\/They-Try-square.jpeg 320w, https:\/\/josegmartinez.com\/wp-content\/uploads\/2020\/05\/They-Try-square-300x300.jpeg 300w, https:\/\/josegmartinez.com\/wp-content\/uploads\/2020\/05\/They-Try-square-150x150.jpeg 150w, https:\/\/josegmartinez.com\/wp-content\/uploads\/2020\/05\/They-Try-square-100x100.jpeg 100w\" data-sizes=\"(max-width: 240px) 100vw, 240px\" src=\"data:image\/gif;base64,R0lGODlhAQABAAAAACH5BAEKAAEALAAAAAABAAEAAAICTAEAOw==\" style=\"--smush-placeholder-width: 240px; --smush-placeholder-aspect-ratio: 240\/240;\" \/><\/a><\/figure><\/div>\n\n\n\n<p class=\"has-small-font-size\" style=\"padding-left:30px\">Sax, Marimba, y Electr\u00f3nica.<\/p>\n\n\n\n<p><\/p>\n<\/div>\n<\/div>","protected":false},"excerpt":{"rendered":"<p>Solos with Electronics Malfunction (2019-2020) Live Electronics Performance. Elastic Skin (2018) Percussion and Live Electronics. Collaboration with video and dance. Burst (2017-2019) Violin and live electronics. Written for Sara Sasaki \u00a1Ay, O\u00ed! (2014) Marimba and Electronics (optional marimba de chonta &#8211; Colombian folk marimba). Commissioned by Alejandro Ru\u00edz Do I Regret? (2018-2019) Alto Sax and &hellip; <\/p>\n<p class=\"link-more\"><a href=\"https:\/\/josegmartinez.com\/es\/music\/instrumentsandelectronics\/\" class=\"more-link\">Continuar leyendo<span class=\"screen-reader-text\"> &#8220;Instruments and Electronics&#8221;<\/span><\/a><\/p>","protected":false},"author":1,"featured_media":0,"parent":1206,"menu_order":0,"comment_status":"closed","ping_status":"closed","template":"","meta":{"jetpack_post_was_ever_published":false,"footnotes":""},"class_list":["post-2","page","type-page","status-publish","hentry"],"jetpack_sharing_enabled":true,"jetpack_shortlink":"https:\/\/wp.me\/Pc1NYo-2","_links":{"self":[{"href":"https:\/\/josegmartinez.com\/es\/wp-json\/wp\/v2\/pages\/2","targetHints":{"allow":["GET"]}}],"collection":[{"href":"https:\/\/josegmartinez.com\/es\/wp-json\/wp\/v2\/pages"}],"about":[{"href":"https:\/\/josegmartinez.com\/es\/wp-json\/wp\/v2\/types\/page"}],"author":[{"embeddable":true,"href":"https:\/\/josegmartinez.com\/es\/wp-json\/wp\/v2\/users\/1"}],"replies":[{"embeddable":true,"href":"https:\/\/josegmartinez.com\/es\/wp-json\/wp\/v2\/comments?post=2"}],"version-history":[{"count":75,"href":"https:\/\/josegmartinez.com\/es\/wp-json\/wp\/v2\/pages\/2\/revisions"}],"predecessor-version":[{"id":1204,"href":"https:\/\/josegmartinez.com\/es\/wp-json\/wp\/v2\/pages\/2\/revisions\/1204"}],"up":[{"embeddable":true,"href":"https:\/\/josegmartinez.com\/es\/wp-json\/wp\/v2\/pages\/1206"}],"wp:attachment":[{"href":"https:\/\/josegmartinez.com\/es\/wp-json\/wp\/v2\/media?parent=2"}],"curies":[{"name":"wp","href":"https:\/\/api.w.org\/{rel}","templated":true}]}}