{"id":1402,"date":"2026-03-01T21:32:14","date_gmt":"2026-03-02T02:32:14","guid":{"rendered":"https:\/\/josegmartinez.com\/?page_id=1402"},"modified":"2026-04-22T08:25:43","modified_gmt":"2026-04-22T12:25:43","slug":"albums-and-recordings","status":"publish","type":"page","link":"https:\/\/josegmartinez.com\/es\/albums-and-recordings\/","title":{"rendered":"Albums\/Recordings"},"content":{"rendered":"<p><strong>\/home\/usuarios\/shared\/intuici\u00f3n <\/strong><\/p>\n\n\n\n<p>takes the listener through a sonic path that delves into free and spontaneous creation alongside a premeditated musical discourse. In our journey we use acoustic instruments and the voice interpolated with unexpected sound sources, water and nature, bilingual poetry, paper, the computer as a meta-cultural instrument, and other whims. Bogotana Records. Released December 6, 2025<\/p>\n\n\n\n<figure class=\"wp-block-image size-large\"><img decoding=\"async\" width=\"1024\" height=\"1024\" data-src=\"https:\/\/josegmartinez.com\/wp-content\/uploads\/2026\/03\/Jose-Martinez-TuKuPra-1024x1024.jpg\" alt=\"\" class=\"wp-image-1431 lazyload\" data-srcset=\"https:\/\/josegmartinez.com\/wp-content\/uploads\/2026\/03\/Jose-Martinez-TuKuPra-1024x1024.jpg 1024w, https:\/\/josegmartinez.com\/wp-content\/uploads\/2026\/03\/Jose-Martinez-TuKuPra-300x300.jpg 300w, https:\/\/josegmartinez.com\/wp-content\/uploads\/2026\/03\/Jose-Martinez-TuKuPra-150x150.jpg 150w, https:\/\/josegmartinez.com\/wp-content\/uploads\/2026\/03\/Jose-Martinez-TuKuPra-1536x1536.jpg 1536w\" data-sizes=\"(max-width: 767px) 89vw, (max-width: 1000px) 54vw, (max-width: 1071px) 543px, 580px\" src=\"data:image\/gif;base64,R0lGODlhAQABAAAAACH5BAEKAAEALAAAAAABAAEAAAICTAEAOw==\" style=\"--smush-placeholder-width: 1024px; --smush-placeholder-aspect-ratio: 1024\/1024;\" \/><\/figure>\n\n\n\n<div class=\"wp-block-columns is-layout-flex wp-container-core-columns-is-layout-9d6595d7 wp-block-columns-is-layout-flex\">\n<div class=\"wp-block-column is-vertically-aligned-center is-layout-flow wp-block-column-is-layout-flow\">\n<figure class=\"wp-block-image size-large is-resized\"><a href=\"https:\/\/open.spotify.com\/album\/3dw2r84lpISVAjQji8Uyf3?si=U4cG-Aj8SmKHDQxdkjJ-Gw\"><img decoding=\"async\" width=\"1024\" height=\"375\" data-src=\"https:\/\/josegmartinez.com\/wp-content\/uploads\/2026\/03\/spotify-logo-png-file-spotify-badge-large-png-1280-1-1024x375.png\" alt=\"\" class=\"wp-image-1439 lazyload\" style=\"--smush-placeholder-width: 1024px; --smush-placeholder-aspect-ratio: 1024\/375;aspect-ratio:2.7309548793284364;width:165px;height:auto\" data-srcset=\"https:\/\/josegmartinez.com\/wp-content\/uploads\/2026\/03\/spotify-logo-png-file-spotify-badge-large-png-1280-1-1024x375.png 1024w, https:\/\/josegmartinez.com\/wp-content\/uploads\/2026\/03\/spotify-logo-png-file-spotify-badge-large-png-1280-1-300x110.png 300w, https:\/\/josegmartinez.com\/wp-content\/uploads\/2026\/03\/spotify-logo-png-file-spotify-badge-large-png-1280-1-18x7.png 18w, https:\/\/josegmartinez.com\/wp-content\/uploads\/2026\/03\/spotify-logo-png-file-spotify-badge-large-png-1280-1.png 1280w\" data-sizes=\"(max-width: 767px) 89vw, (max-width: 1000px) 54vw, (max-width: 1071px) 543px, 580px\" src=\"data:image\/gif;base64,R0lGODlhAQABAAAAACH5BAEKAAEALAAAAAABAAEAAAICTAEAOw==\" \/><\/a><\/figure>\n<\/div>\n\n\n\n<div class=\"wp-block-column is-vertically-aligned-center is-layout-flow wp-block-column-is-layout-flow\">\n<figure class=\"wp-block-image size-full is-resized\"><a href=\"https:\/\/music.youtube.com\/playlist?list=OLAK5uy_lOqUBKSq6wYZiU5qkNH8_O9JP6OSZmvro\"><img decoding=\"async\" width=\"384\" height=\"131\" data-src=\"https:\/\/josegmartinez.com\/wp-content\/uploads\/2026\/03\/images.png\" alt=\"\" class=\"wp-image-1440 lazyload\" style=\"--smush-placeholder-width: 384px; --smush-placeholder-aspect-ratio: 384\/131;aspect-ratio:2.9315161072313582;width:159px;height:auto\" data-srcset=\"https:\/\/josegmartinez.com\/wp-content\/uploads\/2026\/03\/images.png 384w, https:\/\/josegmartinez.com\/wp-content\/uploads\/2026\/03\/images-300x102.png 300w, https:\/\/josegmartinez.com\/wp-content\/uploads\/2026\/03\/images-18x6.png 18w\" data-sizes=\"(max-width: 384px) 100vw, 384px\" src=\"data:image\/gif;base64,R0lGODlhAQABAAAAACH5BAEKAAEALAAAAAABAAEAAAICTAEAOw==\" \/><\/a><\/figure>\n<\/div>\n\n\n\n<div class=\"wp-block-column is-vertically-aligned-center is-layout-flow wp-block-column-is-layout-flow\">\n<figure class=\"wp-block-image size-large is-resized\"><a href=\"https:\/\/music.apple.com\/us\/artist\/tukupr%C3%A1\/1860971992\"><img decoding=\"async\" width=\"1024\" height=\"576\" data-src=\"https:\/\/josegmartinez.com\/wp-content\/uploads\/2026\/03\/apple_music-update_hero_08242021-1024x576.jpg\" alt=\"\" class=\"wp-image-1442 lazyload\" style=\"--smush-placeholder-width: 1024px; --smush-placeholder-aspect-ratio: 1024\/576;aspect-ratio:1.77797513321492;width:111px;height:auto\" data-srcset=\"https:\/\/josegmartinez.com\/wp-content\/uploads\/2026\/03\/apple_music-update_hero_08242021-1024x576.jpg 1024w, https:\/\/josegmartinez.com\/wp-content\/uploads\/2026\/03\/apple_music-update_hero_08242021-300x169.jpg 300w, https:\/\/josegmartinez.com\/wp-content\/uploads\/2026\/03\/apple_music-update_hero_08242021-18x10.jpg 18w, https:\/\/josegmartinez.com\/wp-content\/uploads\/2026\/03\/apple_music-update_hero_08242021.jpg 1306w\" data-sizes=\"(max-width: 767px) 89vw, (max-width: 1000px) 54vw, (max-width: 1071px) 543px, 580px\" src=\"data:image\/gif;base64,R0lGODlhAQABAAAAACH5BAEKAAEALAAAAAABAAEAAAICTAEAOw==\" \/><\/a><\/figure>\n<\/div>\n<\/div>\n\n\n\n<p>TuKuPr\u00e1 Ensemble Nicol\u00e1s Molina and Daniel Perea + Jos\u00e9 Martinez. Laura Alejandra Robles, guest viola in track 6<\/p>\n\n\n\n<p>1. \/8x8x8<\/p>\n\n\n\n<p>De los videojuegos de ni\u00f1ez que eran tecnolog\u00edas aberrantes y descomunales que ahora son nostalgias y simplicidades.&nbsp;<\/p>\n\n\n\n<p>2. \/lo que calla el paisaje<\/p>\n\n\n\n<p>El entorno no es fondo sino un enigma. El paisaje se vuelve espejo ac\u00fastico; escuchar es una forma de habitar m\u00e1s profundamente.<\/p>\n\n\n\n<p>3. \/el alma, el ojo y la oreja<\/p>\n\n\n\n<p>Eco del mero objeto de seducci\u00f3n visual. Sobre m\u00ed mismo, sobre mi propia interpretaci\u00f3n. Sobre c\u00f3mo veo las cosas, sobre c\u00f3mo las escucho<\/p>\n\n\n\n<p>4. \/imprevistos&nbsp;<\/p>\n\n\n\n<p>En este deambulante rumbo, vibramos en un pulso que no pertenece a ninguna hora, a ning\u00fan calendario, se inscribe en la memoria profunda del ser. \u00bfreencuentro?<\/p>\n\n\n\n<p>5. \/my aged fingerprints<\/p>\n\n\n\n<p>Mis dedos en el tambor y mis colegas lejanos en la IA. La m\u00e1quina que hace m\u00fasica, aprendiendo a sentir y a pensar.<\/p>\n\n\n\n<p>6. \/r\u00e9plica<\/p>\n\n\n\n<p>Espontaneidad, cruce an\u00e1logo-digital. Somos frecuencias, fragmentos, r\u00edtmos. La viola canta y respira. Las m\u00e1quinas conversan y desafinan.<\/p>\n\n\n\n<p>Recorded in Colapso Records, Bogot\u00e1, Colombia. June 8, 2025. Mixed by Jos\u00e9 Mart\u00ednez.&nbsp;Mixing advising by Luca Gardani. Master by Luca Gardani. Cover design by Daniel Bonza DDDASS<\/p>\n\n\n\n<hr class=\"wp-block-separator has-alpha-channel-opacity\"\/>\n\n\n\n<p><strong>Short Stories<\/strong><\/p>\n\n\n\n<p>&#8220;Composer Jos\u00e9 Mart\u00ednez releases&nbsp;<em>Short Stories<\/em>,&nbsp;a collection of his compositions that integrate tradition, technology, and text to tell stories, both direct and surreal. Drawing on his Colombian heritage as well as influences from film and literature, Mart\u00ednez brings inquisitiveness, curiosity, and thoughtfulness to the phenomenon he explores through music, shedding new light on sounds and ideas.&#8221; Dan Lippel. New Focus Recordings. Released March 13, 2026.<\/p>\n\n\n\n<figure class=\"wp-block-image size-full\"><img decoding=\"async\" width=\"1024\" height=\"1024\" data-src=\"https:\/\/josegmartinez.com\/wp-content\/uploads\/2026\/03\/6qSeb8kQ.jpeg\" alt=\"\" class=\"wp-image-1437 lazyload\" data-srcset=\"https:\/\/josegmartinez.com\/wp-content\/uploads\/2026\/03\/6qSeb8kQ.jpeg 1024w, https:\/\/josegmartinez.com\/wp-content\/uploads\/2026\/03\/6qSeb8kQ-300x300.jpeg 300w, https:\/\/josegmartinez.com\/wp-content\/uploads\/2026\/03\/6qSeb8kQ-150x150.jpeg 150w, https:\/\/josegmartinez.com\/wp-content\/uploads\/2026\/03\/6qSeb8kQ-12x12.jpeg 12w, https:\/\/josegmartinez.com\/wp-content\/uploads\/2026\/03\/6qSeb8kQ-100x100.jpeg 100w\" data-sizes=\"(max-width: 767px) 89vw, (max-width: 1000px) 54vw, (max-width: 1071px) 543px, 580px\" src=\"data:image\/gif;base64,R0lGODlhAQABAAAAACH5BAEKAAEALAAAAAABAAEAAAICTAEAOw==\" style=\"--smush-placeholder-width: 1024px; --smush-placeholder-aspect-ratio: 1024\/1024;\" \/><\/figure>\n\n\n\n<div class=\"wp-block-group is-nowrap is-layout-flex wp-container-core-group-is-layout-ad2f72ca wp-block-group-is-layout-flex\">\n<div class=\"wp-block-group is-nowrap is-layout-flex wp-container-core-group-is-layout-ad2f72ca wp-block-group-is-layout-flex\">\n<div class=\"wp-block-columns is-layout-flex wp-container-core-columns-is-layout-9d6595d7 wp-block-columns-is-layout-flex\">\n<div class=\"wp-block-column is-layout-flow wp-block-column-is-layout-flow\" style=\"flex-basis:100%\">\n<div class=\"wp-block-group is-nowrap is-layout-flex wp-container-core-group-is-layout-ad2f72ca wp-block-group-is-layout-flex\">\n<div class=\"wp-block-group is-nowrap is-layout-flex wp-container-core-group-is-layout-ad2f72ca wp-block-group-is-layout-flex\">\n<div class=\"wp-block-group is-nowrap is-layout-flex wp-container-core-group-is-layout-ad2f72ca wp-block-group-is-layout-flex\">\n<figure class=\"wp-block-image size-large is-resized\"><a href=\"https:\/\/open.spotify.com\/album\/7hxV7ON5lVYM9PBBN4SOdT?si=-omDxkaXQvqg6pgIKnn4Uw\"><img decoding=\"async\" width=\"1024\" height=\"375\" data-src=\"https:\/\/josegmartinez.com\/wp-content\/uploads\/2026\/03\/spotify-logo-png-file-spotify-badge-large-png-1280-1-1024x375.png\" alt=\"\" class=\"wp-image-1439 lazyload\" style=\"--smush-placeholder-width: 1024px; --smush-placeholder-aspect-ratio: 1024\/375;aspect-ratio:2.7309548793284364;width:165px;height:auto\" data-srcset=\"https:\/\/josegmartinez.com\/wp-content\/uploads\/2026\/03\/spotify-logo-png-file-spotify-badge-large-png-1280-1-1024x375.png 1024w, https:\/\/josegmartinez.com\/wp-content\/uploads\/2026\/03\/spotify-logo-png-file-spotify-badge-large-png-1280-1-300x110.png 300w, https:\/\/josegmartinez.com\/wp-content\/uploads\/2026\/03\/spotify-logo-png-file-spotify-badge-large-png-1280-1-18x7.png 18w, https:\/\/josegmartinez.com\/wp-content\/uploads\/2026\/03\/spotify-logo-png-file-spotify-badge-large-png-1280-1.png 1280w\" data-sizes=\"(max-width: 767px) 89vw, (max-width: 1000px) 54vw, (max-width: 1071px) 543px, 580px\" src=\"data:image\/gif;base64,R0lGODlhAQABAAAAACH5BAEKAAEALAAAAAABAAEAAAICTAEAOw==\" \/><\/a><\/figure>\n\n\n\n<figure class=\"wp-block-image size-full is-resized\"><a href=\"https:\/\/music.youtube.com\/playlist?list=OLAK5uy_lB1blJHFOJ0jw4aw-cdKD79BanwGjvfJ0\"><img decoding=\"async\" width=\"384\" height=\"131\" data-src=\"https:\/\/josegmartinez.com\/wp-content\/uploads\/2026\/03\/images.png\" alt=\"\" class=\"wp-image-1440 lazyload\" style=\"--smush-placeholder-width: 384px; --smush-placeholder-aspect-ratio: 384\/131;aspect-ratio:2.9315161072313582;width:159px;height:auto\" data-srcset=\"https:\/\/josegmartinez.com\/wp-content\/uploads\/2026\/03\/images.png 384w, https:\/\/josegmartinez.com\/wp-content\/uploads\/2026\/03\/images-300x102.png 300w, https:\/\/josegmartinez.com\/wp-content\/uploads\/2026\/03\/images-18x6.png 18w\" data-sizes=\"(max-width: 384px) 100vw, 384px\" src=\"data:image\/gif;base64,R0lGODlhAQABAAAAACH5BAEKAAEALAAAAAABAAEAAAICTAEAOw==\" \/><\/a><\/figure>\n<\/div>\n<\/div>\n<\/div>\n<\/div>\n<\/div>\n\n\n\n<figure class=\"wp-block-image size-large is-resized\"><a href=\"https:\/\/music.apple.com\/us\/album\/short-stories\/1886163330\"><img decoding=\"async\" width=\"1024\" height=\"576\" data-src=\"https:\/\/josegmartinez.com\/wp-content\/uploads\/2026\/03\/apple_music-update_hero_08242021-1024x576.jpg\" alt=\"\" class=\"wp-image-1442 lazyload\" style=\"--smush-placeholder-width: 1024px; --smush-placeholder-aspect-ratio: 1024\/576;aspect-ratio:1.77797513321492;width:111px;height:auto\" data-srcset=\"https:\/\/josegmartinez.com\/wp-content\/uploads\/2026\/03\/apple_music-update_hero_08242021-1024x576.jpg 1024w, https:\/\/josegmartinez.com\/wp-content\/uploads\/2026\/03\/apple_music-update_hero_08242021-300x169.jpg 300w, https:\/\/josegmartinez.com\/wp-content\/uploads\/2026\/03\/apple_music-update_hero_08242021-18x10.jpg 18w, https:\/\/josegmartinez.com\/wp-content\/uploads\/2026\/03\/apple_music-update_hero_08242021.jpg 1306w\" data-sizes=\"(max-width: 767px) 89vw, (max-width: 1000px) 54vw, (max-width: 1071px) 543px, 580px\" src=\"data:image\/gif;base64,R0lGODlhAQABAAAAACH5BAEKAAEALAAAAAABAAEAAAICTAEAOw==\" \/><\/a><\/figure>\n<\/div>\n<\/div>\n\n\n\n<div class=\"wp-block-group is-nowrap is-layout-flex wp-container-core-group-is-layout-ad2f72ca wp-block-group-is-layout-flex\">\n<ol class=\"wp-block-list\">\n<li>Monologue V: Hidden Story<\/li>\n\n\n\n<li>Me Arrepiento?<\/li>\n\n\n\n<li>Sinsentido del Absurdo<\/li>\n\n\n\n<li>Instructions for Playing (tracks 4-8)<\/li>\n\n\n\n<li>Coalescencia<\/li>\n<\/ol>\n<\/div>\n\n\n\n<p>Track 1 recorded by Elise Etherton at Hungry Dog Sound Studios, Austin, TX<br>Track 2 recorded by Daniel Nissenbaum at Nut Tree Music, New Jersey, NJ<br>Track 3 recorded by Louis NG at Thayer Hall, Colburn School. Los Angeles, CA<br>Tracks 4 &#8211; 8 recorded by Troy Cruz at Experimental Sound Studio, Chicago, IL<br>Track 9 recorded by Jos\u00e9 Mart\u00ednez at Atavismo Studio, Cali, Colombia<\/p>\n\n\n\n<p>All electronics and sound design by Jos\u00e9 Mart\u00ednez<br>Mixed and produced by Jos\u00e9 Mart\u00ednez<br>Mixing assistance by Alex Fulton and Luca Gardani<br>Mastered by Luca Gardani<\/p>\n\n\n\n<p>Liner notes by Jos\u00e9 Mart\u00ednez<br>Design: Marc Wolf (marcjwolf.com)<br>Cover image: Typewriter by Point Normal (Unsplash)<br><a href=\"https:\/\/music.apple.com\/us\/artist\/tukupr%C3%A1\/1860971992\"><\/a><\/p>\n\n\n\n<div data-wp-interactive=\"core\/file\" class=\"wp-block-file\"><object data-wp-bind--hidden=\"!state.hasPdfPreview\" hidden class=\"wp-block-file__embed\" data=\"https:\/\/josegmartinez.com\/wp-content\/uploads\/2026\/03\/fcr469_booklet_itunes_1.2.pdf\" type=\"application\/pdf\" style=\"width:100%;height:600px\" aria-label=\"Incrustado de fcr469_booklet_itunes_1.2.\"><\/object><a id=\"wp-block-file--media-e7bdc920-8f93-4f8f-8800-0d5c6ada8152\" href=\"https:\/\/josegmartinez.com\/wp-content\/uploads\/2026\/03\/fcr469_booklet_itunes_1.2.pdf\">fcr469_booklet_itunes_1.2<\/a><a href=\"https:\/\/josegmartinez.com\/wp-content\/uploads\/2026\/03\/fcr469_booklet_itunes_1.2.pdf\" class=\"wp-block-file__button wp-element-button\" download aria-describedby=\"wp-block-file--media-e7bdc920-8f93-4f8f-8800-0d5c6ada8152\">Download<\/a><\/div>","protected":false},"excerpt":{"rendered":"<p>\/home\/usuarios\/shared\/intuici\u00f3n takes the listener through a sonic path that delves into free and spontaneous creation alongside a premeditated musical discourse. In our journey we use acoustic instruments and the voice interpolated with unexpected sound sources, water and nature, bilingual poetry, paper, the computer as a meta-cultural instrument, and other whims. Bogotana Records. Released December 6, &hellip; <\/p>\n<p class=\"link-more\"><a href=\"https:\/\/josegmartinez.com\/es\/albums-and-recordings\/\" class=\"more-link\">Continuar leyendo<span class=\"screen-reader-text\"> &#8220;Albums\/Recordings&#8221;<\/span><\/a><\/p>","protected":false},"author":1,"featured_media":0,"parent":0,"menu_order":0,"comment_status":"closed","ping_status":"closed","template":"","meta":{"jetpack_post_was_ever_published":false,"footnotes":""},"class_list":["post-1402","page","type-page","status-publish","hentry"],"jetpack_sharing_enabled":true,"jetpack_shortlink":"https:\/\/wp.me\/Pc1NYo-mC","_links":{"self":[{"href":"https:\/\/josegmartinez.com\/es\/wp-json\/wp\/v2\/pages\/1402","targetHints":{"allow":["GET"]}}],"collection":[{"href":"https:\/\/josegmartinez.com\/es\/wp-json\/wp\/v2\/pages"}],"about":[{"href":"https:\/\/josegmartinez.com\/es\/wp-json\/wp\/v2\/types\/page"}],"author":[{"embeddable":true,"href":"https:\/\/josegmartinez.com\/es\/wp-json\/wp\/v2\/users\/1"}],"replies":[{"embeddable":true,"href":"https:\/\/josegmartinez.com\/es\/wp-json\/wp\/v2\/comments?post=1402"}],"version-history":[{"count":11,"href":"https:\/\/josegmartinez.com\/es\/wp-json\/wp\/v2\/pages\/1402\/revisions"}],"predecessor-version":[{"id":1483,"href":"https:\/\/josegmartinez.com\/es\/wp-json\/wp\/v2\/pages\/1402\/revisions\/1483"}],"wp:attachment":[{"href":"https:\/\/josegmartinez.com\/es\/wp-json\/wp\/v2\/media?parent=1402"}],"curies":[{"name":"wp","href":"https:\/\/api.w.org\/{rel}","templated":true}]}}