{"id":1225,"date":"2023-06-30T12:54:48","date_gmt":"2023-06-30T16:54:48","guid":{"rendered":"https:\/\/josegmartinez.com\/?page_id=1225"},"modified":"2023-09-21T23:15:13","modified_gmt":"2023-09-22T03:15:13","slug":"orika-y-los-hipopotamos","status":"publish","type":"page","link":"https:\/\/josegmartinez.com\/es\/music\/orika-y-los-hipopotamos\/","title":{"rendered":"Orika y los Hipop\u00f3tamos (Orika and the Hippos)"},"content":{"rendered":"<p class=\"has-text-align-right\">Radio theater piece in five episodes<\/p>\n\n\n\n<div class=\"wp-block-group\"><div class=\"wp-block-group__inner-container is-layout-flow wp-block-group-is-layout-flow\">\n<p class=\"has-text-align-right\">Directors: Alejandro Gonz\u00e1lez Puche and Ma Zhenghong.&nbsp;<br>Music and sound design: Jos\u00e9 Mart\u00ednez<\/p>\n<\/div><\/div>\n\n\n\n<p>Orika and the Hippos is a radio theater piece to celebrate Benkos Bioj\u00f3&#8217;s fourth centenary. In five episodes, tells the events of the first session of a community council led by Mar\u00eda Loreto, who is promoting the necessary debate among Afro-Colombian communities about the implementation of self-jurisdiction. This session is interrupted by several initiatives such as the implementation of a very particular museum, the inexplicable absence of some members, and the sudden appearance of a Congolese composer.<\/p>\n\n\n\n<p>Through stories and anecdotes, we witness the collection of some pieces for the museum and the remembrance of cases when Afro-Colombian communities implemented ancestral justice. Upon request by the uninvited composer, they evaluate his project for an opera based on the mythical figure of Benkos Bioj\u00f3 &#8211; the founder of the first free town in the Americas. In this process, the council members exalt the figure of Orika, Benko&#8217;s daughter, who according to the legend, was sentenced to death by her own father, who found her guilty of treason as she fell in love with n Spanish military. <\/p>\n\n\n\n<p>This project was a large collaborative effort that involved Colombian students from the <a href=\"https:\/\/escenicas.univalle.edu.co\">Theater Department at Universidad del Valle in Cali and Buenaventura<\/a>, as well as a creative team in Congo, USA, and Bogot\u00e1.<\/p>\n\n\n\n<figure class=\"wp-block-gallery columns-3 is-cropped wp-block-gallery-1 is-layout-flex wp-block-gallery-is-layout-flex\"><ul class=\"blocks-gallery-grid\"><li class=\"blocks-gallery-item\"><figure><img decoding=\"async\" width=\"663\" height=\"1024\" data-src=\"https:\/\/josegmartinez.com\/wp-content\/uploads\/2023\/06\/ORIKA7-1-663x1024.jpg\" alt=\"\" data-id=\"1230\" data-full-url=\"https:\/\/josegmartinez.com\/wp-content\/uploads\/2023\/06\/ORIKA7-1-scaled.jpg\" data-link=\"https:\/\/josegmartinez.com\/?attachment_id=1230\" class=\"wp-image-1230 lazyload\" data-srcset=\"https:\/\/josegmartinez.com\/wp-content\/uploads\/2023\/06\/ORIKA7-1-663x1024.jpg 663w, https:\/\/josegmartinez.com\/wp-content\/uploads\/2023\/06\/ORIKA7-1-194x300.jpg 194w, https:\/\/josegmartinez.com\/wp-content\/uploads\/2023\/06\/ORIKA7-1-994x1536.jpg 994w, https:\/\/josegmartinez.com\/wp-content\/uploads\/2023\/06\/ORIKA7-1-1325x2048.jpg 1325w, https:\/\/josegmartinez.com\/wp-content\/uploads\/2023\/06\/ORIKA7-1-8x12.jpg 8w, https:\/\/josegmartinez.com\/wp-content\/uploads\/2023\/06\/ORIKA7-1-scaled.jpg 1656w\" data-sizes=\"(max-width: 663px) 100vw, 663px\" src=\"data:image\/gif;base64,R0lGODlhAQABAAAAACH5BAEKAAEALAAAAAABAAEAAAICTAEAOw==\" style=\"--smush-placeholder-width: 663px; --smush-placeholder-aspect-ratio: 663\/1024;\" \/><\/figure><\/li><li class=\"blocks-gallery-item\"><figure><img decoding=\"async\" width=\"1024\" height=\"768\" data-src=\"https:\/\/josegmartinez.com\/wp-content\/uploads\/2023\/06\/PHOTO-2021-12-03-19-44-35-2.jpg\" alt=\"\" data-id=\"1231\" data-full-url=\"https:\/\/josegmartinez.com\/wp-content\/uploads\/2023\/06\/PHOTO-2021-12-03-19-44-35-2.jpg\" data-link=\"https:\/\/josegmartinez.com\/?attachment_id=1231\" class=\"wp-image-1231 lazyload\" data-srcset=\"https:\/\/josegmartinez.com\/wp-content\/uploads\/2023\/06\/PHOTO-2021-12-03-19-44-35-2.jpg 1024w, https:\/\/josegmartinez.com\/wp-content\/uploads\/2023\/06\/PHOTO-2021-12-03-19-44-35-2-300x225.jpg 300w, https:\/\/josegmartinez.com\/wp-content\/uploads\/2023\/06\/PHOTO-2021-12-03-19-44-35-2-16x12.jpg 16w\" data-sizes=\"(max-width: 767px) 89vw, (max-width: 1000px) 54vw, (max-width: 1071px) 543px, 580px\" src=\"data:image\/gif;base64,R0lGODlhAQABAAAAACH5BAEKAAEALAAAAAABAAEAAAICTAEAOw==\" style=\"--smush-placeholder-width: 1024px; --smush-placeholder-aspect-ratio: 1024\/768;\" \/><\/figure><\/li><li class=\"blocks-gallery-item\"><figure><img decoding=\"async\" width=\"1024\" height=\"768\" data-src=\"https:\/\/josegmartinez.com\/wp-content\/uploads\/2023\/06\/PHOTO-2021-12-03-19-44-35.jpg\" alt=\"\" data-id=\"1232\" data-full-url=\"https:\/\/josegmartinez.com\/wp-content\/uploads\/2023\/06\/PHOTO-2021-12-03-19-44-35.jpg\" data-link=\"https:\/\/josegmartinez.com\/?attachment_id=1232\" class=\"wp-image-1232 lazyload\" data-srcset=\"https:\/\/josegmartinez.com\/wp-content\/uploads\/2023\/06\/PHOTO-2021-12-03-19-44-35.jpg 1024w, https:\/\/josegmartinez.com\/wp-content\/uploads\/2023\/06\/PHOTO-2021-12-03-19-44-35-300x225.jpg 300w, https:\/\/josegmartinez.com\/wp-content\/uploads\/2023\/06\/PHOTO-2021-12-03-19-44-35-16x12.jpg 16w\" data-sizes=\"(max-width: 767px) 89vw, (max-width: 1000px) 54vw, (max-width: 1071px) 543px, 580px\" src=\"data:image\/gif;base64,R0lGODlhAQABAAAAACH5BAEKAAEALAAAAAABAAEAAAICTAEAOw==\" style=\"--smush-placeholder-width: 1024px; --smush-placeholder-aspect-ratio: 1024\/768;\" \/><\/figure><\/li><li class=\"blocks-gallery-item\"><figure><img decoding=\"async\" width=\"1024\" height=\"768\" data-src=\"https:\/\/josegmartinez.com\/wp-content\/uploads\/2023\/06\/PHOTO-2021-12-03-19-44-36-2.jpg\" alt=\"\" data-id=\"1233\" data-full-url=\"https:\/\/josegmartinez.com\/wp-content\/uploads\/2023\/06\/PHOTO-2021-12-03-19-44-36-2.jpg\" data-link=\"https:\/\/josegmartinez.com\/?attachment_id=1233\" class=\"wp-image-1233 lazyload\" data-srcset=\"https:\/\/josegmartinez.com\/wp-content\/uploads\/2023\/06\/PHOTO-2021-12-03-19-44-36-2.jpg 1024w, https:\/\/josegmartinez.com\/wp-content\/uploads\/2023\/06\/PHOTO-2021-12-03-19-44-36-2-300x225.jpg 300w, https:\/\/josegmartinez.com\/wp-content\/uploads\/2023\/06\/PHOTO-2021-12-03-19-44-36-2-16x12.jpg 16w\" data-sizes=\"(max-width: 767px) 89vw, (max-width: 1000px) 54vw, (max-width: 1071px) 543px, 580px\" src=\"data:image\/gif;base64,R0lGODlhAQABAAAAACH5BAEKAAEALAAAAAABAAEAAAICTAEAOw==\" style=\"--smush-placeholder-width: 1024px; --smush-placeholder-aspect-ratio: 1024\/768;\" \/><\/figure><\/li><li class=\"blocks-gallery-item\"><figure><img decoding=\"async\" width=\"1024\" height=\"768\" data-src=\"https:\/\/josegmartinez.com\/wp-content\/uploads\/2023\/06\/PHOTO-2021-12-03-19-44-36.jpg\" alt=\"\" data-id=\"1234\" data-full-url=\"https:\/\/josegmartinez.com\/wp-content\/uploads\/2023\/06\/PHOTO-2021-12-03-19-44-36.jpg\" data-link=\"https:\/\/josegmartinez.com\/?attachment_id=1234\" class=\"wp-image-1234 lazyload\" data-srcset=\"https:\/\/josegmartinez.com\/wp-content\/uploads\/2023\/06\/PHOTO-2021-12-03-19-44-36.jpg 1024w, https:\/\/josegmartinez.com\/wp-content\/uploads\/2023\/06\/PHOTO-2021-12-03-19-44-36-300x225.jpg 300w, https:\/\/josegmartinez.com\/wp-content\/uploads\/2023\/06\/PHOTO-2021-12-03-19-44-36-16x12.jpg 16w\" data-sizes=\"(max-width: 767px) 89vw, (max-width: 1000px) 54vw, (max-width: 1071px) 543px, 580px\" src=\"data:image\/gif;base64,R0lGODlhAQABAAAAACH5BAEKAAEALAAAAAABAAEAAAICTAEAOw==\" style=\"--smush-placeholder-width: 1024px; --smush-placeholder-aspect-ratio: 1024\/768;\" \/><\/figure><\/li><\/ul><\/figure>\n\n\n\n<p>Recording sessions in Cali, colombia<\/p>","protected":false},"excerpt":{"rendered":"<p>Radio theater piece in five episodes Directors: Alejandro Gonz\u00e1lez Puche and Ma Zhenghong.&nbsp;Music and sound design: Jos\u00e9 Mart\u00ednez Orika and the Hippos is a radio theater piece to celebrate Benkos Bioj\u00f3&#8217;s fourth centenary. In five episodes, tells the events of the first session of a community council led by Mar\u00eda Loreto, who is promoting the &hellip; <\/p>\n<p class=\"link-more\"><a href=\"https:\/\/josegmartinez.com\/es\/music\/orika-y-los-hipopotamos\/\" class=\"more-link\">Continuar leyendo<span class=\"screen-reader-text\"> &#8220;Orika y los Hipop\u00f3tamos (Orika and the Hippos)&#8221;<\/span><\/a><\/p>","protected":false},"author":1,"featured_media":0,"parent":1206,"menu_order":0,"comment_status":"closed","ping_status":"closed","template":"","meta":{"jetpack_post_was_ever_published":false,"footnotes":""},"class_list":["post-1225","page","type-page","status-publish","hentry"],"jetpack_sharing_enabled":true,"jetpack_shortlink":"https:\/\/wp.me\/Pc1NYo-jL","_links":{"self":[{"href":"https:\/\/josegmartinez.com\/es\/wp-json\/wp\/v2\/pages\/1225","targetHints":{"allow":["GET"]}}],"collection":[{"href":"https:\/\/josegmartinez.com\/es\/wp-json\/wp\/v2\/pages"}],"about":[{"href":"https:\/\/josegmartinez.com\/es\/wp-json\/wp\/v2\/types\/page"}],"author":[{"embeddable":true,"href":"https:\/\/josegmartinez.com\/es\/wp-json\/wp\/v2\/users\/1"}],"replies":[{"embeddable":true,"href":"https:\/\/josegmartinez.com\/es\/wp-json\/wp\/v2\/comments?post=1225"}],"version-history":[{"count":9,"href":"https:\/\/josegmartinez.com\/es\/wp-json\/wp\/v2\/pages\/1225\/revisions"}],"predecessor-version":[{"id":1279,"href":"https:\/\/josegmartinez.com\/es\/wp-json\/wp\/v2\/pages\/1225\/revisions\/1279"}],"up":[{"embeddable":true,"href":"https:\/\/josegmartinez.com\/es\/wp-json\/wp\/v2\/pages\/1206"}],"wp:attachment":[{"href":"https:\/\/josegmartinez.com\/es\/wp-json\/wp\/v2\/media?parent=1225"}],"curies":[{"name":"wp","href":"https:\/\/api.w.org\/{rel}","templated":true}]}}