{"id":1041,"date":"2020-11-23T17:08:54","date_gmt":"2020-11-23T22:08:54","guid":{"rendered":"https:\/\/josegmartinez.com\/?page_id=1041"},"modified":"2023-06-30T11:48:24","modified_gmt":"2023-06-30T15:48:24","slug":"malfunction","status":"publish","type":"page","link":"https:\/\/josegmartinez.com\/es\/music\/malfunction\/","title":{"rendered":"Malfunction (Error del sistema)"},"content":{"rendered":"<p class=\"has-text-align-right\">para iPad y computador<\/p>\n\n\n\n<p>Esta pieza se deriva de <a href=\"https:\/\/josegmartinez.com\/es\/music\/instrumentsandelectronics\/elastic-skin\/\" data-type=\"page\" data-id=\"255\">Piel El\u00e1stica<\/a> y es un show en solitario en el cual uso un set m\u00e1s peque\u00f1o que facilita su ejecuci\u00f3n en concierto. Utiliza samples que son dr\u00e1sticamente transformados al igual que otros que se pueden reconocer f\u00e1cilmente e incluso bailar. De nuevo estoy haciendo uso de mi sistema de interpretaci\u00f3n con electr\u00f3nica llamado <a href=\"https:\/\/josegmartinez.com\/es\/ppiiel\/\" data-type=\"page\" data-id=\"1051\">PPIIEL<\/a>, my electronics performance system. <\/p>\n\n\n\n<figure class=\"wp-block-embed is-type-video is-provider-youtube wp-block-embed-youtube wp-embed-aspect-4-3 wp-has-aspect-ratio\"><div class=\"wp-block-embed__wrapper\">\n<span class=\"embed-youtube\" style=\"text-align:center; display: block;\"><iframe class=\"youtube-player lazyload\" width=\"525\" height=\"296\" data-src=\"https:\/\/www.youtube.com\/embed\/8Hg6Bq46w4g?version=3&#038;rel=1&#038;showsearch=0&#038;showinfo=1&#038;iv_load_policy=1&#038;fs=1&#038;hl=es-CO&#038;autohide=2&#038;wmode=transparent\" allowfullscreen=\"true\" style=\"border:0;\" sandbox=\"allow-scripts allow-same-origin allow-popups allow-presentation allow-popups-to-escape-sandbox\" src=\"data:image\/gif;base64,R0lGODlhAQABAAAAACH5BAEKAAEALAAAAAABAAEAAAICTAEAOw==\" data-load-mode=\"1\"><\/iframe><\/span>\n<\/div><\/figure>\n\n\n\n<p><\/p>","protected":false},"excerpt":{"rendered":"<p>for iPad and computer This piece is derived from Elastic Skin and it&#8217;s a solo performance in which I use a smaller setup meant to be simpler for shows. It showcases samples being drastically transformed as well as some being simply put out there to be recognizable and danceable. Here again, I am using PPIIEL, &hellip; <\/p>\n<p class=\"link-more\"><a href=\"https:\/\/josegmartinez.com\/es\/music\/malfunction\/\" class=\"more-link\">Continuar leyendo<span class=\"screen-reader-text\"> &#8220;Malfunction&#8221;<\/span><\/a><\/p>","protected":false},"author":1,"featured_media":0,"parent":1206,"menu_order":0,"comment_status":"closed","ping_status":"closed","template":"","meta":{"footnotes":""},"class_list":["post-1041","page","type-page","status-publish","hentry"],"jetpack_sharing_enabled":true,"jetpack_shortlink":"https:\/\/wp.me\/Pc1NYo-gN","_links":{"self":[{"href":"https:\/\/josegmartinez.com\/es\/wp-json\/wp\/v2\/pages\/1041","targetHints":{"allow":["GET"]}}],"collection":[{"href":"https:\/\/josegmartinez.com\/es\/wp-json\/wp\/v2\/pages"}],"about":[{"href":"https:\/\/josegmartinez.com\/es\/wp-json\/wp\/v2\/types\/page"}],"author":[{"embeddable":true,"href":"https:\/\/josegmartinez.com\/es\/wp-json\/wp\/v2\/users\/1"}],"replies":[{"embeddable":true,"href":"https:\/\/josegmartinez.com\/es\/wp-json\/wp\/v2\/comments?post=1041"}],"version-history":[{"count":9,"href":"https:\/\/josegmartinez.com\/es\/wp-json\/wp\/v2\/pages\/1041\/revisions"}],"predecessor-version":[{"id":1223,"href":"https:\/\/josegmartinez.com\/es\/wp-json\/wp\/v2\/pages\/1041\/revisions\/1223"}],"up":[{"embeddable":true,"href":"https:\/\/josegmartinez.com\/es\/wp-json\/wp\/v2\/pages\/1206"}],"wp:attachment":[{"href":"https:\/\/josegmartinez.com\/es\/wp-json\/wp\/v2\/media?parent=1041"}],"curies":[{"name":"wp","href":"https:\/\/api.w.org\/{rel}","templated":true}]}}